{"id":12461,"date":"2023-11-03T15:46:36","date_gmt":"2023-11-03T18:46:36","guid":{"rendered":"https:\/\/dges-sal.infd.edu.ar\/sitio\/?page_id=12461"},"modified":"2024-09-03T18:49:59","modified_gmt":"2024-09-03T21:49:59","slug":"ies-6034-convocatoria-2023-para-acceso-al-cargo-de-coordinacion-pedagogica","status":"publish","type":"page","link":"https:\/\/dges-sal.infd.edu.ar\/sitio\/ies-6034-convocatoria-2023-para-acceso-al-cargo-de-coordinacion-pedagogica\/","title":{"rendered":"<strong>IES 6034 Convocatoria 2023 para acceso al cargo de Coordinaci\u00f3n Pedag\u00f3gica<\/strong>"},"content":{"rendered":"\n<p><\/p>\n\n\n\n<p>Convocatoria&nbsp;<strong><a href=\"https:\/\/dges-sal.infd.edu.ar\/sitio\/wp-content\/uploads\/2023\/10\/Disp-293-2023-DGES-IES-6034-Coordinador-1ra-convocatoria.pdf\" target=\"_blank\" rel=\"noreferrer noopener\">Disp. N\u00b0 293\/23<\/a><\/strong>&nbsp;cobertura de cargo de&nbsp;<strong>Coordinaci\u00f3n Pedag\u00f3gica&nbsp;de el Instituto de Carreras Superiores N\u00b0 6034 Anexo El Galp\u00f3n del Instituto de Educaci\u00f3n Superior N\u00b0 6021 \u201cJuan Carlos D\u00e1valos\u201d<\/strong><\/p>\n\n\n\n<figure class=\"wp-block-table\"><table><tbody><tr><td><strong>N\u00f3mina de aspirantes inscriptos<\/strong><\/td><td><strong>Nomina definitiva de aspirantes<\/strong><\/td><td><strong>Disposici\u00f3n nuevo tribunal (si correspondiere)<\/strong><\/td><td><strong>Dictamen evaluaci\u00f3n de T\u00edtulos y Antecedentes<\/strong><\/td><td><strong>Fecha de Examen Escrito y Resultados<\/strong><\/td><td><strong>Fecha de Exposici\u00f3n y defensa oral de la propuesta de Gesti\u00f3n y Resultados<\/strong><\/td><td><strong>Disposiciones<\/strong>&nbsp;<strong>DGES<\/strong><\/td><\/tr><tr><td>2da Convocatoria<br>Archivo: <strong><a href=\"https:\/\/dges-sal.infd.edu.ar\/sitio\/wp-content\/uploads\/2024\/08\/Acta-de-cierre-de-inscripcion-6034-coordinador.pdf\" target=\"_blank\" rel=\"noreferrer noopener\">AQU\u00cd<\/a><\/strong><\/td><td>Archivo: <strong>AQU\u00cd<\/strong><\/td><td>Archivo: <strong>AQU\u00cd<\/strong><\/td><td>Archivo: <strong>AQU\u00cd<\/strong><\/td><td>Archivo: <strong>AQU\u00cd<\/strong><br>Resultado: <strong>AQU\u00cd<\/strong><\/td><td><br>Archivo:<strong>AQU\u00cd<\/strong>&nbsp;&nbsp; Resultado:<strong>&nbsp;AQU\u00cd<\/strong><br><\/td><td>Archivo:&nbsp;&nbsp;<strong><a href=\"https:\/\/dges-sal.infd.edu.ar\/sitio\/wp-content\/uploads\/2024\/09\/Disp.-230-24-DGES-IES-6024-Aprobar-procedimiento-concursal-Coordinacion-Pedagogica.pdf\" target=\"_blank\" rel=\"noreferrer noopener\">AQU\u00cd<\/a><\/strong><\/td><\/tr><tr><td>1ra Convocatoria<br>Archivo:&nbsp;&nbsp;<strong><a href=\"https:\/\/dges-sal.infd.edu.ar\/sitio\/wp-content\/uploads\/2023\/11\/Acta-de-Cierre-de-Inscripcion-6034-Coordinador.pdf\" target=\"_blank\" rel=\"noreferrer noopener\">AQU\u00cd<\/a><\/strong><\/td><td>&nbsp; &nbsp; Archivo&nbsp;<strong><a rel=\"noreferrer noopener\" href=\"https:\/\/dges-sal.infd.edu.ar\/sitio\/wp-content\/uploads\/2023\/12\/Disp-399-2023-DGES-IES-6034-Coordinador-Aprobar-nomina-definitiva-de-aspirantes.pdf\" target=\"_blank\">AQU\u00cd<\/a><\/strong><\/td><td><br>&nbsp; Archivo&nbsp;<strong>AQU\u00cd<\/strong><\/td><td>&nbsp;<br>Archivo&nbsp;&nbsp;<strong><a href=\"https:\/\/dges-sal.infd.edu.ar\/sitio\/wp-content\/uploads\/2024\/03\/Acta-CE-cobertura-Coordinador-Ped-IES-6034-16-02-24.pdf\" target=\"_blank\" rel=\"noreferrer noopener\">AQU\u00cd<\/a><\/strong><\/td><td>&nbsp; Archivo&nbsp;<strong>AQU\u00cd<\/strong>&nbsp; Resultado:<strong>&nbsp;AQU\u00cd<\/strong><\/td><td>&nbsp; Archivo&nbsp;<strong>AQU\u00cd<\/strong>&nbsp;&nbsp; Resultado:<strong>&nbsp;AQU\u00cd<\/strong><\/td><td>Archivo&nbsp;&nbsp;<strong>AQU\u00cd<\/strong><\/td><\/tr><\/tbody><\/table><\/figure>\n","protected":false},"excerpt":{"rendered":"<p>Convocatoria&nbsp;Disp. N\u00b0 293\/23&nbsp;cobertura de cargo de&nbsp;Coordinaci\u00f3n Pedag\u00f3gica&nbsp;de el Instituto de Carreras Superiores N\u00b0 6034 Anexo El Galp\u00f3n del Instituto de Educaci\u00f3n Superior N\u00b0 6021 \u201cJuan Carlos D\u00e1valos\u201d N\u00f3mina de aspirantes inscriptos Nomina definitiva de aspirantes Disposici\u00f3n nuevo tribunal (si correspondiere) Dictamen evaluaci\u00f3n de T\u00edtulos y Antecedentes Fecha de Examen Escrito y Resultados Fecha de Exposici\u00f3n &#8230; <a title=\"IES 6034 Convocatoria 2023 para acceso al cargo de Coordinaci\u00f3n Pedag\u00f3gica\" class=\"read-more\" href=\"https:\/\/dges-sal.infd.edu.ar\/sitio\/ies-6034-convocatoria-2023-para-acceso-al-cargo-de-coordinacion-pedagogica\/\" aria-label=\"More on IES 6034 Convocatoria 2023 para acceso al cargo de Coordinaci\u00f3n Pedag\u00f3gica\">[+]<\/a><\/p>\n","protected":false},"author":790,"featured_media":0,"parent":0,"menu_order":0,"comment_status":"closed","ping_status":"closed","template":"","meta":[],"acf":[],"_links":{"self":[{"href":"https:\/\/dges-sal.infd.edu.ar\/sitio\/wp-json\/wp\/v2\/pages\/12461"}],"collection":[{"href":"https:\/\/dges-sal.infd.edu.ar\/sitio\/wp-json\/wp\/v2\/pages"}],"about":[{"href":"https:\/\/dges-sal.infd.edu.ar\/sitio\/wp-json\/wp\/v2\/types\/page"}],"author":[{"embeddable":true,"href":"https:\/\/dges-sal.infd.edu.ar\/sitio\/wp-json\/wp\/v2\/users\/790"}],"replies":[{"embeddable":true,"href":"https:\/\/dges-sal.infd.edu.ar\/sitio\/wp-json\/wp\/v2\/comments?post=12461"}],"version-history":[{"count":8,"href":"https:\/\/dges-sal.infd.edu.ar\/sitio\/wp-json\/wp\/v2\/pages\/12461\/revisions"}],"predecessor-version":[{"id":14242,"href":"https:\/\/dges-sal.infd.edu.ar\/sitio\/wp-json\/wp\/v2\/pages\/12461\/revisions\/14242"}],"wp:attachment":[{"href":"https:\/\/dges-sal.infd.edu.ar\/sitio\/wp-json\/wp\/v2\/media?parent=12461"}],"curies":[{"name":"wp","href":"https:\/\/api.w.org\/{rel}","templated":true}]}}