{"id":12433,"date":"2023-10-29T12:40:34","date_gmt":"2023-10-29T15:40:34","guid":{"rendered":"https:\/\/dges-sal.infd.edu.ar\/sitio\/?page_id=12433"},"modified":"2023-10-29T12:40:36","modified_gmt":"2023-10-29T15:40:36","slug":"12433-2","status":"publish","type":"page","link":"https:\/\/dges-sal.infd.edu.ar\/sitio\/12433-2\/","title":{"rendered":""},"content":{"rendered":"\n<div class=\"wp-duotone-unset-1 wp-block-cover alignfull is-light has-parallax has-small-font-size\" style=\"min-height:218px\"><span aria-hidden=\"true\" class=\"wp-block-cover__background has-background-dim-0 has-background-dim\"><\/span><div role=\"img\" class=\"wp-block-cover__image-background wp-image-8955 has-parallax\" style=\"background-position:50% 50%;background-image:url(https:\/\/dges-sal.infd.edu.ar\/sitio\/wp-content\/uploads\/2023\/03\/Recurso-24-2.png)\"><\/div><div class=\"wp-block-cover__inner-container\">\n<h1 class=\"has-text-align-center wp-block-heading has-contrast-color has-text-color has-small-font-size\" style=\"font-style:normal;font-weight:100\">         <img decoding=\"async\" loading=\"lazy\" width=\"565\" height=\"315\" class=\"wp-image-8971\" style=\"width: 300px;\" src=\"https:\/\/dges-sal.infd.edu.ar\/sitio\/wp-content\/uploads\/2023\/03\/Recurso-28.png\" alt=\"\"><\/h1>\n<\/div><\/div>\n\n\n\n<hr class=\"wp-block-separator aligncenter has-text-color has-contrast-2-color has-alpha-channel-opacity has-contrast-2-background-color has-background is-style-default\"\/>\n\n\n\n<h1 class=\"alignwide has-text-align-center has-medium-font-size wp-block-heading\" style=\"letter-spacing:10px;text-transform:uppercase\">Producciones Jurisdiccionales<\/h1>\n\n\n\n<div class=\"wp-block-columns alignfull is-layout-flex wp-container-6\">\n<div class=\"wp-block-column is-layout-flow\" style=\"flex-basis:50px\"><\/div>\n\n\n\n<div class=\"wp-block-column is-layout-flow\" style=\"flex-basis:500px\"><div class=\"wp-block-image\">\n<figure class=\"aligncenter size-full is-resized\"><a href=\"https:\/\/dges-sal.infd.edu.ar\/sitio\/wp-content\/uploads\/2020\/03\/INICIO-DE-LA-TRAYECTORIA-EN-EL-NIVEL-SUPERIOR-1.pdf\" target=\"_blank\" rel=\"noreferrer noopener\"><img decoding=\"async\" loading=\"lazy\" src=\"https:\/\/dges-sal.infd.edu.ar\/sitio\/wp-content\/uploads\/2023\/10\/Orange-and-Blue-Freeform-Health-Flyer-1-707x1000-1.jpg\" alt=\"\" class=\"wp-image-12434\" width=\"277\" height=\"391\"\/><\/a><\/figure><\/div><\/div>\n\n\n\n<div class=\"wp-block-column is-layout-flow\">\n<p style=\"text-align: justify;\"><span style=\"font-weight: 400;\">Con la intenci\u00f3n de contribuir con j\u00f3venes y adultos en su tr\u00e1nsito por esta nueva etapa de formaci\u00f3n en el nivel superior y de acompa\u00f1arlos en sus primeros aprendizajes como estudiantes de grado, el Curso de Ingreso Virtual se presenta como una posibilidad y oportunidad para pensar diferentes aspectos que colaboren en el pasaje de la educaci\u00f3n media a la educaci\u00f3n superior.<\/span><\/p>\n<p style=\"text-align: left;\"><strong>Equipo Editorial: Prof. Marta Pastrana &#8211; Prof. Gabriela Barrionuevo &#8211; Prof. Sandra Vazquez<\/strong><\/p>\n<p><strong>Dise\u00f1o gr\u00e1fico de m\u00f3dulos: Prof. Sandra Vazquez<\/strong><\/p>\n<p><strong>Dise\u00f1o de dibujos: Araceli Galv\u00e1n<\/strong><\/p>\n<\/div>\n\n\n\n<div class=\"wp-block-column is-layout-flow\" style=\"flex-basis:50px\"><\/div>\n<\/div>\n\n\n\n<div class=\"wp-block-buttons is-content-justification-center is-layout-flex wp-container-7\">\n<div class=\"wp-block-button\"><a class=\"wp-block-button__link has-background wp-element-button\" href=\"https:\/\/dges-sal.infd.edu.ar\/sitio\/wp-content\/uploads\/2020\/03\/INICIO-DE-LA-TRAYECTORIA-EN-EL-NIVEL-SUPERIOR-1.pdf\" style=\"background-color:#489424\" target=\"_blank\" rel=\"noreferrer noopener\">Descagar PDF<\/a><\/div>\n<\/div>\n","protected":false},"excerpt":{"rendered":"<p>Producciones Jurisdiccionales Con la intenci\u00f3n de contribuir con j\u00f3venes y adultos en su tr\u00e1nsito por esta nueva etapa de formaci\u00f3n en el nivel superior y de acompa\u00f1arlos en sus primeros aprendizajes como estudiantes de grado, el Curso de Ingreso Virtual se presenta como una posibilidad y oportunidad para pensar diferentes aspectos que colaboren en el &#8230; <a title=\"\" class=\"read-more\" href=\"https:\/\/dges-sal.infd.edu.ar\/sitio\/12433-2\/\" aria-label=\"More on \">[+]<\/a><\/p>\n","protected":false},"author":9605,"featured_media":0,"parent":0,"menu_order":0,"comment_status":"closed","ping_status":"closed","template":"","meta":[],"acf":[],"_links":{"self":[{"href":"https:\/\/dges-sal.infd.edu.ar\/sitio\/wp-json\/wp\/v2\/pages\/12433"}],"collection":[{"href":"https:\/\/dges-sal.infd.edu.ar\/sitio\/wp-json\/wp\/v2\/pages"}],"about":[{"href":"https:\/\/dges-sal.infd.edu.ar\/sitio\/wp-json\/wp\/v2\/types\/page"}],"author":[{"embeddable":true,"href":"https:\/\/dges-sal.infd.edu.ar\/sitio\/wp-json\/wp\/v2\/users\/9605"}],"replies":[{"embeddable":true,"href":"https:\/\/dges-sal.infd.edu.ar\/sitio\/wp-json\/wp\/v2\/comments?post=12433"}],"version-history":[{"count":1,"href":"https:\/\/dges-sal.infd.edu.ar\/sitio\/wp-json\/wp\/v2\/pages\/12433\/revisions"}],"predecessor-version":[{"id":12435,"href":"https:\/\/dges-sal.infd.edu.ar\/sitio\/wp-json\/wp\/v2\/pages\/12433\/revisions\/12435"}],"wp:attachment":[{"href":"https:\/\/dges-sal.infd.edu.ar\/sitio\/wp-json\/wp\/v2\/media?parent=12433"}],"curies":[{"name":"wp","href":"https:\/\/api.w.org\/{rel}","templated":true}]}}