{"id":12424,"date":"2023-10-29T12:25:16","date_gmt":"2023-10-29T15:25:16","guid":{"rendered":"https:\/\/dges-sal.infd.edu.ar\/sitio\/?page_id=12424"},"modified":"2023-10-29T12:29:48","modified_gmt":"2023-10-29T15:29:48","slug":"12424-2","status":"publish","type":"page","link":"https:\/\/dges-sal.infd.edu.ar\/sitio\/12424-2\/","title":{"rendered":"Gu\u00eda Estudiante"},"content":{"rendered":"\n<div class=\"wp-duotone-unset-1 wp-block-cover alignfull is-light has-parallax has-small-font-size\" style=\"min-height:218px\"><span aria-hidden=\"true\" class=\"wp-block-cover__background has-background-dim-0 has-background-dim\"><\/span><div role=\"img\" class=\"wp-block-cover__image-background wp-image-8955 has-parallax\" style=\"background-position:50% 50%;background-image:url(https:\/\/dges-sal.infd.edu.ar\/sitio\/wp-content\/uploads\/2023\/03\/Recurso-24-2.png)\"><\/div><div class=\"wp-block-cover__inner-container\">\n<h1 class=\"has-text-align-center wp-block-heading has-contrast-color has-text-color has-small-font-size\" style=\"font-style:normal;font-weight:100\">         <img decoding=\"async\" loading=\"lazy\" width=\"565\" height=\"315\" class=\"wp-image-8971\" style=\"width: 300px;\" src=\"https:\/\/dges-sal.infd.edu.ar\/sitio\/wp-content\/uploads\/2023\/03\/Recurso-28.png\" alt=\"\"><\/h1>\n<\/div><\/div>\n\n\n\n<hr class=\"wp-block-separator aligncenter has-text-color has-contrast-2-color has-alpha-channel-opacity has-contrast-2-background-color has-background is-style-default\"\/>\n\n\n\n<h1 class=\"alignwide has-text-align-center has-medium-font-size wp-block-heading\" style=\"letter-spacing:10px;text-transform:uppercase\">Producciones Jurisdiccionales<\/h1>\n\n\n\n<div class=\"wp-block-columns alignfull is-layout-flex wp-container-6\">\n<div class=\"wp-block-column is-layout-flow\" style=\"flex-basis:50px\"><\/div>\n\n\n\n<div class=\"wp-block-column is-layout-flow\" style=\"flex-basis:500px\"><div class=\"wp-block-image\">\n<figure class=\"aligncenter size-full is-resized\"><a href=\"https:\/\/dges-sal.infd.edu.ar\/sitio\/wp-content\/uploads\/2019\/11\/Guia-del-estudiante-2020.pdf\" target=\"_blank\" rel=\"noreferrer noopener\"><img decoding=\"async\" loading=\"lazy\" src=\"https:\/\/dges-sal.infd.edu.ar\/sitio\/wp-content\/uploads\/2023\/10\/Tapa-Guia-del-Estudiante.png\" alt=\"\" class=\"wp-image-12425\" width=\"410\" height=\"582\"\/><\/a><\/figure><\/div><\/div>\n\n\n\n<div class=\"wp-block-column is-layout-flow\">\n<p style=\"text-align: justify;\"><span style=\"font-weight: 400;\">Prepararse para ser docente, y luego ejercer la docencia, no es un proceso sencillo, ya que el rol est\u00e1 relacionado con la orientaci\u00f3n de las nuevas generaciones en los procesos de aprendizaje; y de asimilaci\u00f3n de la cultura, para ello se necesita contar con un capital cultural importante, relacionado tanto a los sujetos que aprenden, como a la misma cultura universal. No se puede ense\u00f1ar lo que no se sabe, y de nada sirve saber, si no lo puedo ense\u00f1ar. Elegir la docencia, implica asumir el compromiso <\/span><span style=\"font-weight: 400;\">de formarse a tales efectos.<\/span><\/p>\n<p style=\"text-align: justify;\"><span style=\"font-weight: 400;\">Por su parte, elegir una carrera t\u00e9cnica superior implica, querer aprender un saber hacer, la finalidad de las tecnicaturas es desarrollar capacidades relacionadas a la especializaci\u00f3n de un oficio o profesi\u00f3n requerida por sectores productivos. Su \u00e1mbito laboral es la empresa, en relaci\u00f3n de dependencia o como parte de un emprendimiento. En un contexto donde el mercado laboral es muy vol\u00e1til es necesario adquirir elementos de emprendedurismo.<\/span><\/p>\n<p style=\"text-align: justify;\"><span style=\"font-weight: 400;\">El material que hoy ponemos a disposici\u00f3n es para quienes aspiran a carreras del Nivel superior fuera del \u00e1mbito universitario. En el mismo encontrar\u00e1s datos de car\u00e1cter informativo, como tambi\u00e9n orientaciones sobre comprensi\u00f3n de textos que te permitan iniciar el proceso de desarrollo de algunas competencias propias del Nivel.<\/span><\/p>\n<p style=\"text-align: left;\"><strong>Equipo Editorial: Prof. Marta Pastrana &#8211; Prof. Gabriela Barrionuevo<\/strong><\/p>\n<p><strong>Dise\u00f1o: Sandra Vazquez<\/strong><\/p>\n<p><strong>Dise\u00f1o de dibujos: Araceli Galv\u00e1n<\/strong><\/p>\n<\/div>\n\n\n\n<div class=\"wp-block-column is-layout-flow\" style=\"flex-basis:50px\"><\/div>\n<\/div>\n\n\n\n<div class=\"wp-block-buttons is-content-justification-center is-layout-flex wp-container-7\">\n<div class=\"wp-block-button\"><a class=\"wp-block-button__link has-background wp-element-button\" href=\"https:\/\/dges-sal.infd.edu.ar\/sitio\/wp-content\/uploads\/2019\/11\/Guia-del-estudiante-2020.pdf\" style=\"background-color:#489424\" target=\"_blank\" rel=\"noreferrer noopener\">Descagar PDF<\/a><\/div>\n<\/div>\n","protected":false},"excerpt":{"rendered":"<p>Producciones Jurisdiccionales Prepararse para ser docente, y luego ejercer la docencia, no es un proceso sencillo, ya que el rol est\u00e1 relacionado con la orientaci\u00f3n de las nuevas generaciones en los procesos de aprendizaje; y de asimilaci\u00f3n de la cultura, para ello se necesita contar con un capital cultural importante, relacionado tanto a los sujetos &#8230; <a title=\"Gu\u00eda Estudiante\" class=\"read-more\" href=\"https:\/\/dges-sal.infd.edu.ar\/sitio\/12424-2\/\" aria-label=\"More on Gu\u00eda Estudiante\">[+]<\/a><\/p>\n","protected":false},"author":9605,"featured_media":0,"parent":0,"menu_order":0,"comment_status":"closed","ping_status":"closed","template":"","meta":[],"acf":[],"_links":{"self":[{"href":"https:\/\/dges-sal.infd.edu.ar\/sitio\/wp-json\/wp\/v2\/pages\/12424"}],"collection":[{"href":"https:\/\/dges-sal.infd.edu.ar\/sitio\/wp-json\/wp\/v2\/pages"}],"about":[{"href":"https:\/\/dges-sal.infd.edu.ar\/sitio\/wp-json\/wp\/v2\/types\/page"}],"author":[{"embeddable":true,"href":"https:\/\/dges-sal.infd.edu.ar\/sitio\/wp-json\/wp\/v2\/users\/9605"}],"replies":[{"embeddable":true,"href":"https:\/\/dges-sal.infd.edu.ar\/sitio\/wp-json\/wp\/v2\/comments?post=12424"}],"version-history":[{"count":3,"href":"https:\/\/dges-sal.infd.edu.ar\/sitio\/wp-json\/wp\/v2\/pages\/12424\/revisions"}],"predecessor-version":[{"id":12431,"href":"https:\/\/dges-sal.infd.edu.ar\/sitio\/wp-json\/wp\/v2\/pages\/12424\/revisions\/12431"}],"wp:attachment":[{"href":"https:\/\/dges-sal.infd.edu.ar\/sitio\/wp-json\/wp\/v2\/media?parent=12424"}],"curies":[{"name":"wp","href":"https:\/\/api.w.org\/{rel}","templated":true}]}}