{"id":12334,"date":"2023-10-09T17:33:23","date_gmt":"2023-10-09T20:33:23","guid":{"rendered":"https:\/\/dges-sal.infd.edu.ar\/sitio\/?page_id=12334"},"modified":"2024-04-24T13:59:15","modified_gmt":"2024-04-24T16:59:15","slug":"ies-6024-01-anexo-rio-piedras-convocatoria-2023-para-acceso-al-cargo-de-coordinacion-pedagogica","status":"publish","type":"page","link":"https:\/\/dges-sal.infd.edu.ar\/sitio\/ies-6024-01-anexo-rio-piedras-convocatoria-2023-para-acceso-al-cargo-de-coordinacion-pedagogica\/","title":{"rendered":"IES 6024\/01 Anexo R\u00edo Piedras Convocatoria 2023 para acceso al cargo de Coordinaci\u00f3n Pedag\u00f3gica"},"content":{"rendered":"\n<p>Convocatoria&nbsp;<strong><a href=\"https:\/\/dges-sal.infd.edu.ar\/sitio\/wp-content\/uploads\/2023\/09\/Disp-257-2023-DGES-IES-6024-01-Coordinador-1ra-convocatoria-nuevo-llamado.pdf\">Disp. 257\/23&nbsp;<\/a><\/strong>cobertura de cargo de&nbsp;<strong>Coordinaci\u00f3n Pedag\u00f3gica&nbsp;del Anexo R\u00edo Piedras del Instituto de Educaci\u00f3n N\u00b0 6024 \u201cEscuela Normal Superior &#8211; Rep\u00fablica de Colombia\u201d<\/strong><\/p>\n\n\n\n<figure class=\"wp-block-table\"><table><tbody><tr><td><strong>N\u00f3mina de aspirantes inscriptos<\/strong><\/td><td><strong>Nomina definitiva de aspirantes<\/strong><\/td><td><strong>Disposici\u00f3n nuevo tribunal (si correspondiere)<\/strong><\/td><td><strong>Dictamen evaluaci\u00f3n de T\u00edtulos y Antecedentes<\/strong><\/td><td><strong>Fecha de Examen Escrito y Resultados<\/strong><\/td><td><strong>Fecha de Exposici\u00f3n y defensa oral de la propuesta de Gesti\u00f3n y Resultados<\/strong><\/td><td><strong>Disposiciones<\/strong>&nbsp;<strong>DGES<\/strong><\/td><\/tr><tr><td>2da Convocatoria<br>Archivo: <a rel=\"noreferrer noopener\" href=\"https:\/\/dges-sal.infd.edu.ar\/sitio\/wp-content\/uploads\/2023\/11\/Acta-de-Cierre-de-Inscripcion-6024-01-Coordinador.pdf\" target=\"_blank\"><strong>AQU\u00cd<\/strong><\/a><\/td><td>Archivo&nbsp;<strong><a href=\"https:\/\/dges-sal.infd.edu.ar\/sitio\/wp-content\/uploads\/2023\/12\/Disp-402-2023-DGES-IES-6024-01-Coordinador-Aprobar-nomina-definitiva-de-aspirantes.pdf\" target=\"_blank\" rel=\"noreferrer noopener\">AQU\u00cd<\/a><\/strong><\/td><td>Archivo&nbsp;<strong>AQU\u00cd<\/strong><\/td><td>Archivo&nbsp;<strong><a href=\"https:\/\/dges-sal.infd.edu.ar\/sitio\/wp-content\/uploads\/2024\/03\/Acta-CE-cobertura-Coordinador-Ped-IES-6024-01-Rio-Piedras-16-02-24.pdf\" target=\"_blank\" rel=\"noreferrer noopener\">AQU\u00cd<\/a><\/strong><\/td><td>Archivo&nbsp;<a href=\"https:\/\/dges-sal.infd.edu.ar\/sitio\/wp-content\/uploads\/2024\/04\/ACTA-COMISION-EVALUADORA-COORDINADOR-IES-6024-ANEXO-2024-a.pdf\" target=\"_blank\" rel=\"noreferrer noopener\"><strong>AQU\u00cd<\/strong>&nbsp; <\/a>Resultado:<strong>&nbsp;AQU\u00cd<\/strong><\/td><td>Archivo\u00a0<a href=\"https:\/\/dges-sal.infd.edu.ar\/sitio\/wp-content\/uploads\/2024\/04\/6024-rio-piedras-coordinador-pedagogico-fecha-de-exposicion-oral.jpg\" target=\"_blank\" rel=\"noreferrer noopener\"><strong>AQU\u00cd<\/strong>\u00a0<\/a> Resultado:<strong>\u00a0AQU\u00cd<\/strong><\/td><td>Archivo&nbsp;&nbsp;<strong>AQU\u00cd<\/strong><\/td><\/tr><tr><td>1ra Convocatoria<br>Archivo:&nbsp;&nbsp;<strong><a href=\"https:\/\/dges-sal.infd.edu.ar\/sitio\/wp-content\/uploads\/2023\/10\/Acta-de-cierre-de-inscripcion-1ra-convocatoria-coordinador-IES-6024-rio-piedras.pdf\">AQU\u00cd<\/a><\/strong><\/td><td>&nbsp; &nbsp; Archivo&nbsp;<strong>AQU\u00cd<\/strong><\/td><td>&nbsp; Archivo&nbsp;<strong>AQU\u00cd<\/strong><\/td><td>&nbsp; Archivo&nbsp;&nbsp;<strong>AQU\u00cd<\/strong><\/td><td>&nbsp; Archivo&nbsp;<strong>AQU\u00cd<\/strong>&nbsp; Resultado:<strong>&nbsp;AQU\u00cd<\/strong><\/td><td>&nbsp; Archivo&nbsp;<strong>AQU\u00cd<\/strong>&nbsp;&nbsp; Resultado:<strong>&nbsp;AQU\u00cd<\/strong><\/td><td>Archivo&nbsp;&nbsp;<strong>AQU\u00cd<\/strong><\/td><\/tr><\/tbody><\/table><\/figure>\n","protected":false},"excerpt":{"rendered":"<p>Convocatoria&nbsp;Disp. 257\/23&nbsp;cobertura de cargo de&nbsp;Coordinaci\u00f3n Pedag\u00f3gica&nbsp;del Anexo R\u00edo Piedras del Instituto de Educaci\u00f3n N\u00b0 6024 \u201cEscuela Normal Superior &#8211; Rep\u00fablica de Colombia\u201d N\u00f3mina de aspirantes inscriptos Nomina definitiva de aspirantes Disposici\u00f3n nuevo tribunal (si correspondiere) Dictamen evaluaci\u00f3n de T\u00edtulos y Antecedentes Fecha de Examen Escrito y Resultados Fecha de Exposici\u00f3n y defensa oral de la &#8230; <a title=\"IES 6024\/01 Anexo R\u00edo Piedras Convocatoria 2023 para acceso al cargo de Coordinaci\u00f3n Pedag\u00f3gica\" class=\"read-more\" href=\"https:\/\/dges-sal.infd.edu.ar\/sitio\/ies-6024-01-anexo-rio-piedras-convocatoria-2023-para-acceso-al-cargo-de-coordinacion-pedagogica\/\" aria-label=\"More on IES 6024\/01 Anexo R\u00edo Piedras Convocatoria 2023 para acceso al cargo de Coordinaci\u00f3n Pedag\u00f3gica\">[+]<\/a><\/p>\n","protected":false},"author":790,"featured_media":0,"parent":0,"menu_order":0,"comment_status":"closed","ping_status":"closed","template":"","meta":[],"acf":[],"_links":{"self":[{"href":"https:\/\/dges-sal.infd.edu.ar\/sitio\/wp-json\/wp\/v2\/pages\/12334"}],"collection":[{"href":"https:\/\/dges-sal.infd.edu.ar\/sitio\/wp-json\/wp\/v2\/pages"}],"about":[{"href":"https:\/\/dges-sal.infd.edu.ar\/sitio\/wp-json\/wp\/v2\/types\/page"}],"author":[{"embeddable":true,"href":"https:\/\/dges-sal.infd.edu.ar\/sitio\/wp-json\/wp\/v2\/users\/790"}],"replies":[{"embeddable":true,"href":"https:\/\/dges-sal.infd.edu.ar\/sitio\/wp-json\/wp\/v2\/comments?post=12334"}],"version-history":[{"count":9,"href":"https:\/\/dges-sal.infd.edu.ar\/sitio\/wp-json\/wp\/v2\/pages\/12334\/revisions"}],"predecessor-version":[{"id":12850,"href":"https:\/\/dges-sal.infd.edu.ar\/sitio\/wp-json\/wp\/v2\/pages\/12334\/revisions\/12850"}],"wp:attachment":[{"href":"https:\/\/dges-sal.infd.edu.ar\/sitio\/wp-json\/wp\/v2\/media?parent=12334"}],"curies":[{"name":"wp","href":"https:\/\/api.w.org\/{rel}","templated":true}]}}