{"id":12317,"date":"2023-10-09T16:20:20","date_gmt":"2023-10-09T19:20:20","guid":{"rendered":"https:\/\/dges-sal.infd.edu.ar\/sitio\/?page_id=12317"},"modified":"2024-01-02T09:50:37","modified_gmt":"2024-01-02T12:50:37","slug":"ies-6028-01-anexo-campo-quijano-convocatoria-2023-para-acceso-al-cargo-de-coordinacion-pedagogica","status":"publish","type":"page","link":"https:\/\/dges-sal.infd.edu.ar\/sitio\/ies-6028-01-anexo-campo-quijano-convocatoria-2023-para-acceso-al-cargo-de-coordinacion-pedagogica\/","title":{"rendered":"<strong>IES 6028\/01 Anexo Campo Quijano Convocatoria 2023 para acceso al cargo de Coordinaci\u00f3n Pedag\u00f3gica<\/strong>"},"content":{"rendered":"\n<p>Convocatoria&nbsp;<a href=\"https:\/\/dges-sal.infd.edu.ar\/sitio\/wp-content\/uploads\/2023\/09\/Disp-258-2023-DGES-IES-6028-anexo-Campo-Quijano-Coordinador-1ra-convocatoria.pdf\">Disp. 258\/23&nbsp;<\/a>cobertura de cargo de&nbsp;<strong>Coordinaci\u00f3n Pedag\u00f3gica&nbsp;del Anexo Campo Quijano del Instituto Superior de Formaci\u00f3n Docente N\u00b0 6028<\/strong><\/p>\n\n\n\n<figure class=\"wp-block-table\"><table><tbody><tr><td><strong>N\u00f3mina de aspirantes inscriptos<\/strong><\/td><td><strong>Nomina definitiva de aspirantes<\/strong><\/td><td><strong>Disposici\u00f3n nuevo tribunal (si correspondiere)<\/strong><\/td><td><strong>Dictamen evaluaci\u00f3n de T\u00edtulos y Antecedentes<\/strong><\/td><td><strong>Fecha de Examen Escrito y Resultados<\/strong><\/td><td><strong>Fecha de Exposici\u00f3n y defensa oral de la propuesta de Gesti\u00f3n y Resultados<\/strong><\/td><td><strong>Disposiciones<\/strong>&nbsp;<strong>DGES<\/strong><\/td><\/tr><tr><td>2da Convocatoria Archivo: <a rel=\"noreferrer noopener\" href=\"https:\/\/dges-sal.infd.edu.ar\/sitio\/wp-content\/uploads\/2023\/11\/Acta-de-Cierre-de-Inscripcion-6028-01-Coordinador.pdf\" target=\"_blank\"><strong>AQU\u00cd<\/strong><\/a><\/td><td>Archivo&nbsp;<strong><a href=\"https:\/\/dges-sal.infd.edu.ar\/sitio\/wp-content\/uploads\/2023\/12\/Disp-401-2023-DGES-IES-6028-01-Coordinador-Aprobar-nomina-definitiva-de-aspirantes.pdf\" target=\"_blank\" rel=\"noreferrer noopener\">AQU\u00cd<\/a><\/strong><\/td><td>Archivo&nbsp;<strong>AQU\u00cd<\/strong><\/td><td>Archivo\u00a0<strong><a href=\"https:\/\/dges-sal.infd.edu.ar\/sitio\/wp-content\/uploads\/2024\/01\/Acta-Comision-Evaluadora-6028-01-Titulacion-y-Antecedentes.pdf\" target=\"_blank\" rel=\"noreferrer noopener\">AQU\u00cd<\/a><\/strong><\/td><td>Archivo&nbsp;<strong>AQU\u00cd<\/strong><br>Resultado:<strong>&nbsp;AQU\u00cd<\/strong><\/td><td>Archivo&nbsp;<strong>AQU\u00cd<\/strong><br>Resultado:<strong>&nbsp;AQU\u00cd<\/strong><\/td><td>Archivo&nbsp;&nbsp;<strong>AQU\u00cd<\/strong><\/td><\/tr><tr><td>1ra Convocatoria<br>Archivo:&nbsp;&nbsp;<strong><a href=\"https:\/\/dges-sal.infd.edu.ar\/sitio\/wp-content\/uploads\/2023\/10\/Acta-de-cierre-de-inscripcion-1ra-convocatoria-coordinador-IES-6028-campo-quijano.pdf\">AQU\u00cd<\/a><\/strong><\/td><td>&nbsp; &nbsp; Archivo&nbsp;<strong>AQU\u00cd<\/strong><\/td><td>&nbsp; Archivo&nbsp;<strong>AQU\u00cd<\/strong><\/td><td>&nbsp; Archivo&nbsp;&nbsp;<strong>AQU\u00cd<\/strong><\/td><td>&nbsp; Archivo&nbsp;<strong>AQU\u00cd<\/strong>&nbsp; Resultado:<strong>&nbsp;AQU\u00cd<\/strong><\/td><td>&nbsp; Archivo&nbsp;<strong>AQU\u00cd<\/strong>&nbsp;&nbsp; Resultado:<strong>&nbsp;AQU\u00cd<\/strong><\/td><td>Archivo&nbsp;&nbsp;<strong>AQU\u00cd<\/strong><\/td><\/tr><\/tbody><\/table><\/figure>\n","protected":false},"excerpt":{"rendered":"<p>Convocatoria&nbsp;Disp. 258\/23&nbsp;cobertura de cargo de&nbsp;Coordinaci\u00f3n Pedag\u00f3gica&nbsp;del Anexo Campo Quijano del Instituto Superior de Formaci\u00f3n Docente N\u00b0 6028 N\u00f3mina de aspirantes inscriptos Nomina definitiva de aspirantes Disposici\u00f3n nuevo tribunal (si correspondiere) Dictamen evaluaci\u00f3n de T\u00edtulos y Antecedentes Fecha de Examen Escrito y Resultados Fecha de Exposici\u00f3n y defensa oral de la propuesta de Gesti\u00f3n y Resultados &#8230; <a title=\"IES 6028\/01 Anexo Campo Quijano Convocatoria 2023 para acceso al cargo de Coordinaci\u00f3n Pedag\u00f3gica\" class=\"read-more\" href=\"https:\/\/dges-sal.infd.edu.ar\/sitio\/ies-6028-01-anexo-campo-quijano-convocatoria-2023-para-acceso-al-cargo-de-coordinacion-pedagogica\/\" aria-label=\"More on IES 6028\/01 Anexo Campo Quijano Convocatoria 2023 para acceso al cargo de Coordinaci\u00f3n Pedag\u00f3gica\">[+]<\/a><\/p>\n","protected":false},"author":790,"featured_media":0,"parent":0,"menu_order":0,"comment_status":"closed","ping_status":"closed","template":"","meta":[],"acf":[],"_links":{"self":[{"href":"https:\/\/dges-sal.infd.edu.ar\/sitio\/wp-json\/wp\/v2\/pages\/12317"}],"collection":[{"href":"https:\/\/dges-sal.infd.edu.ar\/sitio\/wp-json\/wp\/v2\/pages"}],"about":[{"href":"https:\/\/dges-sal.infd.edu.ar\/sitio\/wp-json\/wp\/v2\/types\/page"}],"author":[{"embeddable":true,"href":"https:\/\/dges-sal.infd.edu.ar\/sitio\/wp-json\/wp\/v2\/users\/790"}],"replies":[{"embeddable":true,"href":"https:\/\/dges-sal.infd.edu.ar\/sitio\/wp-json\/wp\/v2\/comments?post=12317"}],"version-history":[{"count":6,"href":"https:\/\/dges-sal.infd.edu.ar\/sitio\/wp-json\/wp\/v2\/pages\/12317\/revisions"}],"predecessor-version":[{"id":12700,"href":"https:\/\/dges-sal.infd.edu.ar\/sitio\/wp-json\/wp\/v2\/pages\/12317\/revisions\/12700"}],"wp:attachment":[{"href":"https:\/\/dges-sal.infd.edu.ar\/sitio\/wp-json\/wp\/v2\/media?parent=12317"}],"curies":[{"name":"wp","href":"https:\/\/api.w.org\/{rel}","templated":true}]}}