{"id":12021,"date":"2023-08-23T15:34:54","date_gmt":"2023-08-23T18:34:54","guid":{"rendered":"https:\/\/dges-sal.infd.edu.ar\/sitio\/?page_id=12021"},"modified":"2023-12-05T15:03:33","modified_gmt":"2023-12-05T18:03:33","slug":"ies-6036-01-convocatoria-2023-para-acceso-al-cargo-de-coordinador-pedagogico","status":"publish","type":"page","link":"https:\/\/dges-sal.infd.edu.ar\/sitio\/ies-6036-01-convocatoria-2023-para-acceso-al-cargo-de-coordinador-pedagogico\/","title":{"rendered":"<strong>IES 6036\/01 Convocatoria 2023 para acceso al cargo de Coordinador Pedag\u00f3gico<\/strong>"},"content":{"rendered":"\n<p>Convocatoria&nbsp;<a href=\"https:\/\/1drv.ms\/b\/s!Am6yXf_zD9cvjJw8Oaskc_qn3V01cg?e=h2Gvdx\" target=\"_blank\" rel=\"noreferrer noopener\">Disp. 219\/2<\/a>3 cobertura de cargo de&nbsp;<strong>Coordinador Pedag\u00f3gico&nbsp;del Anexo Oran de la Unidad de Formaci\u00f3n, Investigaci\u00f3n y Desarrollo Tecnol\u00f3gico N\u00b0 6036\/01<\/strong><\/p>\n\n\n\n<p>Archivos seg\u00fan&nbsp;<a href=\"https:\/\/1drv.ms\/b\/s!Am6yXf_zD9cvjJw8Oaskc_qn3V01cg?e=h2Gvdx\" target=\"_blank\" rel=\"noreferrer noopener\">Disp. 219\/23<\/a> cobertura de cargo de&nbsp;<strong>Coordinador Pedag\u00f3gico&nbsp;del Anexo Oran de la Unidad de Formaci\u00f3n, Investigaci\u00f3n y Desarrollo Tecnol\u00f3gico N\u00b0 6036\/01<\/strong><\/p>\n\n\n\n<figure class=\"wp-block-table\"><table><tbody><tr><td><strong>N\u00f3mina de aspirantes inscriptos<\/strong><\/td><td><strong>Nomina definitiva de aspirantes<\/strong><\/td><td><strong>Disposici\u00f3n nuevo tribunal (si correspondiere)<\/strong><\/td><td><strong>Dictamen evaluaci\u00f3n de T\u00edtulos y Antecedentes<\/strong><\/td><td><strong>Fecha de Examen Escrito y Resultados<\/strong><\/td><td><strong>Fecha de Exposici\u00f3n y defensa oral de la propuesta de Gesti\u00f3n y Resultados<\/strong><\/td><td><strong>Disposiciones<\/strong>&nbsp;<strong>DGES<\/strong><\/td><\/tr><tr><td>2da Convocatoria<br>Archivo <a rel=\"noreferrer noopener\" href=\"https:\/\/dges-sal.infd.edu.ar\/sitio\/wp-content\/uploads\/2023\/11\/Acta-de-Cierre-de-Inscripcion-6036-01-Coordinador.pdf\" target=\"_blank\"><strong>AQU\u00cd<\/strong><\/a><\/td><td>Archivo&nbsp;<strong>AQU\u00cd<\/strong><\/td><td>Archivo&nbsp;<strong>AQU\u00cd<\/strong><\/td><td>Archivo&nbsp;<strong>AQU\u00cd<\/strong><\/td><td>Archivo&nbsp;<strong>AQU\u00cd<\/strong>&nbsp; Resultado:<strong>&nbsp;AQU\u00cd<\/strong><\/td><td>Archivo&nbsp;<strong>AQU\u00cd<\/strong>&nbsp; Resultado:<strong>&nbsp;AQU\u00cd<\/strong><\/td><td>Archivo\u00a0\u00a0<strong><a href=\"https:\/\/dges-sal.infd.edu.ar\/sitio\/wp-content\/uploads\/2023\/12\/Disp-396-2023-DGES-IES-6036-01-Coordinador-Pedagogico-Aprobar-Proced-Concursal.pdf\" target=\"_blank\" rel=\"noreferrer noopener\">AQU\u00cd<\/a><\/strong><\/td><\/tr><tr><td>1ra Convocatoria<br>Archivo&nbsp;&nbsp;<strong><a href=\"https:\/\/dges-sal.infd.edu.ar\/sitio\/wp-content\/uploads\/2023\/09\/Acta-de-Cierre-de-Inscripcion-6036-01-Coordinacion-Pedagogica.pdf\" target=\"_blank\" rel=\"noreferrer noopener\">AQU\u00cd<\/a><\/strong><\/td><td>&nbsp; &nbsp; Archivo&nbsp;<strong>AQU\u00cd<\/strong><\/td><td>&nbsp; Archivo&nbsp;<strong>AQU\u00cd<\/strong><\/td><td>&nbsp; Archivo&nbsp;&nbsp;<strong><a href=\"https:\/\/dges-sal.infd.edu.ar\/sitio\/wp-content\/uploads\/2023\/10\/Acta-comision-evalaudora-Coordinador-6036-oran.pdf\" target=\"_blank\" rel=\"noreferrer noopener\">AQU\u00cd<\/a><\/strong><\/td><td>&nbsp; Archivo&nbsp;<strong>AQU\u00cd<\/strong>&nbsp; Resultado:<strong>&nbsp;AQU\u00cd<\/strong><\/td><td>&nbsp; Archivo&nbsp;<strong>AQU\u00cd<\/strong>&nbsp;&nbsp; <strong>Resultado: AQU\u00cd<\/strong><\/td><td>Archivo&nbsp;&nbsp;<strong>AQU\u00cd<\/strong><\/td><\/tr><\/tbody><\/table><\/figure>\n","protected":false},"excerpt":{"rendered":"<p>Convocatoria&nbsp;Disp. 219\/23 cobertura de cargo de&nbsp;Coordinador Pedag\u00f3gico&nbsp;del Anexo Oran de la Unidad de Formaci\u00f3n, Investigaci\u00f3n y Desarrollo Tecnol\u00f3gico N\u00b0 6036\/01 Archivos seg\u00fan&nbsp;Disp. 219\/23 cobertura de cargo de&nbsp;Coordinador Pedag\u00f3gico&nbsp;del Anexo Oran de la Unidad de Formaci\u00f3n, Investigaci\u00f3n y Desarrollo Tecnol\u00f3gico N\u00b0 6036\/01 N\u00f3mina de aspirantes inscriptos Nomina definitiva de aspirantes Disposici\u00f3n nuevo tribunal (si correspondiere) Dictamen &#8230; <a title=\"IES 6036\/01 Convocatoria 2023 para acceso al cargo de Coordinador Pedag\u00f3gico\" class=\"read-more\" href=\"https:\/\/dges-sal.infd.edu.ar\/sitio\/ies-6036-01-convocatoria-2023-para-acceso-al-cargo-de-coordinador-pedagogico\/\" aria-label=\"More on IES 6036\/01 Convocatoria 2023 para acceso al cargo de Coordinador Pedag\u00f3gico\">[+]<\/a><\/p>\n","protected":false},"author":790,"featured_media":0,"parent":0,"menu_order":0,"comment_status":"closed","ping_status":"closed","template":"","meta":[],"acf":[],"_links":{"self":[{"href":"https:\/\/dges-sal.infd.edu.ar\/sitio\/wp-json\/wp\/v2\/pages\/12021"}],"collection":[{"href":"https:\/\/dges-sal.infd.edu.ar\/sitio\/wp-json\/wp\/v2\/pages"}],"about":[{"href":"https:\/\/dges-sal.infd.edu.ar\/sitio\/wp-json\/wp\/v2\/types\/page"}],"author":[{"embeddable":true,"href":"https:\/\/dges-sal.infd.edu.ar\/sitio\/wp-json\/wp\/v2\/users\/790"}],"replies":[{"embeddable":true,"href":"https:\/\/dges-sal.infd.edu.ar\/sitio\/wp-json\/wp\/v2\/comments?post=12021"}],"version-history":[{"count":7,"href":"https:\/\/dges-sal.infd.edu.ar\/sitio\/wp-json\/wp\/v2\/pages\/12021\/revisions"}],"predecessor-version":[{"id":12591,"href":"https:\/\/dges-sal.infd.edu.ar\/sitio\/wp-json\/wp\/v2\/pages\/12021\/revisions\/12591"}],"wp:attachment":[{"href":"https:\/\/dges-sal.infd.edu.ar\/sitio\/wp-json\/wp\/v2\/media?parent=12021"}],"curies":[{"name":"wp","href":"https:\/\/api.w.org\/{rel}","templated":true}]}}