{"id":12009,"date":"2023-08-23T15:10:27","date_gmt":"2023-08-23T18:10:27","guid":{"rendered":"https:\/\/dges-sal.infd.edu.ar\/sitio\/?page_id=12009"},"modified":"2025-03-20T16:27:07","modified_gmt":"2025-03-20T19:27:07","slug":"ies-6010-convocatoria-2023-para-acceso-al-cargo-de-rector","status":"publish","type":"page","link":"https:\/\/dges-sal.infd.edu.ar\/sitio\/ies-6010-convocatoria-2023-para-acceso-al-cargo-de-rector\/","title":{"rendered":"<strong>IES 6010 Convocatoria 2023 para acceso al cargo de Rector<\/strong>"},"content":{"rendered":"\n<p>Convocatoria&nbsp;<a href=\"https:\/\/1drv.ms\/b\/s!Am6yXf_zD9cvjJw5SNI4Wbu5Tl7VJw?e=zhLRGC\" target=\"_blank\" rel=\"noreferrer noopener\">Disp. 216\/23 <\/a>cobertura de cargo de&nbsp;<strong>Rector&nbsp;de Instituto Superior de Formaci\u00f3n Docente N\u00b0 6010<\/strong><\/p>\n\n\n\n<p>Archivos seg\u00fan&nbsp;<a href=\"https:\/\/1drv.ms\/b\/s!Am6yXf_zD9cvjJw5SNI4Wbu5Tl7VJw?e=zhLRGC\" target=\"_blank\" rel=\"noreferrer noopener\">Disp. 216\/23<\/a> cobertura de cargo de&nbsp;<strong>Rector&nbsp;de Instituto Superior de Formaci\u00f3n Docente N\u00b0 6010<\/strong><\/p>\n\n\n\n<figure class=\"wp-block-table\"><table><tbody><tr><td><strong>N\u00f3mina de aspirantes inscriptos<\/strong><\/td><td><strong>Nomina definitiva de aspirantes<\/strong><\/td><td><strong>Disposici\u00f3n nuevo tribunal (si correspondiere)<\/strong><\/td><td><strong>Dictamen evaluaci\u00f3n de T\u00edtulos y Antecedentes<\/strong><\/td><td><strong>Fecha de Examen Escrito y Resultados<\/strong><\/td><td><strong>Fecha de Exposici\u00f3n y defensa oral de la propuesta de Gesti\u00f3n y Resultados<\/strong><\/td><td><strong>Disposiciones<\/strong>&nbsp;<strong>DGES<\/strong><\/td><\/tr><tr><td>2da Convocatoria<br>Archivo: <strong><a href=\"https:\/\/dges-sal.infd.edu.ar\/sitio\/wp-content\/uploads\/2023\/10\/Acta-de-cierre-de-Inscripcion-6010-rector-2da-convocatoria.pdf\" target=\"_blank\" rel=\"noreferrer noopener\">AQU\u00cd<\/a><\/strong><\/td><td>Archivo&nbsp;<strong><a href=\"https:\/\/dges-sal.infd.edu.ar\/sitio\/wp-content\/uploads\/2023\/10\/Disp-302-2023-DGES-IES-6010-Rector-nomina-definitiva-de-aspirantes.pdf\" target=\"_blank\" rel=\"noreferrer noopener\">AQU\u00cd<\/a><\/strong><\/td><td>Archivo&nbsp;<strong>AQU\u00cd<\/strong><\/td><td>Archivo&nbsp;<strong><a href=\"https:\/\/dges-sal.infd.edu.ar\/sitio\/wp-content\/uploads\/2024\/08\/Acta-comision-evaluadora-6010-Rector.jpg\" target=\"_blank\" rel=\"noreferrer noopener\">AQU\u00cd<\/a><\/strong><\/td><td>Archivo&nbsp;<a rel=\"noreferrer noopener\" href=\"https:\/\/dges-sal.infd.edu.ar\/sitio\/wp-content\/uploads\/2024\/09\/6010-RECTOR-Fecha-examen-escrito.pdf\" target=\"_blank\"><strong>AQU\u00cd<\/strong>&nbsp;<\/a> Resultado:<strong>&nbsp;<a href=\"https:\/\/dges-sal.infd.edu.ar\/sitio\/wp-content\/uploads\/2024\/10\/Acta-Comision-Evaluadora-IES-6010-Rector-a.pdf\" target=\"_blank\" rel=\"noreferrer noopener\">AQU\u00cd<\/a><\/strong><\/td><td>Archivo&nbsp;<a rel=\"noreferrer noopener\" href=\"https:\/\/dges-sal.infd.edu.ar\/sitio\/wp-content\/uploads\/2025\/02\/6010-FECHA-DE-EXPOSICION-Y-DEFENSA-ORAL.png\" target=\"_blank\"><strong>AQU\u00cd<\/strong>&nbsp;<\/a>&nbsp; Resultado:<strong> <a href=\"https:\/\/dges-sal.infd.edu.ar\/sitio\/wp-content\/uploads\/2025\/02\/acta-Comision-evaluadora-6010.pdf\" target=\"_blank\" rel=\"noreferrer noopener\">AQU\u00cd<\/a><\/strong><\/td><td>Archivo\u00a0<strong><a href=\"https:\/\/dges-sal.infd.edu.ar\/sitio\/wp-content\/uploads\/2025\/03\/Disp.-21-25-IES-6010-aprobar-procedimiento-concursal-Rectora.pdf\" target=\"_blank\" rel=\"noreferrer noopener\">AQU\u00cd<\/a><\/strong><\/td><\/tr><tr><td>1ra Convocatoria<br>Archivo:&nbsp;&nbsp;<strong><a rel=\"noreferrer noopener\" href=\"https:\/\/dges-sal.infd.edu.ar\/sitio\/wp-content\/uploads\/2023\/09\/Acta-de-Cierre-de-Inscripcion-6010-Rector.pdf\" target=\"_blank\">AQU\u00cd<\/a><\/strong><\/td><td>&nbsp; &nbsp; Archivo&nbsp;<strong>AQU\u00cd<\/strong><\/td><td>&nbsp; Archivo&nbsp;<strong>AQU\u00cd<\/strong><\/td><td>&nbsp; Archivo&nbsp;&nbsp;<strong>AQU\u00cd<\/strong><\/td><td>&nbsp; Archivo&nbsp;<strong>AQU\u00cd<\/strong>&nbsp; Resultado:<strong>&nbsp;AQU\u00cd<\/strong><\/td><td>&nbsp; Archivo&nbsp;<strong>AQU\u00cd<\/strong>&nbsp;&nbsp; Resultado:<strong> AQU\u00cd<\/strong><\/td><td>Archivo&nbsp;&nbsp;<strong><a href=\"http:\/\/dges-sal.infd.edu.ar\/sitio\/wp-content\/uploads\/2023\/09\/Disp-273-2023-DGES-IES-6010-Rector-2da-convocatoria.pdf\" target=\"_blank\" rel=\"noreferrer noopener\">AQU\u00cd<\/a><\/strong><\/td><\/tr><\/tbody><\/table><\/figure>\n","protected":false},"excerpt":{"rendered":"<p>Convocatoria&nbsp;Disp. 216\/23 cobertura de cargo de&nbsp;Rector&nbsp;de Instituto Superior de Formaci\u00f3n Docente N\u00b0 6010 Archivos seg\u00fan&nbsp;Disp. 216\/23 cobertura de cargo de&nbsp;Rector&nbsp;de Instituto Superior de Formaci\u00f3n Docente N\u00b0 6010 N\u00f3mina de aspirantes inscriptos Nomina definitiva de aspirantes Disposici\u00f3n nuevo tribunal (si correspondiere) Dictamen evaluaci\u00f3n de T\u00edtulos y Antecedentes Fecha de Examen Escrito y Resultados Fecha de Exposici\u00f3n &#8230; <a title=\"IES 6010 Convocatoria 2023 para acceso al cargo de Rector\" class=\"read-more\" href=\"https:\/\/dges-sal.infd.edu.ar\/sitio\/ies-6010-convocatoria-2023-para-acceso-al-cargo-de-rector\/\" aria-label=\"More on IES 6010 Convocatoria 2023 para acceso al cargo de Rector\">[+]<\/a><\/p>\n","protected":false},"author":790,"featured_media":0,"parent":0,"menu_order":0,"comment_status":"closed","ping_status":"closed","template":"","meta":[],"acf":[],"_links":{"self":[{"href":"https:\/\/dges-sal.infd.edu.ar\/sitio\/wp-json\/wp\/v2\/pages\/12009"}],"collection":[{"href":"https:\/\/dges-sal.infd.edu.ar\/sitio\/wp-json\/wp\/v2\/pages"}],"about":[{"href":"https:\/\/dges-sal.infd.edu.ar\/sitio\/wp-json\/wp\/v2\/types\/page"}],"author":[{"embeddable":true,"href":"https:\/\/dges-sal.infd.edu.ar\/sitio\/wp-json\/wp\/v2\/users\/790"}],"replies":[{"embeddable":true,"href":"https:\/\/dges-sal.infd.edu.ar\/sitio\/wp-json\/wp\/v2\/comments?post=12009"}],"version-history":[{"count":12,"href":"https:\/\/dges-sal.infd.edu.ar\/sitio\/wp-json\/wp\/v2\/pages\/12009\/revisions"}],"predecessor-version":[{"id":15530,"href":"https:\/\/dges-sal.infd.edu.ar\/sitio\/wp-json\/wp\/v2\/pages\/12009\/revisions\/15530"}],"wp:attachment":[{"href":"https:\/\/dges-sal.infd.edu.ar\/sitio\/wp-json\/wp\/v2\/media?parent=12009"}],"curies":[{"name":"wp","href":"https:\/\/api.w.org\/{rel}","templated":true}]}}