{"id":11864,"date":"2023-08-15T10:44:34","date_gmt":"2023-08-15T13:44:34","guid":{"rendered":"https:\/\/dges-sal.infd.edu.ar\/sitio\/?page_id=11864"},"modified":"2026-02-09T21:22:55","modified_gmt":"2026-02-10T00:22:55","slug":"santa-victoria-iruya","status":"publish","type":"page","link":"https:\/\/dges-sal.infd.edu.ar\/sitio\/santa-victoria-iruya\/","title":{"rendered":"Santa Victoria &#8211; Iruya"},"content":{"rendered":"\n<figure class=\"wp-block-image alignfull size-full\"><img decoding=\"async\" loading=\"lazy\" width=\"1900\" height=\"516\" src=\"https:\/\/dges-sal.infd.edu.ar\/sitio\/wp-content\/uploads\/2025\/12\/oferta-2026-en-oferta-de-profesorados-chico-2026-png.png\" alt=\"\" class=\"wp-image-16866\" srcset=\"https:\/\/dges-sal.infd.edu.ar\/sitio\/wp-content\/uploads\/2025\/12\/oferta-2026-en-oferta-de-profesorados-chico-2026-png.png 1900w, https:\/\/dges-sal.infd.edu.ar\/sitio\/wp-content\/uploads\/2025\/12\/oferta-2026-en-oferta-de-profesorados-chico-2026-png-1000x272.png 1000w, https:\/\/dges-sal.infd.edu.ar\/sitio\/wp-content\/uploads\/2025\/12\/oferta-2026-en-oferta-de-profesorados-chico-2026-png-768x209.png 768w, https:\/\/dges-sal.infd.edu.ar\/sitio\/wp-content\/uploads\/2025\/12\/oferta-2026-en-oferta-de-profesorados-chico-2026-png-1536x417.png 1536w\" sizes=\"(max-width: 1900px) 100vw, 1900px\" \/><\/figure>\n\n\n\n<h1 class=\"wp-block-heading has-text-align-center\" style=\"font-size:28px;font-style:normal;font-weight:900;letter-spacing:10px;text-transform:uppercase\">Santa Victoria \/ Iruya<\/h1>\n\n\n\n<div class=\"wp-block-columns alignfull is-layout-flex wp-container-6\">\n<div class=\"wp-block-column is-layout-flow\" style=\"flex-basis:50px\"><\/div>\n\n\n\n<div class=\"wp-block-column is-layout-flow\">\n<p class=\"has-text-align-right\" style=\"font-style:italic;font-weight:400\"><strong><mark style=\"background-color:rgba(0, 0, 0, 0);color:#775ca4\" class=\"has-inline-color\"><a href=\"https:\/\/dges-sal.infd.edu.ar\/sitio\/6023-2\/\">+ Info del Instituto<\/a><\/mark><\/strong><\/p>\n\n\n\n<h2 class=\"wp-block-heading has-text-align-center has-contrast-2-color has-text-color\" style=\"font-style:normal;font-weight:900;letter-spacing:10px\"><img decoding=\"async\" loading=\"lazy\" width=\"134\" height=\"147\" class=\"wp-image-11563\" style=\"width: 60px;\" src=\"https:\/\/dges-sal.infd.edu.ar\/sitio\/wp-content\/uploads\/2023\/07\/Recurso-10.png\" alt=\"\"> 6023<\/h2>\n\n\n\n<p class=\"has-text-align-center has-contrast-3-color has-text-color\"><strong>Instituto de Ense\u00f1anza Superior \u00abDr. Alfredo Loutaif\u00bb<\/strong><\/p>\n\n\n\n<figure class=\"wp-block-table is-style-stripes\" style=\"font-style:normal;font-weight:300\"><table class=\"has-background has-fixed-layout\" style=\"background-color:#9cc88b\"><thead><tr><th class=\"has-text-align-left\" data-align=\"left\"><mark style=\"background-color:rgba(0, 0, 0, 0)\" class=\"has-inline-color has-base-3-color\"><mark style=\"background-color:rgba(0, 0, 0, 0)\" class=\"has-inline-color has-base-3-color\">PROFESORADOS (4 a\u00f1os)<\/mark><\/mark><\/th><th class=\"has-text-align-center\" data-align=\"center\"><img decoding=\"async\" loading=\"lazy\" width=\"63\" height=\"92\" class=\"wp-image-11518\" style=\"width: 35px;\" src=\"https:\/\/dges-sal.infd.edu.ar\/sitio\/wp-content\/uploads\/2023\/07\/Recurso-4.png\" alt=\"\"><\/th><\/tr><\/thead><tbody><tr><td class=\"has-text-align-left\" data-align=\"left\"><strong><a href=\"https:\/\/drive.google.com\/file\/d\/18xKeYk389N9u_0MlHvnlEYF9r40xcNxU\/view?usp=sharing\">Profesorado de Educaci\u00f3n Primaria con Orientaci\u00f3n en Educaci\u00f3n Intercultural Biling\u00fce<\/a><\/strong><\/td><td class=\"has-text-align-center\" data-align=\"center\"><strong><sup>Ext. \u00c1ulica<\/sup><\/strong><br>Isla de Ca\u00f1as<\/td><\/tr><\/tbody><\/table><\/figure>\n\n\n\n<figure class=\"wp-block-table is-style-stripes\" style=\"font-style:normal;font-weight:300\"><table class=\"has-background has-fixed-layout\" style=\"background-color:#f28f49\"><thead><tr><th class=\"has-text-align-left\" data-align=\"left\"><mark style=\"background-color:rgba(0, 0, 0, 0)\" class=\"has-inline-color has-base-3-color\">TECNICATURAS (3 a\u00f1os)<\/mark><\/th><th class=\"has-text-align-center\" data-align=\"center\"><mark style=\"background-color:rgba(0, 0, 0, 0)\" class=\"has-inline-color has-base-3-color\"><img decoding=\"async\" loading=\"lazy\" width=\"63\" height=\"92\" class=\"wp-image-11518\" style=\"width: 35px;\" src=\"https:\/\/dges-sal.infd.edu.ar\/sitio\/wp-content\/uploads\/2023\/07\/Recurso-4.png\" alt=\"\"><\/mark><\/th><\/tr><\/thead><tbody><tr><td class=\"has-text-align-left\" data-align=\"left\"><strong><a href=\"https:\/\/dges-sal.infd.edu.ar\/sitio\/wp-content\/uploads\/2024\/12\/RESOLUCION-SPE-Y-DPD-N%C2%B0-91-24-TECNICATURA-SUPERIOR-EN-TURISMO.pdf\" data-type=\"URL\" data-id=\"https:\/\/dges-sal.infd.edu.ar\/sitio\/wp-content\/uploads\/2024\/12\/RESOLUCION-SPE-Y-DPD-N%C2%B0-91-24-TECNICATURA-SUPERIOR-EN-TURISMO.pdf\">Tecnicatura Superior en Turismo<\/a><\/strong><\/td><td class=\"has-text-align-center\" data-align=\"center\"><strong><sup>Ext. \u00c1ulica<\/sup><\/strong><br>Los Toldos<\/td><\/tr><\/tbody><\/table><\/figure>\n\n\n\n<p class=\"has-text-align-right\" style=\"font-style:italic;font-weight:400\"><strong><mark style=\"background-color:rgba(0, 0, 0, 0);color:#775ca4\" class=\"has-inline-color\"><a href=\"https:\/\/dges-sal.infd.edu.ar\/sitio\/6055-2\/\">+ Info del Instituto<\/a><\/mark><\/strong><\/p>\n\n\n\n<h2 class=\"wp-block-heading has-text-align-center has-contrast-2-color has-text-color\" style=\"font-style:normal;font-weight:900;letter-spacing:10px\"><img decoding=\"async\" loading=\"lazy\" width=\"128\" height=\"141\" class=\"wp-image-11498\" style=\"width: 60px;\" src=\"https:\/\/dges-sal.infd.edu.ar\/sitio\/wp-content\/uploads\/2023\/07\/Recurso-3-1.png\" alt=\"\"> 6055<\/h2>\n\n\n\n<p class=\"has-text-align-center has-contrast-3-color has-text-color\"><strong>Instituto de Educaci\u00f3n Superior<\/strong><\/p>\n\n\n\n<figure class=\"wp-block-table is-style-stripes\" style=\"font-style:normal;font-weight:300\"><table class=\"has-background has-fixed-layout\" style=\"background-color:#9cc88b\"><thead><tr><th class=\"has-text-align-left\" data-align=\"left\"><mark style=\"background-color:rgba(0, 0, 0, 0)\" class=\"has-inline-color has-base-3-color\"><mark style=\"background-color:rgba(0, 0, 0, 0)\" class=\"has-inline-color has-base-3-color\">PROFESORADOS (4 a\u00f1os)<\/mark><\/mark><\/th><th class=\"has-text-align-center\" data-align=\"center\"><img decoding=\"async\" loading=\"lazy\" width=\"63\" height=\"92\" class=\"wp-image-11518\" style=\"width: 35px;\" src=\"https:\/\/dges-sal.infd.edu.ar\/sitio\/wp-content\/uploads\/2023\/07\/Recurso-4.png\" alt=\"\"><\/th><\/tr><\/thead><tbody><tr><td class=\"has-text-align-left\" data-align=\"left\"><strong><a href=\"https:\/\/dges-sal.infd.edu.ar\/aula\/archivos\/repositorio\/500\/608\/Res._1219-19_Profesorado_de_Ingles.pdf\" data-type=\"URL\" data-id=\"https:\/\/dges-sal.infd.edu.ar\/aula\/archivos\/repositorio\/500\/608\/Res._1219-19_Profesorado_de_Ingles.pdf\">Profesorado de Ingl\u00e9s<\/a><\/strong><\/td><td class=\"has-text-align-center\" data-align=\"center\"><strong><sup>Sede<\/sup><\/strong><br>Iruya<\/td><\/tr><\/tbody><\/table><\/figure>\n<\/div>\n\n\n\n<div class=\"wp-block-column is-layout-flow\" style=\"flex-basis:80px\"><\/div>\n\n\n\n<div class=\"wp-block-column is-layout-flow\">\n<p class=\"has-text-align-right\" style=\"font-style:italic;font-weight:400\"><strong><mark style=\"background-color:rgba(0, 0, 0, 0);color:#775ca4\" class=\"has-inline-color\"><a href=\"https:\/\/dges-sal.infd.edu.ar\/sitio\/6056-2\/\">+ Info del Instituto<\/a><\/mark><\/strong><\/p>\n\n\n\n<h2 class=\"wp-block-heading has-text-align-center has-contrast-2-color has-text-color\" style=\"font-style:normal;font-weight:900;letter-spacing:10px\"><img decoding=\"async\" loading=\"lazy\" width=\"146\" height=\"147\" class=\"wp-image-11553\" style=\"width: 60px;\" src=\"https:\/\/dges-sal.infd.edu.ar\/sitio\/wp-content\/uploads\/2023\/07\/Recurso-6.png\" alt=\"\"> 6056<\/h2>\n\n\n\n<p class=\"has-text-align-center has-contrast-3-color has-text-color\"><strong>Instituto de Educaci\u00f3n Superior<\/strong><\/p>\n\n\n\n<figure class=\"wp-block-table is-style-stripes\" style=\"font-style:normal;font-weight:300\"><table class=\"has-background has-fixed-layout\" style=\"background-color:#9cc88b\"><thead><tr><th class=\"has-text-align-left\" data-align=\"left\"><mark style=\"background-color:rgba(0, 0, 0, 0)\" class=\"has-inline-color has-base-3-color\"><mark style=\"background-color:rgba(0, 0, 0, 0)\" class=\"has-inline-color has-base-3-color\">PROFESORADOS (4 a\u00f1os)<\/mark><\/mark><\/th><th class=\"has-text-align-center\" data-align=\"center\"><img decoding=\"async\" loading=\"lazy\" width=\"63\" height=\"92\" class=\"wp-image-11518\" style=\"width: 35px;\" src=\"https:\/\/dges-sal.infd.edu.ar\/sitio\/wp-content\/uploads\/2023\/07\/Recurso-4.png\" alt=\"\"><\/th><\/tr><\/thead><tbody><tr><td class=\"has-text-align-left\" data-align=\"left\"><strong><a href=\"https:\/\/dges-sal.infd.edu.ar\/sitio\/profesorados\/upload\/Res-3125-14.Matematica_pdf.pdf\" data-type=\"URL\" data-id=\"https:\/\/dges-sal.infd.edu.ar\/sitio\/profesorados\/upload\/Res-3125-14.Matematica_pdf.pdf\">Profesorado de Educaci\u00f3n Secundaria en Matem\u00e1tica<\/a><\/strong><\/td><td class=\"has-text-align-center\" data-align=\"center\"><strong><sup>Sede<\/sup><\/strong><br>Nazareno<\/td><\/tr><\/tbody><\/table><\/figure>\n\n\n\n<p class=\"has-text-align-right\" style=\"font-style:italic;font-weight:400\"><strong><mark style=\"background-color:rgba(0, 0, 0, 0);color:#775ca4\" class=\"has-inline-color\"><a href=\"https:\/\/dges-sal.infd.edu.ar\/sitio\/6056-3\/\">+ Info del Instituto<\/a><\/mark><\/strong><\/p>\n\n\n\n<h2 class=\"wp-block-heading has-text-align-center has-contrast-2-color has-text-color\" style=\"font-style:normal;font-weight:900;letter-spacing:10px\"><img decoding=\"async\" loading=\"lazy\" width=\"129\" height=\"145\" class=\"wp-image-11528\" style=\"width: 60px;\" src=\"https:\/\/dges-sal.infd.edu.ar\/sitio\/wp-content\/uploads\/2023\/07\/Recurso-5.png\" alt=\"\"> 6057<\/h2>\n\n\n\n<p class=\"has-text-align-center has-contrast-3-color has-text-color\"><strong>Instituto de Educaci\u00f3n Superior<\/strong><\/p>\n\n\n\n<figure class=\"wp-block-table is-style-stripes\" style=\"font-style:normal;font-weight:300\"><table class=\"has-background has-fixed-layout\" style=\"background-color:#9cc88b\"><thead><tr><th class=\"has-text-align-left\" data-align=\"left\"><mark style=\"background-color:rgba(0, 0, 0, 0)\" class=\"has-inline-color has-base-3-color\"><mark style=\"background-color:rgba(0, 0, 0, 0)\" class=\"has-inline-color has-base-3-color\">PROFESORADOS (4 a\u00f1os)<\/mark><\/mark><\/th><th class=\"has-text-align-center\" data-align=\"center\"><img decoding=\"async\" loading=\"lazy\" width=\"63\" height=\"92\" class=\"wp-image-11518\" style=\"width: 35px;\" src=\"https:\/\/dges-sal.infd.edu.ar\/sitio\/wp-content\/uploads\/2023\/07\/Recurso-4.png\" alt=\"\"><\/th><\/tr><\/thead><tbody><tr><td class=\"has-text-align-left\" data-align=\"left\"><strong><a href=\"https:\/\/drive.google.com\/file\/d\/18xKeYk389N9u_0MlHvnlEYF9r40xcNxU\/view\">Profesorado de Educaci\u00f3n Primaria con orientaci\u00f3n en Educaci\u00f3n Intercultural Biling\u00fce<\/a><\/strong><\/td><td class=\"has-text-align-center\" data-align=\"center\"><strong><sup>Sede<\/sup><\/strong><br>Sta. Victoria Oeste<\/td><\/tr><\/tbody><\/table><\/figure>\n<\/div>\n\n\n\n<div class=\"wp-block-column is-layout-flow\" style=\"flex-basis:50px\"><\/div>\n<\/div>\n","protected":false},"excerpt":{"rendered":"<p>Santa Victoria \/ Iruya + Info del Instituto 6023 Instituto de Ense\u00f1anza Superior \u00abDr. Alfredo Loutaif\u00bb PROFESORADOS (4 a\u00f1os) Profesorado de Educaci\u00f3n Primaria con Orientaci\u00f3n en Educaci\u00f3n Intercultural Biling\u00fce Ext. \u00c1ulicaIsla de Ca\u00f1as TECNICATURAS (3 a\u00f1os) Tecnicatura Superior en Turismo Ext. \u00c1ulicaLos Toldos + Info del Instituto 6055 Instituto de Educaci\u00f3n Superior PROFESORADOS (4 a\u00f1os) &#8230; <a title=\"Santa Victoria &#8211; Iruya\" class=\"read-more\" href=\"https:\/\/dges-sal.infd.edu.ar\/sitio\/santa-victoria-iruya\/\" aria-label=\"More on Santa Victoria &#8211; Iruya\">[+]<\/a><\/p>\n","protected":false},"author":9605,"featured_media":0,"parent":0,"menu_order":0,"comment_status":"closed","ping_status":"closed","template":"","meta":[],"acf":[],"_links":{"self":[{"href":"https:\/\/dges-sal.infd.edu.ar\/sitio\/wp-json\/wp\/v2\/pages\/11864"}],"collection":[{"href":"https:\/\/dges-sal.infd.edu.ar\/sitio\/wp-json\/wp\/v2\/pages"}],"about":[{"href":"https:\/\/dges-sal.infd.edu.ar\/sitio\/wp-json\/wp\/v2\/types\/page"}],"author":[{"embeddable":true,"href":"https:\/\/dges-sal.infd.edu.ar\/sitio\/wp-json\/wp\/v2\/users\/9605"}],"replies":[{"embeddable":true,"href":"https:\/\/dges-sal.infd.edu.ar\/sitio\/wp-json\/wp\/v2\/comments?post=11864"}],"version-history":[{"count":16,"href":"https:\/\/dges-sal.infd.edu.ar\/sitio\/wp-json\/wp\/v2\/pages\/11864\/revisions"}],"predecessor-version":[{"id":17114,"href":"https:\/\/dges-sal.infd.edu.ar\/sitio\/wp-json\/wp\/v2\/pages\/11864\/revisions\/17114"}],"wp:attachment":[{"href":"https:\/\/dges-sal.infd.edu.ar\/sitio\/wp-json\/wp\/v2\/media?parent=11864"}],"curies":[{"name":"wp","href":"https:\/\/api.w.org\/{rel}","templated":true}]}}