{"id":11858,"date":"2023-08-15T10:14:25","date_gmt":"2023-08-15T13:14:25","guid":{"rendered":"https:\/\/dges-sal.infd.edu.ar\/sitio\/?page_id=11858"},"modified":"2026-02-09T21:22:31","modified_gmt":"2026-02-10T00:22:31","slug":"la-vina-guachipas","status":"publish","type":"page","link":"https:\/\/dges-sal.infd.edu.ar\/sitio\/la-vina-guachipas\/","title":{"rendered":"La Vi\u00f1a &#8211; Guachipas"},"content":{"rendered":"\n<figure class=\"wp-block-image alignfull size-full\"><img decoding=\"async\" loading=\"lazy\" width=\"1900\" height=\"516\" src=\"https:\/\/dges-sal.infd.edu.ar\/sitio\/wp-content\/uploads\/2025\/12\/oferta-2026-en-oferta-de-profesorados-chico-2026-png.png\" alt=\"\" class=\"wp-image-16866\" srcset=\"https:\/\/dges-sal.infd.edu.ar\/sitio\/wp-content\/uploads\/2025\/12\/oferta-2026-en-oferta-de-profesorados-chico-2026-png.png 1900w, https:\/\/dges-sal.infd.edu.ar\/sitio\/wp-content\/uploads\/2025\/12\/oferta-2026-en-oferta-de-profesorados-chico-2026-png-1000x272.png 1000w, https:\/\/dges-sal.infd.edu.ar\/sitio\/wp-content\/uploads\/2025\/12\/oferta-2026-en-oferta-de-profesorados-chico-2026-png-768x209.png 768w, https:\/\/dges-sal.infd.edu.ar\/sitio\/wp-content\/uploads\/2025\/12\/oferta-2026-en-oferta-de-profesorados-chico-2026-png-1536x417.png 1536w\" sizes=\"(max-width: 1900px) 100vw, 1900px\" \/><\/figure>\n\n\n\n<h1 class=\"wp-block-heading has-text-align-center\" style=\"font-size:28px;font-style:normal;font-weight:900;letter-spacing:10px;text-transform:uppercase\">La Vi\u00f1a \/ Guachipas<\/h1>\n\n\n\n<div class=\"wp-block-columns alignfull is-layout-flex wp-container-6\">\n<div class=\"wp-block-column is-layout-flow\" style=\"flex-basis:50px\"><\/div>\n\n\n\n<div class=\"wp-block-column is-layout-flow\">\n<p class=\"has-text-align-right\" style=\"font-style:italic;font-weight:400\"><strong><mark style=\"background-color:rgba(0, 0, 0, 0);color:#775ca4\" class=\"has-inline-color\"><a href=\"https:\/\/dges-sal.infd.edu.ar\/sitio\/6037-02\/\">+ Info del Instituto<\/a><\/mark><\/strong><\/p>\n\n\n\n<h2 class=\"wp-block-heading has-text-align-center has-contrast-2-color has-text-color\" style=\"font-style:normal;font-weight:900;letter-spacing:10px\"><img decoding=\"async\" loading=\"lazy\" width=\"146\" height=\"147\" class=\"wp-image-11553\" style=\"width: 60px;\" src=\"https:\/\/dges-sal.infd.edu.ar\/sitio\/wp-content\/uploads\/2023\/07\/Recurso-6.png\" alt=\"\"> 6037\/02<\/h2>\n\n\n\n<p class=\"has-text-align-center has-contrast-3-color has-text-color\"><strong>Sede Din\u00e1mica de Coronel Moldes<\/strong><\/p>\n\n\n\n<figure class=\"wp-block-table is-style-stripes\" style=\"font-style:normal;font-weight:300\"><table class=\"has-background has-fixed-layout\" style=\"background-color:#9cc88b\"><thead><tr><th class=\"has-text-align-left\" data-align=\"left\"><mark style=\"background-color:rgba(0, 0, 0, 0)\" class=\"has-inline-color has-base-3-color\"><mark style=\"background-color:rgba(0, 0, 0, 0)\" class=\"has-inline-color has-base-3-color\">PROFESORADOS (4 a\u00f1os)<\/mark><\/mark><\/th><th class=\"has-text-align-center\" data-align=\"center\"><img decoding=\"async\" loading=\"lazy\" width=\"63\" height=\"92\" class=\"wp-image-11518\" style=\"width: 35px;\" src=\"https:\/\/dges-sal.infd.edu.ar\/sitio\/wp-content\/uploads\/2023\/07\/Recurso-4.png\" alt=\"\"><\/th><\/tr><\/thead><tbody><tr><td class=\"has-text-align-left\" data-align=\"left\"><strong><a href=\"https:\/\/dges-sal.infd.edu.ar\/aula\/archivos\/repositorio\/500\/610\/Res._1229-19_PEP.pdf\">Profesorado de Educaci\u00f3n Primaria<\/a><\/strong><\/td><td class=\"has-text-align-center\" data-align=\"center\"><strong><sup>Sede Din\u00e1mica<\/sup><\/strong><br>Cnel. Moldes<\/td><\/tr><\/tbody><\/table><\/figure>\n\n\n\n<figure class=\"wp-block-table is-style-stripes\" style=\"font-style:normal;font-weight:300\"><table class=\"has-background has-fixed-layout\" style=\"background-color:#f28f49\"><thead><tr><th class=\"has-text-align-left\" data-align=\"left\"><mark style=\"background-color:rgba(0, 0, 0, 0)\" class=\"has-inline-color has-base-3-color\">TECNICATURAS (3 a\u00f1os)<\/mark><\/th><th class=\"has-text-align-center\" data-align=\"center\"><mark style=\"background-color:rgba(0, 0, 0, 0)\" class=\"has-inline-color has-base-3-color\"><img decoding=\"async\" loading=\"lazy\" width=\"63\" height=\"92\" class=\"wp-image-11518\" style=\"width: 35px;\" src=\"https:\/\/dges-sal.infd.edu.ar\/sitio\/wp-content\/uploads\/2023\/07\/Recurso-4.png\" alt=\"\"><\/mark><\/th><\/tr><\/thead><tbody><tr><td class=\"has-text-align-left\" data-align=\"left\"><strong><a href=\"https:\/\/drive.google.com\/file\/d\/1W0vspS_NwuYblGJv54igKiQVTK-KYpe2\/view\">Tecnicatura Superior en An\u00e1lisis de Sistemas y Desarrollo de Software&nbsp;<\/a><\/strong><\/td><td class=\"has-text-align-center\" data-align=\"center\"><strong><sup>Sede Din\u00e1mica<\/sup><\/strong><br>Cnel. Moldes<\/td><\/tr><tr><td class=\"has-text-align-left\" data-align=\"left\"><strong><a href=\"https:\/\/1drv.ms\/b\/s!Am6yXf_zD9cvjJxHvw8SZsLPUD-lUA?e=6Fnc5g\">Tecnicatura Superior en Gesti\u00f3n de Sistemas Agroganaderos&nbsp;<\/a><\/strong><\/td><td class=\"has-text-align-center\" data-align=\"center\"><strong><sup>Sede Din\u00e1mica<\/sup><\/strong><br>Cnel. Moldes<\/td><\/tr><tr><td class=\"has-text-align-left\" data-align=\"left\"><strong><a href=\"https:\/\/drive.google.com\/file\/d\/1hbMXv7SxgbYsaLsIkUdXSyre5xp5hyxx\/view\">Tecnicatura Superior en Idiomas aplicados a los Servicios Tur\u00edsticos<\/a><\/strong><\/td><td class=\"has-text-align-center\" data-align=\"center\"><strong>Extensi\u00f3n \u00c1ulica <\/strong><br>de la sede Din\u00e1mica La Vi\u00f1a<\/td><\/tr><\/tbody><\/table><\/figure>\n<\/div>\n\n\n\n<div class=\"wp-block-column is-layout-flow\">\n<p class=\"has-text-align-right\" style=\"font-style:italic;font-weight:400\"><strong><mark style=\"background-color:rgba(0, 0, 0, 0);color:#775ca4\" class=\"has-inline-color\">+ Info del Instituto<\/mark><\/strong><\/p>\n\n\n\n<h2 class=\"wp-block-heading has-text-align-center has-contrast-2-color has-text-color\" style=\"font-style:normal;font-weight:900;letter-spacing:10px\"><img decoding=\"async\" loading=\"lazy\" width=\"146\" height=\"147\" class=\"wp-image-11553\" style=\"width: 60px;\" src=\"https:\/\/dges-sal.infd.edu.ar\/sitio\/wp-content\/uploads\/2023\/07\/Recurso-6.png\" alt=\"\"> 6037\/05<\/h2>\n\n\n\n<p class=\"has-text-align-center has-contrast-3-color has-text-color\"><strong>Sede Din\u00e1mica de Guachipas<\/strong><\/p>\n\n\n\n<figure class=\"wp-block-table is-style-stripes\" style=\"font-style:normal;font-weight:300\"><table class=\"has-background has-fixed-layout\" style=\"background-color:#f28f49\"><thead><tr><th class=\"has-text-align-left\" data-align=\"left\"><mark style=\"background-color:rgba(0, 0, 0, 0)\" class=\"has-inline-color has-base-3-color\">TECNICATURAS (3 a\u00f1os)<\/mark><\/th><th class=\"has-text-align-center\" data-align=\"center\"><mark style=\"background-color:rgba(0, 0, 0, 0)\" class=\"has-inline-color has-base-3-color\"><img decoding=\"async\" loading=\"lazy\" width=\"63\" height=\"92\" class=\"wp-image-11518\" style=\"width: 35px;\" src=\"https:\/\/dges-sal.infd.edu.ar\/sitio\/wp-content\/uploads\/2023\/07\/Recurso-4.png\" alt=\"\"><\/mark><\/th><\/tr><\/thead><tbody><tr><td class=\"has-text-align-left\" data-align=\"left\"><strong><a href=\"https:\/\/dges-sal.infd.edu.ar\/sitio\/wp-content\/uploads\/2024\/09\/RESOLUCION-SPEYDPD-N%C2%B0-59-24-TECNICTURA-SUPERIOR-EN-GASTRONOMIA.pdf\">Tecnicatura Superior en Gastronom\u00eda<\/a><\/strong><\/td><td class=\"has-text-align-center\" data-align=\"center\"><strong><sup>Sede Din\u00e1mica<\/sup><\/strong><br>Guachipas<\/td><\/tr><\/tbody><\/table><\/figure>\n<\/div>\n\n\n\n<div class=\"wp-block-column is-layout-flow\" style=\"flex-basis:80px\"><\/div>\n\n\n\n<div class=\"wp-block-column is-layout-flow\" style=\"flex-basis:50px\"><\/div>\n<\/div>\n","protected":false},"excerpt":{"rendered":"<p>La Vi\u00f1a \/ Guachipas + Info del Instituto 6037\/02 Sede Din\u00e1mica de Coronel Moldes PROFESORADOS (4 a\u00f1os) Profesorado de Educaci\u00f3n Primaria Sede Din\u00e1micaCnel. Moldes TECNICATURAS (3 a\u00f1os) Tecnicatura Superior en An\u00e1lisis de Sistemas y Desarrollo de Software&nbsp; Sede Din\u00e1micaCnel. Moldes Tecnicatura Superior en Gesti\u00f3n de Sistemas Agroganaderos&nbsp; Sede Din\u00e1micaCnel. Moldes Tecnicatura Superior en Idiomas aplicados &#8230; <a title=\"La Vi\u00f1a &#8211; Guachipas\" class=\"read-more\" href=\"https:\/\/dges-sal.infd.edu.ar\/sitio\/la-vina-guachipas\/\" aria-label=\"More on La Vi\u00f1a &#8211; Guachipas\">[+]<\/a><\/p>\n","protected":false},"author":9605,"featured_media":0,"parent":0,"menu_order":0,"comment_status":"closed","ping_status":"closed","template":"","meta":[],"acf":[],"_links":{"self":[{"href":"https:\/\/dges-sal.infd.edu.ar\/sitio\/wp-json\/wp\/v2\/pages\/11858"}],"collection":[{"href":"https:\/\/dges-sal.infd.edu.ar\/sitio\/wp-json\/wp\/v2\/pages"}],"about":[{"href":"https:\/\/dges-sal.infd.edu.ar\/sitio\/wp-json\/wp\/v2\/types\/page"}],"author":[{"embeddable":true,"href":"https:\/\/dges-sal.infd.edu.ar\/sitio\/wp-json\/wp\/v2\/users\/9605"}],"replies":[{"embeddable":true,"href":"https:\/\/dges-sal.infd.edu.ar\/sitio\/wp-json\/wp\/v2\/comments?post=11858"}],"version-history":[{"count":23,"href":"https:\/\/dges-sal.infd.edu.ar\/sitio\/wp-json\/wp\/v2\/pages\/11858\/revisions"}],"predecessor-version":[{"id":17113,"href":"https:\/\/dges-sal.infd.edu.ar\/sitio\/wp-json\/wp\/v2\/pages\/11858\/revisions\/17113"}],"wp:attachment":[{"href":"https:\/\/dges-sal.infd.edu.ar\/sitio\/wp-json\/wp\/v2\/media?parent=11858"}],"curies":[{"name":"wp","href":"https:\/\/api.w.org\/{rel}","templated":true}]}}