{"id":11852,"date":"2023-08-15T09:49:02","date_gmt":"2023-08-15T12:49:02","guid":{"rendered":"https:\/\/dges-sal.infd.edu.ar\/sitio\/?page_id=11852"},"modified":"2026-02-09T21:21:44","modified_gmt":"2026-02-10T00:21:44","slug":"la-poma-los-andes","status":"publish","type":"page","link":"https:\/\/dges-sal.infd.edu.ar\/sitio\/la-poma-los-andes\/","title":{"rendered":"La Poma &#8211; Los Andes"},"content":{"rendered":"\n<figure class=\"wp-block-image alignfull size-full\"><img decoding=\"async\" loading=\"lazy\" width=\"1900\" height=\"516\" src=\"https:\/\/dges-sal.infd.edu.ar\/sitio\/wp-content\/uploads\/2025\/12\/oferta-2026-en-oferta-de-profesorados-chico-2026-png.png\" alt=\"\" class=\"wp-image-16866\" srcset=\"https:\/\/dges-sal.infd.edu.ar\/sitio\/wp-content\/uploads\/2025\/12\/oferta-2026-en-oferta-de-profesorados-chico-2026-png.png 1900w, https:\/\/dges-sal.infd.edu.ar\/sitio\/wp-content\/uploads\/2025\/12\/oferta-2026-en-oferta-de-profesorados-chico-2026-png-1000x272.png 1000w, https:\/\/dges-sal.infd.edu.ar\/sitio\/wp-content\/uploads\/2025\/12\/oferta-2026-en-oferta-de-profesorados-chico-2026-png-768x209.png 768w, https:\/\/dges-sal.infd.edu.ar\/sitio\/wp-content\/uploads\/2025\/12\/oferta-2026-en-oferta-de-profesorados-chico-2026-png-1536x417.png 1536w\" sizes=\"(max-width: 1900px) 100vw, 1900px\" \/><\/figure>\n\n\n\n<h1 class=\"wp-block-heading has-text-align-center\" style=\"font-size:28px;font-style:normal;font-weight:900;letter-spacing:10px;text-transform:uppercase\">La Poma \/ Los Andes<\/h1>\n\n\n\n<div class=\"wp-block-columns alignfull is-layout-flex wp-container-8\">\n<div class=\"wp-block-column is-layout-flow\" style=\"flex-basis:50px\"><\/div>\n\n\n\n<div class=\"wp-block-column is-layout-flow\">\n<p class=\"has-text-align-right\" style=\"font-style:italic;font-weight:400\"><strong><mark style=\"background-color:rgba(0, 0, 0, 0);color:#775ca4\" class=\"has-inline-color\"><a href=\"https:\/\/dges-sal.infd.edu.ar\/sitio\/6028-2\/\" data-type=\"URL\" data-id=\"https:\/\/dges-sal.infd.edu.ar\/sitio\/6028-2\/\">+ Info del Instituto<\/a><\/mark><\/strong><\/p>\n\n\n\n<h2 class=\"wp-block-heading has-text-align-center has-contrast-2-color has-text-color\" style=\"font-style:normal;font-weight:900;letter-spacing:10px\"><img decoding=\"async\" loading=\"lazy\" width=\"128\" height=\"141\" class=\"wp-image-11498\" style=\"width: 60px;\" src=\"https:\/\/dges-sal.infd.edu.ar\/sitio\/wp-content\/uploads\/2023\/07\/Recurso-3-1.png\" alt=\"\"> 6028<\/h2>\n\n\n\n<p class=\"has-text-align-center has-contrast-3-color has-text-color\"><strong><strong>Instituto Superior de Formaci\u00f3n Docente<\/strong><\/strong><\/p>\n\n\n\n<figure class=\"wp-block-table is-style-stripes\" style=\"font-style:normal;font-weight:300\"><table class=\"has-background has-fixed-layout\" style=\"background-color:#9cc88b\"><thead><tr><th class=\"has-text-align-left\" data-align=\"left\"><mark style=\"background-color:rgba(0, 0, 0, 0)\" class=\"has-inline-color has-base-3-color\"><mark style=\"background-color:rgba(0, 0, 0, 0)\" class=\"has-inline-color has-base-3-color\">PROFESORADOS (4 a\u00f1os)<\/mark><\/mark><\/th><th class=\"has-text-align-center\" data-align=\"center\"><img decoding=\"async\" loading=\"lazy\" width=\"63\" height=\"92\" class=\"wp-image-11518\" style=\"width: 35px;\" src=\"https:\/\/dges-sal.infd.edu.ar\/sitio\/wp-content\/uploads\/2023\/07\/Recurso-4.png\" alt=\"\"><\/th><\/tr><\/thead><tbody><tr><td class=\"has-text-align-left\" data-align=\"left\"><strong><a href=\"https:\/\/dges-sal.infd.edu.ar\/aula\/archivos\/repositorio\/500\/610\/Res._1229-19_PEP.pdf\">Profesorado de Educaci\u00f3n Primaria<\/a><\/strong><\/td><td class=\"has-text-align-center\" data-align=\"center\"><strong><sup>Sede<\/sup><\/strong><br>San Antonio de los Cobres<\/td><\/tr><\/tbody><\/table><\/figure>\n\n\n\n<p><\/p>\n\n\n\n<figure class=\"wp-block-table is-style-stripes\" style=\"font-style:normal;font-weight:300\"><table class=\"has-background has-fixed-layout\" style=\"background-color:#f28f49\"><thead><tr><th class=\"has-text-align-left\" data-align=\"left\"><mark style=\"background-color:rgba(0, 0, 0, 0)\" class=\"has-inline-color has-base-3-color\"><mark style=\"background-color:rgba(0, 0, 0, 0)\" class=\"has-inline-color has-base-3-color\">TECNICATURAS (3 a\u00f1os)<\/mark><\/mark><\/th><th class=\"has-text-align-center\" data-align=\"center\"><img decoding=\"async\" loading=\"lazy\" width=\"63\" height=\"92\" class=\"wp-image-11518\" style=\"width: 35px;\" src=\"https:\/\/dges-sal.infd.edu.ar\/sitio\/wp-content\/uploads\/2023\/07\/Recurso-4.png\" alt=\"\"><\/th><\/tr><\/thead><tbody><tr><td class=\"has-text-align-left\" data-align=\"left\"><strong><a href=\"https:\/\/dges-sal.infd.edu.ar\/sitio\/wp-content\/uploads\/2024\/12\/RESOLUCION-SPE-Y-DPD-N%C2%B0-90-24-TECN-SUP-EN-HIGIENE-SEGURIDAD-LABORAL-Y-DESARROLLO-AMBIENTAL-SOSTENIBLE.pdf\" data-type=\"URL\" data-id=\"https:\/\/dges-sal.infd.edu.ar\/sitio\/wp-content\/uploads\/2024\/12\/RESOLUCION-SPE-Y-DPD-N%C2%B0-90-24-TECN-SUP-EN-HIGIENE-SEGURIDAD-LABORAL-Y-DESARROLLO-AMBIENTAL-SOSTENIBLE.pdf\">Tecnicatura Superior en Higiene , Seguridad Laboral y Desarrollo Ambiental Sostenible<\/a><\/strong><\/td><td class=\"has-text-align-center\" data-align=\"center\"><strong><sup>Sede<\/sup><\/strong><br>San Antonio de los Cobres<\/td><\/tr><\/tbody><\/table><\/figure>\n<\/div>\n\n\n\n<div class=\"wp-block-column is-layout-flow\" style=\"flex-basis:80px\"><\/div>\n\n\n\n<div class=\"wp-block-column is-layout-flow\">\n<p class=\"has-text-align-right has-contrast-3-color has-text-color\"><strong><mark style=\"background-color:rgba(0, 0, 0, 0);color:#775ca4\" class=\"has-inline-color\"><a href=\"https:\/\/dges-sal.infd.edu.ar\/sitio\/6028-2\/\" data-type=\"URL\" data-id=\"https:\/\/dges-sal.infd.edu.ar\/sitio\/6028-2\/\">+ Info del Instituto<\/a><\/mark><\/strong><\/p>\n\n\n\n<div class=\"wp-block-columns is-layout-flex wp-container-5\">\n<div class=\"wp-block-column is-layout-flow\">\n<h2 class=\"wp-block-heading has-text-align-center\"><img decoding=\"async\" style=\"width: 60px;\" src=\"https:\/\/dges-sal.infd.edu.ar\/sitio\/wp-content\/uploads\/2023\/07\/Recurso-3-1.png\" alt=\"\"> 6 0 3 7 \/ 0 4<\/h2>\n\n\n\n<p class=\"has-text-align-center has-contrast-3-color has-text-color\"><strong><strong>Sede Din\u00e1mica de Coronel Moldes<\/strong><\/strong><\/p>\n\n\n\n<figure class=\"wp-block-table is-style-stripes\" style=\"font-style:normal;font-weight:300\"><table class=\"has-background has-fixed-layout\" style=\"background-color:#9cc88b\"><thead><tr><th class=\"has-text-align-left\" data-align=\"left\"><mark style=\"background-color:rgba(0, 0, 0, 0)\" class=\"has-inline-color has-base-3-color\"><mark style=\"background-color:rgba(0, 0, 0, 0)\" class=\"has-inline-color has-base-3-color\">PROFESORADOS (4 a\u00f1os)<\/mark><\/mark><\/th><th class=\"has-text-align-center\" data-align=\"center\"><img decoding=\"async\" loading=\"lazy\" width=\"63\" height=\"92\" class=\"wp-image-11518\" style=\"width: 35px;\" src=\"https:\/\/dges-sal.infd.edu.ar\/sitio\/wp-content\/uploads\/2023\/07\/Recurso-4.png\" alt=\"\"><\/th><\/tr><\/thead><tbody><tr><td class=\"has-text-align-left\" data-align=\"left\"><strong><a href=\"https:\/\/dges-sal.infd.edu.ar\/sitio\/profesorados\/upload\/Disenio_Curricular_Educacion_Especial_con_Disc_Intelectual__Resolucion_539.pdf\" data-type=\"URL\" data-id=\"https:\/\/dges-sal.infd.edu.ar\/sitio\/profesorados\/upload\/Disenio_Curricular_Educacion_Especial_con_Disc_Intelectual__Resolucion_539.pdf\">Profesorado de Educaci\u00f3n Especial con Orientaci\u00f3n en Discapacidad Intelectual<\/a><\/strong><\/td><td class=\"has-text-align-center\" data-align=\"center\"><strong><sup>Sede<\/sup><\/strong><br>La Poma<\/td><\/tr><\/tbody><\/table><\/figure>\n<\/div>\n<\/div>\n<\/div>\n\n\n\n<div class=\"wp-block-column is-layout-flow\" style=\"flex-basis:50px\"><\/div>\n<\/div>\n","protected":false},"excerpt":{"rendered":"<p>La Poma \/ Los Andes + Info del Instituto 6028 Instituto Superior de Formaci\u00f3n Docente PROFESORADOS (4 a\u00f1os) Profesorado de Educaci\u00f3n Primaria SedeSan Antonio de los Cobres TECNICATURAS (3 a\u00f1os) Tecnicatura Superior en Higiene , Seguridad Laboral y Desarrollo Ambiental Sostenible SedeSan Antonio de los Cobres + Info del Instituto 6 0 3 7 \/ &#8230; <a title=\"La Poma &#8211; Los Andes\" class=\"read-more\" href=\"https:\/\/dges-sal.infd.edu.ar\/sitio\/la-poma-los-andes\/\" aria-label=\"More on La Poma &#8211; Los Andes\">[+]<\/a><\/p>\n","protected":false},"author":9605,"featured_media":0,"parent":0,"menu_order":0,"comment_status":"closed","ping_status":"closed","template":"","meta":[],"acf":[],"_links":{"self":[{"href":"https:\/\/dges-sal.infd.edu.ar\/sitio\/wp-json\/wp\/v2\/pages\/11852"}],"collection":[{"href":"https:\/\/dges-sal.infd.edu.ar\/sitio\/wp-json\/wp\/v2\/pages"}],"about":[{"href":"https:\/\/dges-sal.infd.edu.ar\/sitio\/wp-json\/wp\/v2\/types\/page"}],"author":[{"embeddable":true,"href":"https:\/\/dges-sal.infd.edu.ar\/sitio\/wp-json\/wp\/v2\/users\/9605"}],"replies":[{"embeddable":true,"href":"https:\/\/dges-sal.infd.edu.ar\/sitio\/wp-json\/wp\/v2\/comments?post=11852"}],"version-history":[{"count":20,"href":"https:\/\/dges-sal.infd.edu.ar\/sitio\/wp-json\/wp\/v2\/pages\/11852\/revisions"}],"predecessor-version":[{"id":17111,"href":"https:\/\/dges-sal.infd.edu.ar\/sitio\/wp-json\/wp\/v2\/pages\/11852\/revisions\/17111"}],"wp:attachment":[{"href":"https:\/\/dges-sal.infd.edu.ar\/sitio\/wp-json\/wp\/v2\/media?parent=11852"}],"curies":[{"name":"wp","href":"https:\/\/api.w.org\/{rel}","templated":true}]}}