{"id":11748,"date":"2023-08-08T21:28:37","date_gmt":"2023-08-09T00:28:37","guid":{"rendered":"https:\/\/dges-sal.infd.edu.ar\/sitio\/?page_id=11748"},"modified":"2026-02-09T21:20:30","modified_gmt":"2026-02-10T00:20:30","slug":"anta","status":"publish","type":"page","link":"https:\/\/dges-sal.infd.edu.ar\/sitio\/anta\/","title":{"rendered":"Anta"},"content":{"rendered":"\n<figure class=\"wp-block-image alignfull size-full\"><img decoding=\"async\" loading=\"lazy\" width=\"1900\" height=\"516\" src=\"https:\/\/dges-sal.infd.edu.ar\/sitio\/wp-content\/uploads\/2025\/12\/oferta-2026-en-oferta-de-profesorados-chico-2026-png.png\" alt=\"\" class=\"wp-image-16866\" srcset=\"https:\/\/dges-sal.infd.edu.ar\/sitio\/wp-content\/uploads\/2025\/12\/oferta-2026-en-oferta-de-profesorados-chico-2026-png.png 1900w, https:\/\/dges-sal.infd.edu.ar\/sitio\/wp-content\/uploads\/2025\/12\/oferta-2026-en-oferta-de-profesorados-chico-2026-png-1000x272.png 1000w, https:\/\/dges-sal.infd.edu.ar\/sitio\/wp-content\/uploads\/2025\/12\/oferta-2026-en-oferta-de-profesorados-chico-2026-png-768x209.png 768w, https:\/\/dges-sal.infd.edu.ar\/sitio\/wp-content\/uploads\/2025\/12\/oferta-2026-en-oferta-de-profesorados-chico-2026-png-1536x417.png 1536w\" sizes=\"(max-width: 1900px) 100vw, 1900px\" \/><\/figure>\n\n\n\n<h1 class=\"wp-block-heading has-text-align-center\" style=\"font-size:28px;font-style:normal;font-weight:900;letter-spacing:10px;text-transform:uppercase\">Anta<\/h1>\n\n\n\n<div class=\"wp-block-columns alignfull is-layout-flex wp-container-6\">\n<div class=\"wp-block-column is-layout-flow\" style=\"flex-basis:50px\"><\/div>\n\n\n\n<div class=\"wp-block-column is-layout-flow\">\n<p class=\"has-text-align-right\" style=\"font-style:italic;font-weight:400\"><strong><mark style=\"background-color:rgba(0, 0, 0, 0);color:#775ca4\" class=\"has-inline-color\"><a href=\"https:\/\/dges-sal.infd.edu.ar\/sitio\/6008-2\/\">+ Info del Instituto<\/a><\/mark><\/strong><\/p>\n\n\n\n<h2 class=\"wp-block-heading has-text-align-center has-contrast-2-color has-text-color\" style=\"font-style:normal;font-weight:900;letter-spacing:10px\"><img decoding=\"async\" loading=\"lazy\" width=\"128\" height=\"141\" class=\"wp-image-11498\" style=\"width: 60px;\" src=\"https:\/\/dges-sal.infd.edu.ar\/sitio\/wp-content\/uploads\/2023\/07\/Recurso-3-1.png\" alt=\"\"> 6008<\/h2>\n\n\n\n<p class=\"has-text-align-center has-contrast-3-color has-text-color\"><strong>Instituto Sup. De Formaci\u00f3n Docente \u00abDip. Pcial. Hermenegildo Guillermo Armando\u00bb<\/strong><\/p>\n\n\n\n<figure class=\"wp-block-table is-style-stripes\" style=\"font-style:normal;font-weight:300\"><table class=\"has-background has-fixed-layout\" style=\"background-color:#9cc88b\"><thead><tr><th class=\"has-text-align-left\" data-align=\"left\"><mark style=\"background-color:rgba(0, 0, 0, 0)\" class=\"has-inline-color has-base-3-color\"><mark style=\"background-color:rgba(0, 0, 0, 0)\" class=\"has-inline-color has-base-3-color\">PROFESORADOS (4 a\u00f1os)<\/mark><\/mark><\/th><th class=\"has-text-align-center\" data-align=\"center\"><img decoding=\"async\" loading=\"lazy\" width=\"63\" height=\"92\" class=\"wp-image-11518\" style=\"width: 35px;\" src=\"https:\/\/dges-sal.infd.edu.ar\/sitio\/wp-content\/uploads\/2023\/07\/Recurso-4.png\" alt=\"\"><\/th><\/tr><\/thead><tbody><tr><td class=\"has-text-align-left\" data-align=\"left\"><strong><a href=\"https:\/\/dges-sal.infd.edu.ar\/aula\/archivos\/repositorio\/500\/610\/Res._1229-19_PEP.pdf\">Profesorado de Educaci\u00f3n Primaria<\/a><\/strong><\/td><td class=\"has-text-align-center\" data-align=\"center\"><strong><sup>Sede<\/sup><\/strong><br>Apolinario Saravia<\/td><\/tr><tr><td class=\"has-text-align-left\" data-align=\"left\"><strong><a href=\"https:\/\/dges-sal.infd.edu.ar\/sitio\/profesorados\/upload\/Res-3125-14.Matematica_pdf.pdf\">Profesorado de Educaci\u00f3n Secundaria en Matem\u00e1tica<\/a><\/strong><\/td><td class=\"has-text-align-center\" data-align=\"center\"><strong><sup>Sede<\/sup><\/strong><br>Apolinario Saravia<\/td><\/tr><\/tbody><\/table><\/figure>\n\n\n\n<p class=\"has-text-align-right\" style=\"font-style:italic;font-weight:400\"><strong><mark style=\"background-color:rgba(0, 0, 0, 0);color:#775ca4\" class=\"has-inline-color\"><a href=\"https:\/\/dges-sal.infd.edu.ar\/sitio\/6013-2\/\">+ Info del Instituto<\/a><\/mark><\/strong><\/p>\n\n\n\n<h2 class=\"wp-block-heading has-text-align-center has-contrast-2-color has-text-color\" style=\"font-style:normal;font-weight:900;letter-spacing:10px\"><img decoding=\"async\" loading=\"lazy\" width=\"146\" height=\"147\" class=\"wp-image-11553\" style=\"width: 60px;\" src=\"https:\/\/dges-sal.infd.edu.ar\/sitio\/wp-content\/uploads\/2023\/07\/Recurso-6.png\" alt=\"\"> 6013<\/h2>\n\n\n\n<p class=\"has-text-align-center has-contrast-3-color has-text-color\"><strong>Profesorado para la Ense\u00f1anza Primaria con Modalidades<\/strong><\/p>\n\n\n\n<figure class=\"wp-block-table is-style-stripes\" style=\"font-style:normal;font-weight:300\"><table class=\"has-background has-fixed-layout\" style=\"background-color:#9cc88b\"><thead><tr><th class=\"has-text-align-left\" data-align=\"left\"><mark style=\"background-color:rgba(0, 0, 0, 0)\" class=\"has-inline-color has-base-3-color\"><mark style=\"background-color:rgba(0, 0, 0, 0)\" class=\"has-inline-color has-base-3-color\">PROFESORADOS (4 a\u00f1os)<\/mark><\/mark><\/th><th class=\"has-text-align-center\" data-align=\"center\"><img decoding=\"async\" loading=\"lazy\" width=\"63\" height=\"92\" class=\"wp-image-11518\" style=\"width: 35px;\" src=\"https:\/\/dges-sal.infd.edu.ar\/sitio\/wp-content\/uploads\/2023\/07\/Recurso-4.png\" alt=\"\"><\/th><\/tr><\/thead><tbody><tr><td class=\"has-text-align-left\" data-align=\"left\"><strong><a href=\"https:\/\/dges-sal.infd.edu.ar\/aula\/archivos\/repositorio\/500\/608\/Res._1219-19_Profesorado_de_Ingles.pdf\">Profesorado de Ingl\u00e9s<\/a><\/strong><\/td><td class=\"has-text-align-center\" data-align=\"center\"><strong><sup>Sede<\/sup><\/strong><br>El Quebrachal<\/td><\/tr><\/tbody><\/table><\/figure>\n\n\n\n<figure class=\"wp-block-table is-style-stripes\" style=\"font-style:normal;font-weight:300\"><table class=\"has-background has-fixed-layout\" style=\"background-color:#f28f49\"><thead><tr><th class=\"has-text-align-left\" data-align=\"left\"><mark style=\"background-color:rgba(0, 0, 0, 0)\" class=\"has-inline-color has-base-3-color\">TECNICATURAS (3 a\u00f1os)<\/mark><\/th><th class=\"has-text-align-center\" data-align=\"center\"><mark style=\"background-color:rgba(0, 0, 0, 0)\" class=\"has-inline-color has-base-3-color\"><img decoding=\"async\" loading=\"lazy\" width=\"63\" height=\"92\" class=\"wp-image-11518\" style=\"width: 35px;\" src=\"https:\/\/dges-sal.infd.edu.ar\/sitio\/wp-content\/uploads\/2023\/07\/Recurso-4.png\" alt=\"\"><\/mark><\/th><\/tr><\/thead><tbody><tr><td class=\"has-text-align-left\" data-align=\"left\"><strong><a href=\"https:\/\/drive.google.com\/file\/d\/1INulN9u6xwrf2JAfRcCg54_YmsiRq3Xj\/view?usp=sharing\">Tecnicatura Superior en Marketing Digital<\/a><\/strong><\/td><td class=\"has-text-align-center\" data-align=\"center\"><sup><strong>Sede<\/strong><\/sup><br>El Quebrachal<sup><strong> <\/strong><\/sup><\/td><\/tr><\/tbody><\/table><\/figure>\n<\/div>\n\n\n\n<div class=\"wp-block-column is-layout-flow\" style=\"flex-basis:80px\"><\/div>\n\n\n\n<div class=\"wp-block-column is-layout-flow\">\n<p class=\"has-text-align-right\" style=\"font-style:italic;font-weight:400\"><strong><mark style=\"background-color:rgba(0, 0, 0, 0);color:#775ca4\" class=\"has-inline-color\"><a href=\"https:\/\/dges-sal.infd.edu.ar\/sitio\/6019-2\/\">+ Info del Instituto<\/a><\/mark><\/strong><\/p>\n\n\n\n<h2 class=\"wp-block-heading has-text-align-center has-contrast-2-color has-text-color\" style=\"font-style:normal;font-weight:900;letter-spacing:10px\"><img decoding=\"async\" loading=\"lazy\" width=\"129\" height=\"146\" class=\"wp-image-11557\" style=\"width: 60px;\" src=\"https:\/\/dges-sal.infd.edu.ar\/sitio\/wp-content\/uploads\/2023\/07\/Recurso-8.png\" alt=\"\"> 6019<\/h2>\n\n\n\n<p class=\"has-text-align-center has-contrast-3-color has-text-color\"><strong>Instituto de Educaci\u00f3n Superior \u00abDr. Joaqu\u00edn V. Gonz\u00e1lez\u00bb<\/strong><\/p>\n\n\n\n<figure class=\"wp-block-table is-style-stripes\" style=\"font-style:normal;font-weight:300\"><table class=\"has-background has-fixed-layout\" style=\"background-color:#9cc88b\"><thead><tr><th class=\"has-text-align-left\" data-align=\"left\"><mark style=\"background-color:rgba(0, 0, 0, 0)\" class=\"has-inline-color has-base-3-color\"><mark style=\"background-color:rgba(0, 0, 0, 0)\" class=\"has-inline-color has-base-3-color\">PROFESORADOS (4 a\u00f1os)<\/mark><\/mark><\/th><th class=\"has-text-align-center\" data-align=\"center\"><img decoding=\"async\" loading=\"lazy\" width=\"63\" height=\"92\" class=\"wp-image-11518\" style=\"width: 35px;\" src=\"https:\/\/dges-sal.infd.edu.ar\/sitio\/wp-content\/uploads\/2023\/07\/Recurso-4.png\" alt=\"\"><\/th><\/tr><\/thead><tbody><tr><td class=\"has-text-align-left\" data-align=\"left\"><strong><a href=\"https:\/\/dges-sal.infd.edu.ar\/sitio\/profesorados\/upload\/Res-475-15.pdf\">Profesorado de Educaci\u00f3n Secundaria en Ciencia Pol\u00edtica<\/a><\/strong><\/td><td class=\"has-text-align-center\" data-align=\"center\"><strong><sup>Sede<\/sup><\/strong><br>J. V. Gonz\u00e1lez<\/td><\/tr><tr><td class=\"has-text-align-left\" data-align=\"left\"><strong><a href=\"https:\/\/dges-sal.infd.edu.ar\/sitio\/wp-content\/uploads\/2023\/05\/Res.-014-10-Prof.-de-Teatro.pdf\">Profesorado de Teatro<\/a><\/strong><\/td><td class=\"has-text-align-center\" data-align=\"center\"><strong><sup>Sede<\/sup><\/strong><br>J. V. Gonz\u00e1lez<\/td><\/tr><tr><td class=\"has-text-align-left\" data-align=\"left\"><strong><a href=\"https:\/\/dges-sal.infd.edu.ar\/sitio\/wp-content\/uploads\/2018\/07\/Res-511-14_Prof._de_QUIMICA.pdf\">Profesorado de Educaci\u00f3n Secundaria en Qu\u00edmica<\/a><\/strong><\/td><td class=\"has-text-align-center\" data-align=\"center\"><strong><sup>Sede<\/sup><\/strong><br>J. V. Gonz\u00e1lez<\/td><\/tr><\/tbody><\/table><\/figure>\n\n\n\n<figure class=\"wp-block-table is-style-stripes\" style=\"font-style:normal;font-weight:300\"><table class=\"has-background has-fixed-layout\" style=\"background-color:#f28f49\"><thead><tr><th class=\"has-text-align-left\" data-align=\"left\"><mark style=\"background-color:rgba(0, 0, 0, 0)\" class=\"has-inline-color has-base-3-color\">TECNICATURAS (3 a\u00f1os)<\/mark><\/th><th class=\"has-text-align-center\" data-align=\"center\"><mark style=\"background-color:rgba(0, 0, 0, 0)\" class=\"has-inline-color has-base-3-color\"><img decoding=\"async\" loading=\"lazy\" width=\"63\" height=\"92\" class=\"wp-image-11518\" style=\"width: 35px;\" src=\"https:\/\/dges-sal.infd.edu.ar\/sitio\/wp-content\/uploads\/2023\/07\/Recurso-4.png\" alt=\"\"><\/mark><\/th><\/tr><\/thead><tbody><tr><td class=\"has-text-align-left\" data-align=\"left\"><strong><a href=\"https:\/\/1drv.ms\/b\/s!Am6yXf_zD9cvjJxHvw8SZsLPUD-lUA?e=6Fnc5g\">Tecnicatura Superior en Gesti\u00f3n de Sistemas Agroganaderos<\/a><\/strong><\/td><td class=\"has-text-align-center\" data-align=\"center\"><sup><strong>Sede <\/strong><\/sup><br>J. V. Gonz\u00e1lez<\/td><\/tr><\/tbody><\/table><\/figure>\n\n\n\n<p class=\"has-text-align-right\" style=\"font-style:italic;font-weight:400\"><strong><mark style=\"background-color:rgba(0, 0, 0, 0);color:#775ca4\" class=\"has-inline-color\"><a href=\"https:\/\/dges-sal.infd.edu.ar\/sitio\/6030-2\/\">+ Info del Instituto<\/a><\/mark><\/strong><\/p>\n\n\n\n<p><\/p>\n\n\n\n<h2 class=\"wp-block-heading has-text-align-center has-contrast-2-color has-text-color\" style=\"font-style:normal;font-weight:900;letter-spacing:10px\"><img decoding=\"async\" loading=\"lazy\" width=\"128\" height=\"146\" class=\"wp-image-11562\" style=\"width: 60px;\" src=\"https:\/\/dges-sal.infd.edu.ar\/sitio\/wp-content\/uploads\/2023\/07\/Recurso-9.png\" alt=\"\"> 6030<\/h2>\n\n\n\n<p class=\"has-text-align-center has-contrast-3-color has-text-color\"><strong>Instituto de Carreras Superiores<\/strong><\/p>\n\n\n\n<figure class=\"wp-block-table is-style-stripes\" style=\"font-style:normal;font-weight:300\"><table class=\"has-background has-fixed-layout\" style=\"background-color:#9cc88b\"><thead><tr><th class=\"has-text-align-left\" data-align=\"left\"><mark style=\"background-color:rgba(0, 0, 0, 0)\" class=\"has-inline-color has-base-3-color\"><mark style=\"background-color:rgba(0, 0, 0, 0)\" class=\"has-inline-color has-base-3-color\">PROFESORADOS (4 a\u00f1os)<\/mark><\/mark><\/th><th class=\"has-text-align-center\" data-align=\"center\"><img decoding=\"async\" loading=\"lazy\" width=\"63\" height=\"92\" class=\"wp-image-11518\" style=\"width: 35px;\" src=\"https:\/\/dges-sal.infd.edu.ar\/sitio\/wp-content\/uploads\/2023\/07\/Recurso-4.png\" alt=\"\"><\/th><\/tr><\/thead><tbody><tr><td class=\"has-text-align-left\" data-align=\"left\"><strong><a href=\"https:\/\/dges-sal.infd.edu.ar\/aula\/archivos\/repositorio\/\/1500\/1664\/PROFESORADO_DE_EDUCACION_PRIMARIA_Res._1229-19_PEP.pdf\">Profesorado de Educaci\u00f3n Primaria<\/a><\/strong><\/td><td class=\"has-text-align-center\" data-align=\"center\"><strong><sup>Sede<\/sup><\/strong><br>Las Lajitas<\/td><\/tr><\/tbody><\/table><\/figure>\n\n\n\n<figure class=\"wp-block-table is-style-stripes\" style=\"font-style:normal;font-weight:300\"><table class=\"has-background has-fixed-layout\" style=\"background-color:#f28f49\"><thead><tr><th class=\"has-text-align-left\" data-align=\"left\"><mark style=\"background-color:rgba(0, 0, 0, 0)\" class=\"has-inline-color has-base-3-color\">TECNICATURAS (3 a\u00f1os)<\/mark><\/th><th class=\"has-text-align-center\" data-align=\"center\"><mark style=\"background-color:rgba(0, 0, 0, 0)\" class=\"has-inline-color has-base-3-color\"><img decoding=\"async\" loading=\"lazy\" width=\"63\" height=\"92\" class=\"wp-image-11518\" style=\"width: 35px;\" src=\"https:\/\/dges-sal.infd.edu.ar\/sitio\/wp-content\/uploads\/2023\/07\/Recurso-4.png\" alt=\"\"><\/mark><\/th><\/tr><\/thead><tbody><tr><td class=\"has-text-align-left\" data-align=\"left\"><strong><a href=\"https:\/\/drive.google.com\/file\/d\/1W0vspS_NwuYblGJv54igKiQVTK-KYpe2\/view\">Tecnicatura Superior en An\u00e1lisis de Sistemas y Desarrollo de Software<\/a><\/strong><\/td><td class=\"has-text-align-center\" data-align=\"center\"><sup><strong>Sede <\/strong><\/sup><br>Las Lajitas<\/td><\/tr><\/tbody><\/table><\/figure>\n<\/div>\n\n\n\n<div class=\"wp-block-column is-layout-flow\" style=\"flex-basis:50px\"><\/div>\n<\/div>\n","protected":false},"excerpt":{"rendered":"<p>Anta + Info del Instituto 6008 Instituto Sup. De Formaci\u00f3n Docente \u00abDip. Pcial. Hermenegildo Guillermo Armando\u00bb PROFESORADOS (4 a\u00f1os) Profesorado de Educaci\u00f3n Primaria SedeApolinario Saravia Profesorado de Educaci\u00f3n Secundaria en Matem\u00e1tica SedeApolinario Saravia + Info del Instituto 6013 Profesorado para la Ense\u00f1anza Primaria con Modalidades PROFESORADOS (4 a\u00f1os) Profesorado de Ingl\u00e9s SedeEl Quebrachal TECNICATURAS (3 &#8230; <a title=\"Anta\" class=\"read-more\" href=\"https:\/\/dges-sal.infd.edu.ar\/sitio\/anta\/\" aria-label=\"More on Anta\">[+]<\/a><\/p>\n","protected":false},"author":9605,"featured_media":0,"parent":0,"menu_order":0,"comment_status":"closed","ping_status":"closed","template":"","meta":[],"acf":[],"_links":{"self":[{"href":"https:\/\/dges-sal.infd.edu.ar\/sitio\/wp-json\/wp\/v2\/pages\/11748"}],"collection":[{"href":"https:\/\/dges-sal.infd.edu.ar\/sitio\/wp-json\/wp\/v2\/pages"}],"about":[{"href":"https:\/\/dges-sal.infd.edu.ar\/sitio\/wp-json\/wp\/v2\/types\/page"}],"author":[{"embeddable":true,"href":"https:\/\/dges-sal.infd.edu.ar\/sitio\/wp-json\/wp\/v2\/users\/9605"}],"replies":[{"embeddable":true,"href":"https:\/\/dges-sal.infd.edu.ar\/sitio\/wp-json\/wp\/v2\/comments?post=11748"}],"version-history":[{"count":19,"href":"https:\/\/dges-sal.infd.edu.ar\/sitio\/wp-json\/wp\/v2\/pages\/11748\/revisions"}],"predecessor-version":[{"id":17108,"href":"https:\/\/dges-sal.infd.edu.ar\/sitio\/wp-json\/wp\/v2\/pages\/11748\/revisions\/17108"}],"wp:attachment":[{"href":"https:\/\/dges-sal.infd.edu.ar\/sitio\/wp-json\/wp\/v2\/media?parent=11748"}],"curies":[{"name":"wp","href":"https:\/\/api.w.org\/{rel}","templated":true}]}}