{"id":11732,"date":"2023-08-08T13:41:57","date_gmt":"2023-08-08T16:41:57","guid":{"rendered":"https:\/\/dges-sal.infd.edu.ar\/sitio\/?page_id=11732"},"modified":"2025-07-07T10:04:23","modified_gmt":"2025-07-07T13:04:23","slug":"ies-6019-convocatoria-2023-para-acceso-al-cargo-de-rector","status":"publish","type":"page","link":"https:\/\/dges-sal.infd.edu.ar\/sitio\/ies-6019-convocatoria-2023-para-acceso-al-cargo-de-rector\/","title":{"rendered":"IES 6019 Convocatoria 2023 para acceso al cargo de Rector"},"content":{"rendered":"\n<h1 class=\"wp-block-heading\"><\/h1>\n\n\n\n<p>Convocatoria <a rel=\"noreferrer noopener\" href=\"https:\/\/drive.google.com\/file\/d\/1Kv3i4DkJUG79tm_vlkktQVi94C6qLkmZ\/view\" target=\"_blank\">Disp. 188\/23<\/a> &nbsp;y <a href=\"https:\/\/dges-sal.infd.edu.ar\/sitio\/wp-content\/uploads\/2023\/12\/Disp-397-2023-DGES-IES-6019-Rector-2da-convocatoria.pdf\" target=\"_blank\" rel=\"noreferrer noopener\">Disp. 397\/23<\/a> cobertura de cargo de&nbsp;<strong>Rector&nbsp;de Instituto de Educaci\u00f3n Superior N\u00b0 6019<\/strong><\/p>\n\n\n\n<p>Archivos seg\u00fan <a rel=\"noreferrer noopener\" href=\"https:\/\/drive.google.com\/file\/d\/1Kv3i4DkJUG79tm_vlkktQVi94C6qLkmZ\/view\" target=\"_blank\">Disp. 188\/23<\/a> &nbsp;y <a href=\"https:\/\/dges-sal.infd.edu.ar\/sitio\/wp-content\/uploads\/2023\/12\/Disp-397-2023-DGES-IES-6019-Rector-2da-convocatoria.pdf\">Disp. 397\/23<\/a> cobertura de cargo de&nbsp;<strong>Rector&nbsp;de Instituto de Educaci\u00f3n Superior N\u00b0 6019<\/strong><\/p>\n\n\n\n<figure class=\"wp-block-table\"><table><tbody><tr><td><strong>N\u00f3mina de aspirantes inscriptos<\/strong><\/td><td><strong>Nomina definitiva de aspirantes<\/strong><\/td><td><strong>Disposici\u00f3n nuevo tribunal (si correspondiere)<\/strong><\/td><td><strong>Dictamen evaluaci\u00f3n de T\u00edtulos y Antecedentes<\/strong><\/td><td><strong>Fecha de Examen Escrito y Resultados<\/strong><\/td><td><strong>Fecha de Exposici\u00f3n y defensa oral de la propuesta de Gesti\u00f3n y Resultados<\/strong><\/td><td><strong>Disposiciones<\/strong>&nbsp;<strong>DGES<\/strong><\/td><\/tr><tr><td>2da Convocatoria<br>Archivo <a rel=\"noreferrer noopener\" href=\"https:\/\/dges-sal.infd.edu.ar\/sitio\/wp-content\/uploads\/2023\/12\/Acta-de-Cierre-6019-Rctor-2da-Convocatoria.pdf\" target=\"_blank\"><strong>AQU\u00cd<\/strong><\/a><\/td><td>Archivo&nbsp;<strong>AQU\u00cd<\/strong><\/td><td>Archivo&nbsp;<strong>AQU\u00cd<\/strong><\/td><td>Archivo&nbsp;<strong><a href=\"https:\/\/dges-sal.infd.edu.ar\/sitio\/wp-content\/uploads\/2024\/03\/Acta-CE-cobertura-Rector-IES-6019-16-02-24.pdf\" target=\"_blank\" rel=\"noreferrer noopener\">AQU\u00cd<\/a><\/strong><\/td><td>Archivo&nbsp;<a href=\"https:\/\/dges-sal.infd.edu.ar\/sitio\/wp-content\/uploads\/2024\/04\/ACTA-COMISION-EVALUADORA-RECTOR-IES-6019-2024.pdf\" target=\"_blank\" rel=\"noreferrer noopener\"><strong>AQU\u00cd<\/strong>&nbsp;<\/a> <strong>Resultado: AQU\u00cd<\/strong><\/td><td>Archivo&nbsp;<a href=\"https:\/\/dges-sal.infd.edu.ar\/sitio\/wp-content\/uploads\/2024\/04\/6019-JV-Gonzalez-rector-fecha-de-exposicion-oral.jpg\" target=\"_blank\" rel=\"noreferrer noopener\"><strong>AQU\u00cd<\/strong>&nbsp;<\/a> <strong>Resultado: AQU\u00cd<\/strong><\/td><td>Archivo\u00a0<strong><a href=\"https:\/\/dges-sal.infd.edu.ar\/sitio\/wp-content\/uploads\/2025\/07\/Disp.-158-24-DGES-IES-6019-Aprobar-procedimiento-concursal-rector.pdf\" target=\"_blank\" rel=\"noreferrer noopener\">AQU\u00cd<\/a><\/strong><\/td><\/tr><tr><td>1ra Convocatoria<br>Archivo&nbsp;&nbsp;<strong><a href=\"https:\/\/dges-sal.infd.edu.ar\/sitio\/wp-content\/uploads\/2023\/08\/Acta-de-Cierre-de-Inscripcion-IES-6019-Rector.pdf\" target=\"_blank\" rel=\"noreferrer noopener\">AQU\u00cd<\/a><\/strong><\/td><td>&nbsp; &nbsp; Archivo&nbsp;<strong>AQU\u00cd<\/strong><br><\/td><td>&nbsp; Archivo&nbsp;<strong>AQU\u00cd<\/strong><\/td><td>&nbsp; Archivo&nbsp;&nbsp;<strong><a href=\"https:\/\/dges-sal.infd.edu.ar\/sitio\/wp-content\/uploads\/2023\/09\/Acta-Comision-evaluadora-6019-Rector-a.pdf\" target=\"_blank\" rel=\"noreferrer noopener\">AQU\u00cd<\/a><\/strong><\/td><td>&nbsp; Archivo&nbsp;<a rel=\"noreferrer noopener\" href=\"https:\/\/dges-sal.infd.edu.ar\/sitio\/wp-content\/uploads\/2023\/11\/Fecha-de-examen-escrito-Rector-del-IES-6019.pdf\" target=\"_blank\"><strong>AQU\u00cd<\/strong>&nbsp;<\/a> Resultado:<strong>&nbsp;<a href=\"https:\/\/dges-sal.infd.edu.ar\/sitio\/wp-content\/uploads\/2023\/11\/Acta-Comision-Evaluadora-examen-escrito-Rector-6019.pdf\" target=\"_blank\" rel=\"noreferrer noopener\">AQU\u00cd<\/a><\/strong><\/td><td>&nbsp; Archivo&nbsp;<strong>AQU\u00cd<\/strong>&nbsp; <strong>Resultado: AQU\u00cd<\/strong><\/td><td>Archivo&nbsp;&nbsp;<strong><a href=\"https:\/\/dges-sal.infd.edu.ar\/sitio\/wp-content\/uploads\/2023\/12\/Disp-397-2023-DGES-IES-6019-Rector-2da-convocatoria.pdf\" target=\"_blank\" rel=\"noreferrer noopener\">AQU\u00cd<\/a><\/strong><\/td><\/tr><\/tbody><\/table><\/figure>\n","protected":false},"excerpt":{"rendered":"<p>Convocatoria Disp. 188\/23 &nbsp;y Disp. 397\/23 cobertura de cargo de&nbsp;Rector&nbsp;de Instituto de Educaci\u00f3n Superior N\u00b0 6019 Archivos seg\u00fan Disp. 188\/23 &nbsp;y Disp. 397\/23 cobertura de cargo de&nbsp;Rector&nbsp;de Instituto de Educaci\u00f3n Superior N\u00b0 6019 N\u00f3mina de aspirantes inscriptos Nomina definitiva de aspirantes Disposici\u00f3n nuevo tribunal (si correspondiere) Dictamen evaluaci\u00f3n de T\u00edtulos y Antecedentes Fecha de Examen &#8230; <a title=\"IES 6019 Convocatoria 2023 para acceso al cargo de Rector\" class=\"read-more\" href=\"https:\/\/dges-sal.infd.edu.ar\/sitio\/ies-6019-convocatoria-2023-para-acceso-al-cargo-de-rector\/\" aria-label=\"More on IES 6019 Convocatoria 2023 para acceso al cargo de Rector\">[+]<\/a><\/p>\n","protected":false},"author":790,"featured_media":0,"parent":0,"menu_order":0,"comment_status":"closed","ping_status":"closed","template":"","meta":[],"acf":[],"_links":{"self":[{"href":"https:\/\/dges-sal.infd.edu.ar\/sitio\/wp-json\/wp\/v2\/pages\/11732"}],"collection":[{"href":"https:\/\/dges-sal.infd.edu.ar\/sitio\/wp-json\/wp\/v2\/pages"}],"about":[{"href":"https:\/\/dges-sal.infd.edu.ar\/sitio\/wp-json\/wp\/v2\/types\/page"}],"author":[{"embeddable":true,"href":"https:\/\/dges-sal.infd.edu.ar\/sitio\/wp-json\/wp\/v2\/users\/790"}],"replies":[{"embeddable":true,"href":"https:\/\/dges-sal.infd.edu.ar\/sitio\/wp-json\/wp\/v2\/comments?post=11732"}],"version-history":[{"count":12,"href":"https:\/\/dges-sal.infd.edu.ar\/sitio\/wp-json\/wp\/v2\/pages\/11732\/revisions"}],"predecessor-version":[{"id":16015,"href":"https:\/\/dges-sal.infd.edu.ar\/sitio\/wp-json\/wp\/v2\/pages\/11732\/revisions\/16015"}],"wp:attachment":[{"href":"https:\/\/dges-sal.infd.edu.ar\/sitio\/wp-json\/wp\/v2\/media?parent=11732"}],"curies":[{"name":"wp","href":"https:\/\/api.w.org\/{rel}","templated":true}]}}