{"id":11726,"date":"2023-08-08T13:36:53","date_gmt":"2023-08-08T16:36:53","guid":{"rendered":"https:\/\/dges-sal.infd.edu.ar\/sitio\/?page_id=11726"},"modified":"2024-03-01T15:03:44","modified_gmt":"2024-03-01T18:03:44","slug":"ies-6021-convocatoria-2023-para-acceso-al-cargo-de-rector","status":"publish","type":"page","link":"https:\/\/dges-sal.infd.edu.ar\/sitio\/ies-6021-convocatoria-2023-para-acceso-al-cargo-de-rector\/","title":{"rendered":"IES 6021 Convocatoria 2023 para acceso al cargo de Rector"},"content":{"rendered":"\n<p>Convocatoria <a href=\"https:\/\/dges-sal.infd.edu.ar\/sitio\/wp-content\/uploads\/2023\/10\/Disp-299-2023-DGES-IES-6021-Rector-1ra-convocatoria.pdf\" target=\"_blank\" rel=\"noreferrer noopener\">Disp. 299\/23<\/a> &nbsp;cobertura de cargo de&nbsp;<strong>Rector&nbsp;de Instituto de Educaci\u00f3n Superior N\u00b0 6021 \u201cJuan Carlos D\u00e1valos\u201d<\/strong><\/p>\n\n\n\n<p>Archivos seg\u00fan <a href=\"https:\/\/dges-sal.infd.edu.ar\/sitio\/wp-content\/uploads\/2023\/10\/Disp-299-2023-DGES-IES-6021-Rector-1ra-convocatoria.pdf\" target=\"_blank\" rel=\"noreferrer noopener\">Disp. 299\/23<\/a> &nbsp;cobertura de cargo de&nbsp;<strong>Rector&nbsp;de Instituto de Educaci\u00f3n Superior N\u00b0 6021 \u201cJuan Carlos D\u00e1valos\u201d<\/strong><\/p>\n\n\n\n<figure class=\"wp-block-table\"><table><tbody><tr><td><strong>N\u00f3mina de aspirantes inscriptos<\/strong><\/td><td><strong>Nomina definitiva de aspirantes<\/strong><\/td><td><strong>Disposici\u00f3n nuevo tribunal (si correspondiere)<\/strong><\/td><td><strong>Dictamen evaluaci\u00f3n de T\u00edtulos y Antecedentes<\/strong><\/td><td><strong>Fecha de Examen Escrito y Resultados<\/strong><\/td><td><strong>Fecha de Exposici\u00f3n y defensa oral de la propuesta de Gesti\u00f3n y Resultados<\/strong><\/td><td><strong>Disposiciones<\/strong>&nbsp;<strong>DGES<\/strong><\/td><\/tr><tr><td>1ra Convocatoria<br>Archivo&nbsp;&nbsp;<strong><a href=\"https:\/\/dges-sal.infd.edu.ar\/sitio\/wp-content\/uploads\/2023\/11\/Acta-de-Cierre-de-Inscripcion-6021-Rector.pdf\" target=\"_blank\" rel=\"noreferrer noopener\">AQU\u00cd<\/a><\/strong><\/td><td>&nbsp; &nbsp; Archivo&nbsp;<strong><a rel=\"noreferrer noopener\" href=\"https:\/\/dges-sal.infd.edu.ar\/sitio\/wp-content\/uploads\/2023\/12\/Disp-400-2023-DGES-IES-6021-Rector-Aprobar-nomina-definitiva-de-aspirantes.pdf\" target=\"_blank\">AQU\u00cd<\/a><\/strong><br><\/td><td>&nbsp; Archivo&nbsp;<strong>AQU\u00cd<\/strong><\/td><td>\u00a0 Archivo\u00a0\u00a0<strong><a href=\"https:\/\/dges-sal.infd.edu.ar\/sitio\/wp-content\/uploads\/2024\/03\/Acta-CE-cobertura-Rector-IES-6021-16-02-24.pdf\" target=\"_blank\" rel=\"noreferrer noopener\">AQU\u00cd<\/a><\/strong><\/td><td>&nbsp; Archivo&nbsp;<strong>AQU\u00cd<\/strong>&nbsp; Resultado:<strong>&nbsp;AQU\u00cd<\/strong><\/td><td>&nbsp; Archivo&nbsp;<strong>AQU\u00cd<\/strong>&nbsp; <strong>Resultado: AQU\u00cd<\/strong><\/td><td>Archivo&nbsp;&nbsp;<strong>AQU\u00cd<\/strong><br><\/td><\/tr><\/tbody><\/table><\/figure>\n\n\n\n<p>\ufeff<\/p>\n\n\n\n<hr class=\"wp-block-separator has-alpha-channel-opacity\"\/>\n\n\n\n<p>Convocatoria <a href=\"https:\/\/drive.google.com\/file\/d\/1wLBZdflweRylVSiHw1zUGEDEU8c4vEDF\/view\" target=\"_blank\" rel=\"noreferrer noopener\">Disp. 187\/23<\/a> &nbsp;cobertura de cargo de&nbsp;<strong>Rector&nbsp;de Instituto de Educaci\u00f3n Superior N\u00b0 6021 \u201cJuan Carlos D\u00e1valos\u201d<\/strong><\/p>\n\n\n\n<p>Archivos seg\u00fan <a rel=\"noreferrer noopener\" href=\"https:\/\/drive.google.com\/file\/d\/1wLBZdflweRylVSiHw1zUGEDEU8c4vEDF\/view\" target=\"_blank\">Disp. <\/a><a href=\"https:\/\/drive.google.com\/file\/d\/1wLBZdflweRylVSiHw1zUGEDEU8c4vEDF\/view\" target=\"_blank\" rel=\"noreferrer noopener\">187\/23<\/a> &nbsp;cobertura de cargo de&nbsp;<strong>Rector&nbsp;de Instituto de Educaci\u00f3n Superior N\u00b0 6021 \u201cJuan Carlos D\u00e1valos\u201d<\/strong><\/p>\n\n\n\n<figure class=\"wp-block-table\"><table><tbody><tr><td><strong>N\u00f3mina de aspirantes inscriptos<\/strong><\/td><td><strong>Nomina definitiva de aspirantes<\/strong><\/td><td><strong>Disposici\u00f3n nuevo tribunal (si correspondiere)<\/strong><\/td><td><strong>Dictamen evaluaci\u00f3n de T\u00edtulos y Antecedentes<\/strong><\/td><td><strong>Fecha de Examen Escrito y Resultados<\/strong><\/td><td><strong>Fecha de Exposici\u00f3n y defensa oral de la propuesta de Gesti\u00f3n y Resultados<\/strong><\/td><td><strong>Disposiciones<\/strong>&nbsp;<strong>DGES<\/strong><\/td><\/tr><tr><td>1ra Convocatoria<br>Archivo&nbsp;&nbsp;<strong><a href=\"https:\/\/dges-sal.infd.edu.ar\/sitio\/wp-content\/uploads\/2023\/08\/Acta-de-Cierre-de-Inscripcion-IES-6021-Rector.pdf\" target=\"_blank\" rel=\"noreferrer noopener\">AQU\u00cd<\/a><\/strong><\/td><td>&nbsp; &nbsp; Archivo&nbsp;<strong>AQU\u00cd<\/strong><br><\/td><td>&nbsp; Archivo&nbsp;<strong>AQU\u00cd<\/strong><\/td><td>&nbsp; Archivo&nbsp;&nbsp;<strong><a href=\"https:\/\/dges-sal.infd.edu.ar\/sitio\/wp-content\/uploads\/2023\/09\/Acta-Comision-evaluadora-6021-Rector-a.pdf\" target=\"_blank\" rel=\"noreferrer noopener\">AQU\u00cd<\/a><\/strong><\/td><td>&nbsp; Archivo&nbsp;<strong>AQU\u00cd<\/strong>&nbsp; Resultado:<strong>&nbsp;AQU\u00cd<\/strong><\/td><td>&nbsp; Archivo&nbsp;<strong>AQU\u00cd<\/strong>&nbsp; <strong>Resultado: AQU\u00cd<\/strong><\/td><td>Archivo&nbsp;&nbsp;<strong><a rel=\"noreferrer noopener\" href=\"https:\/\/dges-sal.infd.edu.ar\/sitio\/wp-content\/uploads\/2023\/10\/Disp-278-2023-DGES-IES-6021-Nulidad-de-Acta-y-dejar-sin-efecto-la-Disp.-187-23-9.pdf\" target=\"_blank\">AQU\u00cd<\/a><\/strong><br>Corresponde hacer nueva convocatoria.<\/td><\/tr><\/tbody><\/table><\/figure>\n","protected":false},"excerpt":{"rendered":"<p>Convocatoria Disp. 299\/23 &nbsp;cobertura de cargo de&nbsp;Rector&nbsp;de Instituto de Educaci\u00f3n Superior N\u00b0 6021 \u201cJuan Carlos D\u00e1valos\u201d Archivos seg\u00fan Disp. 299\/23 &nbsp;cobertura de cargo de&nbsp;Rector&nbsp;de Instituto de Educaci\u00f3n Superior N\u00b0 6021 \u201cJuan Carlos D\u00e1valos\u201d N\u00f3mina de aspirantes inscriptos Nomina definitiva de aspirantes Disposici\u00f3n nuevo tribunal (si correspondiere) Dictamen evaluaci\u00f3n de T\u00edtulos y Antecedentes Fecha de Examen &#8230; <a title=\"IES 6021 Convocatoria 2023 para acceso al cargo de Rector\" class=\"read-more\" href=\"https:\/\/dges-sal.infd.edu.ar\/sitio\/ies-6021-convocatoria-2023-para-acceso-al-cargo-de-rector\/\" aria-label=\"More on IES 6021 Convocatoria 2023 para acceso al cargo de Rector\">[+]<\/a><\/p>\n","protected":false},"author":790,"featured_media":0,"parent":0,"menu_order":0,"comment_status":"closed","ping_status":"closed","template":"","meta":[],"acf":[],"_links":{"self":[{"href":"https:\/\/dges-sal.infd.edu.ar\/sitio\/wp-json\/wp\/v2\/pages\/11726"}],"collection":[{"href":"https:\/\/dges-sal.infd.edu.ar\/sitio\/wp-json\/wp\/v2\/pages"}],"about":[{"href":"https:\/\/dges-sal.infd.edu.ar\/sitio\/wp-json\/wp\/v2\/types\/page"}],"author":[{"embeddable":true,"href":"https:\/\/dges-sal.infd.edu.ar\/sitio\/wp-json\/wp\/v2\/users\/790"}],"replies":[{"embeddable":true,"href":"https:\/\/dges-sal.infd.edu.ar\/sitio\/wp-json\/wp\/v2\/comments?post=11726"}],"version-history":[{"count":11,"href":"https:\/\/dges-sal.infd.edu.ar\/sitio\/wp-json\/wp\/v2\/pages\/11726\/revisions"}],"predecessor-version":[{"id":12803,"href":"https:\/\/dges-sal.infd.edu.ar\/sitio\/wp-json\/wp\/v2\/pages\/11726\/revisions\/12803"}],"wp:attachment":[{"href":"https:\/\/dges-sal.infd.edu.ar\/sitio\/wp-json\/wp\/v2\/media?parent=11726"}],"curies":[{"name":"wp","href":"https:\/\/api.w.org\/{rel}","templated":true}]}}