{"id":11715,"date":"2023-08-08T13:15:35","date_gmt":"2023-08-08T16:15:35","guid":{"rendered":"https:\/\/dges-sal.infd.edu.ar\/sitio\/?page_id=11715"},"modified":"2023-12-04T10:34:36","modified_gmt":"2023-12-04T13:34:36","slug":"ies-6007-convocatoria-2023-para-acceso-al-cargo-de-rector","status":"publish","type":"page","link":"https:\/\/dges-sal.infd.edu.ar\/sitio\/ies-6007-convocatoria-2023-para-acceso-al-cargo-de-rector\/","title":{"rendered":"IES 6007 Convocatoria 2023 para acceso al cargo de Rector"},"content":{"rendered":"\n<h1 class=\"wp-block-heading\"><\/h1>\n\n\n\n<p>Convocatoria <a href=\"https:\/\/drive.google.com\/file\/d\/1L6SmezMvmbVhaDPTIFakwyP_6cNvOH4H\/view\" target=\"_blank\" rel=\"noreferrer noopener\">Disp. 158\/23<\/a> &nbsp;cobertura de cargo de&nbsp;<strong>Rector&nbsp;de Instituto Superior de Lenguas Vivas N\u00b0 6007<\/strong><\/p>\n\n\n\n<p>Archivos seg\u00fan<a href=\"https:\/\/drive.google.com\/file\/d\/1L6SmezMvmbVhaDPTIFakwyP_6cNvOH4H\/view\" target=\"_blank\" rel=\"noreferrer noopener\"> Disp. 158\/23<\/a> &nbsp;cobertura de cargo de&nbsp;<strong>Rector&nbsp;de Instituto Superior de Lenguas Vivas N\u00b0 6007<\/strong><\/p>\n\n\n\n<figure class=\"wp-block-table\"><table><tbody><tr><td><strong>N\u00f3mina de aspirantes inscriptos<\/strong><\/td><td><strong>Nomina definitiva de aspirantes<\/strong><\/td><td><strong>Disposici\u00f3n nuevo tribunal (si correspondiere)<\/strong><\/td><td><strong>Dictamen evaluaci\u00f3n de T\u00edtulos y Antecedentes<\/strong><\/td><td><strong>Fecha de Examen Escrito y Resultados<\/strong><\/td><td><strong>Fecha de Exposici\u00f3n y defensa oral de la propuesta de Gesti\u00f3n y Resultados<\/strong><\/td><td><strong>Disposiciones<\/strong>&nbsp;<strong>DGES<\/strong><\/td><\/tr><tr><td>1ra Convocatoria<br>Archivo&nbsp;&nbsp;<strong><a href=\"https:\/\/dges-sal.infd.edu.ar\/sitio\/wp-content\/uploads\/2023\/08\/Acta-de-cierre-de-Inscripcion-1ra-convocatoria-Rector-IES-6007.pdf\" target=\"_blank\" rel=\"noreferrer noopener\">AQU\u00cd<\/a><\/strong><\/td><td>&nbsp; &nbsp; Archivo&nbsp;<strong>AQU\u00cd<\/strong><br><\/td><td>&nbsp; Archivo&nbsp;<strong>AQU\u00cd<\/strong><\/td><td>&nbsp; Archivo&nbsp;&nbsp;<strong><a href=\"https:\/\/dges-sal.infd.edu.ar\/sitio\/wp-content\/uploads\/2023\/09\/Acta-Comision-evaluadora-6007-Rector-a.pdf\" target=\"_blank\" rel=\"noreferrer noopener\">AQU\u00cd<\/a><\/strong><\/td><td>&nbsp; Archivo&nbsp;<strong>AQU\u00cd<\/strong>&nbsp; Resultado:<strong>&nbsp;<a href=\"https:\/\/dges-sal.infd.edu.ar\/sitio\/wp-content\/uploads\/2023\/10\/Acta-Comision-Evaluadora-6007-Resultados-examen-escrito.pdf\" target=\"_blank\" rel=\"noreferrer noopener\">AQU\u00cd<\/a><\/strong><\/td><td>&nbsp; Archivo&nbsp;<a rel=\"noreferrer noopener\" href=\"https:\/\/dges-sal.infd.edu.ar\/sitio\/wp-content\/uploads\/2023\/10\/6007-RECTOR-FECHA-DE-OPOSICION-EXPOSICION-Y-DEFENSA-ORAL-DE-LA-PROPUESTA-DE-GESTION-INSTITUCIONAL.jpg\" target=\"_blank\"><strong>AQU\u00cd<\/strong>&nbsp;<\/a> <strong>Resultado: <a href=\"https:\/\/dges-sal.infd.edu.ar\/sitio\/wp-content\/uploads\/2023\/10\/Acta-Comision-Evaluadora-IES-6007-rectora-resultado-oral.pdf\" target=\"_blank\" rel=\"noreferrer noopener\">AQU\u00cd<\/a><\/strong><\/td><td>Archivo\u00a0\u00a0<strong><a href=\"https:\/\/dges-sal.infd.edu.ar\/sitio\/wp-content\/uploads\/2023\/12\/Disp-291-2023-DGES-IES-6007-Rector-a-Aprobar-Proced-Concursal-2.pdf\" target=\"_blank\" rel=\"noreferrer noopener\">AQU\u00cd<\/a><\/strong><\/td><\/tr><\/tbody><\/table><\/figure>\n","protected":false},"excerpt":{"rendered":"<p>Convocatoria Disp. 158\/23 &nbsp;cobertura de cargo de&nbsp;Rector&nbsp;de Instituto Superior de Lenguas Vivas N\u00b0 6007 Archivos seg\u00fan Disp. 158\/23 &nbsp;cobertura de cargo de&nbsp;Rector&nbsp;de Instituto Superior de Lenguas Vivas N\u00b0 6007 N\u00f3mina de aspirantes inscriptos Nomina definitiva de aspirantes Disposici\u00f3n nuevo tribunal (si correspondiere) Dictamen evaluaci\u00f3n de T\u00edtulos y Antecedentes Fecha de Examen Escrito y Resultados Fecha &#8230; <a title=\"IES 6007 Convocatoria 2023 para acceso al cargo de Rector\" class=\"read-more\" href=\"https:\/\/dges-sal.infd.edu.ar\/sitio\/ies-6007-convocatoria-2023-para-acceso-al-cargo-de-rector\/\" aria-label=\"More on IES 6007 Convocatoria 2023 para acceso al cargo de Rector\">[+]<\/a><\/p>\n","protected":false},"author":790,"featured_media":0,"parent":0,"menu_order":0,"comment_status":"closed","ping_status":"closed","template":"","meta":[],"acf":[],"_links":{"self":[{"href":"https:\/\/dges-sal.infd.edu.ar\/sitio\/wp-json\/wp\/v2\/pages\/11715"}],"collection":[{"href":"https:\/\/dges-sal.infd.edu.ar\/sitio\/wp-json\/wp\/v2\/pages"}],"about":[{"href":"https:\/\/dges-sal.infd.edu.ar\/sitio\/wp-json\/wp\/v2\/types\/page"}],"author":[{"embeddable":true,"href":"https:\/\/dges-sal.infd.edu.ar\/sitio\/wp-json\/wp\/v2\/users\/790"}],"replies":[{"embeddable":true,"href":"https:\/\/dges-sal.infd.edu.ar\/sitio\/wp-json\/wp\/v2\/comments?post=11715"}],"version-history":[{"count":9,"href":"https:\/\/dges-sal.infd.edu.ar\/sitio\/wp-json\/wp\/v2\/pages\/11715\/revisions"}],"predecessor-version":[{"id":12589,"href":"https:\/\/dges-sal.infd.edu.ar\/sitio\/wp-json\/wp\/v2\/pages\/11715\/revisions\/12589"}],"wp:attachment":[{"href":"https:\/\/dges-sal.infd.edu.ar\/sitio\/wp-json\/wp\/v2\/media?parent=11715"}],"curies":[{"name":"wp","href":"https:\/\/api.w.org\/{rel}","templated":true}]}}