{"id":11698,"date":"2023-08-08T12:59:14","date_gmt":"2023-08-08T15:59:14","guid":{"rendered":"https:\/\/dges-sal.infd.edu.ar\/sitio\/?page_id=11698"},"modified":"2026-02-09T21:20:07","modified_gmt":"2026-02-10T00:20:07","slug":"metan","status":"publish","type":"page","link":"https:\/\/dges-sal.infd.edu.ar\/sitio\/metan\/","title":{"rendered":"Met\u00e1n"},"content":{"rendered":"\n<figure class=\"wp-block-image alignfull size-full\"><img decoding=\"async\" loading=\"lazy\" width=\"1900\" height=\"516\" src=\"https:\/\/dges-sal.infd.edu.ar\/sitio\/wp-content\/uploads\/2025\/12\/oferta-2026-en-oferta-de-profesorados-chico-2026-png.png\" alt=\"\" class=\"wp-image-16866\" srcset=\"https:\/\/dges-sal.infd.edu.ar\/sitio\/wp-content\/uploads\/2025\/12\/oferta-2026-en-oferta-de-profesorados-chico-2026-png.png 1900w, https:\/\/dges-sal.infd.edu.ar\/sitio\/wp-content\/uploads\/2025\/12\/oferta-2026-en-oferta-de-profesorados-chico-2026-png-1000x272.png 1000w, https:\/\/dges-sal.infd.edu.ar\/sitio\/wp-content\/uploads\/2025\/12\/oferta-2026-en-oferta-de-profesorados-chico-2026-png-768x209.png 768w, https:\/\/dges-sal.infd.edu.ar\/sitio\/wp-content\/uploads\/2025\/12\/oferta-2026-en-oferta-de-profesorados-chico-2026-png-1536x417.png 1536w\" sizes=\"(max-width: 1900px) 100vw, 1900px\" \/><\/figure>\n\n\n\n<h1 class=\"wp-block-heading has-text-align-center\" style=\"font-size:28px;font-style:normal;font-weight:900;letter-spacing:10px;text-transform:uppercase\">Met\u00e1n<\/h1>\n\n\n\n<div class=\"wp-block-columns alignfull is-layout-flex wp-container-6\">\n<div class=\"wp-block-column is-layout-flow\" style=\"flex-basis:50px\"><\/div>\n\n\n\n<div class=\"wp-block-column is-layout-flow\">\n<p class=\"has-text-align-right\" style=\"font-style:italic;font-weight:400\"><strong><mark style=\"background-color:rgba(0, 0, 0, 0);color:#775ca4\" class=\"has-inline-color\"><a href=\"https:\/\/dges-sal.infd.edu.ar\/sitio\/6021-2\/\">+ Info del Instituto<\/a><\/mark><\/strong><\/p>\n\n\n\n<h2 class=\"wp-block-heading has-text-align-center has-contrast-2-color has-text-color\" style=\"font-style:normal;font-weight:900;letter-spacing:10px\"><img decoding=\"async\" loading=\"lazy\" width=\"146\" height=\"147\" class=\"wp-image-11553\" style=\"width: 60px;\" src=\"https:\/\/dges-sal.infd.edu.ar\/sitio\/wp-content\/uploads\/2023\/07\/Recurso-6.png\" alt=\"\"> 6021<\/h2>\n\n\n\n<p class=\"has-text-align-center has-contrast-3-color has-text-color\"><strong>Instituto de Educaci\u00f3n Superior \u00abJuan Carlos D\u00e1valos\u00bb<\/strong><\/p>\n\n\n\n<figure class=\"wp-block-table is-style-stripes\" style=\"font-style:normal;font-weight:300\"><table class=\"has-background has-fixed-layout\" style=\"background-color:#9cc88b\"><thead><tr><th class=\"has-text-align-left\" data-align=\"left\"><mark style=\"background-color:rgba(0, 0, 0, 0)\" class=\"has-inline-color has-base-3-color\"><mark style=\"background-color:rgba(0, 0, 0, 0)\" class=\"has-inline-color has-base-3-color\">PROFESORADOS (4 a\u00f1os)<\/mark><\/mark><\/th><th class=\"has-text-align-right\" data-align=\"right\"><img decoding=\"async\" loading=\"lazy\" width=\"63\" height=\"92\" class=\"wp-image-11518\" style=\"width: 35px;\" src=\"https:\/\/dges-sal.infd.edu.ar\/sitio\/wp-content\/uploads\/2023\/07\/Recurso-4.png\" alt=\"\"><\/th><\/tr><\/thead><tbody><tr><td class=\"has-text-align-left\" data-align=\"left\"><strong><a href=\"https:\/\/dges-sal.infd.edu.ar\/sitio\/profesorados\/upload\/Res-807-14_Prof._GEOGRAFIA.pdf\" data-type=\"URL\" data-id=\"https:\/\/dges-sal.infd.edu.ar\/sitio\/profesorados\/upload\/Res-807-14_Prof._GEOGRAFIA.pdf\">Profesorado de Educaci\u00f3n Secundaria en Geograf\u00eda<\/a><\/strong><\/td><td class=\"has-text-align-right\" data-align=\"right\"><strong><sup>Sede<\/sup><\/strong><br>Met\u00e1n<\/td><\/tr><tr><td class=\"has-text-align-left\" data-align=\"left\"><strong><a href=\"https:\/\/dges-sal.infd.edu.ar\/sitio\/profesorados\/upload\/Res.1168-16_Prof_Educ_Secund_en_Informatica.pdf\">Profesorado de Educaci\u00f3n Secundaria en Inform\u00e1tica<\/a><\/strong><\/td><td class=\"has-text-align-right\" data-align=\"right\"><strong><sup>Sede<\/sup><\/strong><br>Met\u00e1n<\/td><\/tr><tr><td class=\"has-text-align-left\" data-align=\"left\"><strong><a href=\"https:\/\/dges-sal.infd.edu.ar\/sitio\/profesorados\/upload\/Res-798-14_Prof._HISTORIA.pdf\">Profesorado de Educaci\u00f3n Secundaria en Historia<\/a><\/strong><\/td><td class=\"has-text-align-right\" data-align=\"right\"><strong><sup>Sede<\/sup><\/strong><br>Met\u00e1n<\/td><\/tr><\/tbody><\/table><\/figure>\n\n\n\n<figure class=\"wp-block-table is-style-stripes\" style=\"font-style:normal;font-weight:300\"><table class=\"has-background has-fixed-layout\" style=\"background-color:#f28f49\"><thead><tr><th class=\"has-text-align-left\" data-align=\"left\"><mark style=\"background-color:rgba(0, 0, 0, 0)\" class=\"has-inline-color has-base-3-color\">TECNICATURAS (3 a\u00f1os)<\/mark><\/th><th class=\"has-text-align-center\" data-align=\"center\"><mark style=\"background-color:rgba(0, 0, 0, 0)\" class=\"has-inline-color has-base-3-color\"><img decoding=\"async\" loading=\"lazy\" width=\"63\" height=\"92\" class=\"wp-image-11518\" style=\"width: 35px;\" src=\"https:\/\/dges-sal.infd.edu.ar\/sitio\/wp-content\/uploads\/2023\/07\/Recurso-4.png\" alt=\"\"><\/mark><\/th><\/tr><\/thead><tbody><tr><td class=\"has-text-align-left\" data-align=\"left\"><strong><a href=\"https:\/\/onedrive.live.com\/?redeem=aHR0cHM6Ly8xZHJ2Lm1zL2IvcyFBbTZ5WGZfekQ5Y3ZqSnhHcDNoOE1MQnNuVjdhemc%5FZT1UVXRGMWc&amp;cid=2FD70FF3FF5DB26E&amp;id=2FD70FF3FF5DB26E%21200262&amp;parId=2FD70FF3FF5DB26E%21200223&amp;o=OneUp\" data-type=\"URL\" data-id=\"https:\/\/onedrive.live.com\/?redeem=aHR0cHM6Ly8xZHJ2Lm1zL2IvcyFBbTZ5WGZfekQ5Y3ZqSnhHcDNoOE1MQnNuVjdhemc%5FZT1UVXRGMWc&amp;cid=2FD70FF3FF5DB26E&amp;id=2FD70FF3FF5DB26E%21200262&amp;parId=2FD70FF3FF5DB26E%21200223&amp;o=OneUp\">Tecnicatura Superior en Gesti\u00f3n de Emprendimientos<\/a><\/strong><\/td><td class=\"has-text-align-center\" data-align=\"center\"><strong><sup>Sede<\/sup><\/strong><br>Met\u00e1n<\/td><\/tr><tr><td class=\"has-text-align-left\" data-align=\"left\"><strong><a href=\"https:\/\/dges-sal.infd.edu.ar\/sitio\/wp-content\/uploads\/2025\/04\/Res.-N%C2%B0-245-25-Y-605-25-conjunta-MECCyT-y-MSP-TECNICATURA-SUPERIOR-EN-LABORATORIO.pdf\" data-type=\"URL\" data-id=\"https:\/\/dges-sal.infd.edu.ar\/sitio\/wp-content\/uploads\/2025\/04\/Res.-N%C2%B0-245-25-Y-605-25-conjunta-MECCyT-y-MSP-TECNICATURA-SUPERIOR-EN-LABORATORIO.pdf\">Tecnicatura Superior en Laboratorio<\/a><\/strong><\/td><td class=\"has-text-align-center\" data-align=\"center\"><strong><sup>Sede<\/sup><\/strong><br>Met\u00e1n<\/td><\/tr><tr><td class=\"has-text-align-left\" data-align=\"left\"><strong><a href=\"https:\/\/dges-sal.infd.edu.ar\/sitio\/wp-content\/uploads\/2025\/03\/RESOLUCION-017-25-SPEyDPD-TECNICATURA-SUPERIOR-EN-PROCESOS-MINEROS.pdf\" data-type=\"URL\" data-id=\"https:\/\/dges-sal.infd.edu.ar\/sitio\/wp-content\/uploads\/2025\/03\/RESOLUCION-017-25-SPEyDPD-TECNICATURA-SUPERIOR-EN-PROCESOS-MINEROS.pdf\">Tecnicatura Superior en procesos Mineros<\/a><\/strong><\/td><td class=\"has-text-align-center\" data-align=\"center\"><strong><sup>Sede<\/sup><\/strong><br>Met\u00e1n<\/td><\/tr><\/tbody><\/table><\/figure>\n\n\n\n<p class=\"has-text-align-right\" style=\"font-style:italic;font-weight:400\"><strong><mark style=\"background-color:rgba(0, 0, 0, 0);color:#775ca4\" class=\"has-inline-color\"><a href=\"https:\/\/dges-sal.infd.edu.ar\/sitio\/6034-anexo-6021\/\">+ Info del Instituto<\/a><\/mark><\/strong><\/p>\n\n\n\n<h2 class=\"wp-block-heading has-text-align-center has-contrast-2-color has-text-color\" style=\"font-style:normal;font-weight:900;letter-spacing:10px\"><img decoding=\"async\" loading=\"lazy\" width=\"147\" height=\"113\" class=\"wp-image-11554\" style=\"width: 70px;\" src=\"https:\/\/dges-sal.infd.edu.ar\/sitio\/wp-content\/uploads\/2023\/07\/Recurso-7.png\" alt=\"\"> 6021<sup><mark style=\"background-color:rgba(0, 0, 0, 0)\" class=\"has-inline-color has-contrast-3-color\">Anexo<\/mark><\/sup><\/h2>\n\n\n\n<p class=\"has-text-align-center has-contrast-3-color has-text-color\"><strong>Instituto de Educaci\u00f3n Superior \u00abJuan Carlos D\u00e1valos\u00bb<\/strong><\/p>\n\n\n\n<figure class=\"wp-block-table is-style-stripes\" style=\"font-style:normal;font-weight:300\"><table class=\"has-background has-fixed-layout\" style=\"background-color:#9cc88b\"><thead><tr><th class=\"has-text-align-left\" data-align=\"left\"><mark style=\"background-color:rgba(0, 0, 0, 0)\" class=\"has-inline-color has-base-3-color\"><mark style=\"background-color:rgba(0, 0, 0, 0)\" class=\"has-inline-color has-base-3-color\">PROFESORADOS (4 a\u00f1os)<\/mark><\/mark><\/th><th class=\"has-text-align-center\" data-align=\"center\"><img decoding=\"async\" loading=\"lazy\" width=\"63\" height=\"92\" class=\"wp-image-11518\" style=\"width: 35px;\" src=\"https:\/\/dges-sal.infd.edu.ar\/sitio\/wp-content\/uploads\/2023\/07\/Recurso-4.png\" alt=\"\"><\/th><\/tr><\/thead><tbody><tr><td class=\"has-text-align-left\" data-align=\"left\"><strong><a href=\"https:\/\/saltaeducs.com\/wp-content\/uploads\/2022\/02\/res.-3954-18-pesen-psicologia.pdf\" data-type=\"URL\" data-id=\"https:\/\/saltaeducs.com\/wp-content\/uploads\/2022\/02\/res.-3954-18-pesen-psicologia.pdf\">Profesorado de Educaci\u00f3n Secundaria en Psicolog\u00eda<\/a><\/strong><\/td><td class=\"has-text-align-center\" data-align=\"center\"><strong><sup>Anexo<\/sup><\/strong><br>El Galp\u00f3n<\/td><\/tr><\/tbody><\/table><\/figure>\n\n\n\n<figure class=\"wp-block-table is-style-stripes\" style=\"font-style:normal;font-weight:300\"><table class=\"has-background has-fixed-layout\" style=\"background-color:#f28f49\"><thead><tr><th class=\"has-text-align-left\" data-align=\"left\"><mark style=\"background-color:rgba(0, 0, 0, 0)\" class=\"has-inline-color has-base-3-color\">TECNICATURAS (3 a\u00f1os)<\/mark><\/th><th class=\"has-text-align-center\" data-align=\"center\"><img decoding=\"async\" loading=\"lazy\" width=\"63\" height=\"92\" class=\"wp-image-11518\" style=\"width: 35px;\" src=\"https:\/\/dges-sal.infd.edu.ar\/sitio\/wp-content\/uploads\/2023\/07\/Recurso-4.png\" alt=\"\"><\/th><\/tr><\/thead><tbody><tr><td class=\"has-text-align-left\" data-align=\"left\"><strong><a href=\"https:\/\/drive.google.com\/file\/d\/1W0vspS_NwuYblGJv54igKiQVTK-KYpe2\/view\">Tecnicatura Superior en An\u00e1lisis de Sistemas y Desarrollo de Software<\/a><\/strong><\/td><td class=\"has-text-align-center\" data-align=\"center\"><strong><sup>Anexo<\/sup><\/strong><br>El Galp\u00f3n<\/td><\/tr><\/tbody><\/table><\/figure>\n<\/div>\n\n\n\n<div class=\"wp-block-column is-layout-flow\" style=\"flex-basis:80px\"><\/div>\n\n\n\n<div class=\"wp-block-column is-layout-flow\">\n<p class=\"has-text-align-right\"><strong><mark style=\"background-color:rgba(0, 0, 0, 0);color:#775ca4\" class=\"has-inline-color\"><a href=\"https:\/\/dges-sal.infd.edu.ar\/sitio\/6024-anexo\/\">+ Info del Instituto<\/a><\/mark><\/strong><\/p>\n\n\n\n<h2 class=\"wp-block-heading has-text-align-center has-contrast-2-color has-text-color\" style=\"font-style:normal;font-weight:900;letter-spacing:10px\"><img decoding=\"async\" loading=\"lazy\" width=\"129\" height=\"146\" class=\"wp-image-11557\" style=\"width: 60px;\" src=\"https:\/\/dges-sal.infd.edu.ar\/sitio\/wp-content\/uploads\/2023\/07\/Recurso-8.png\" alt=\"\"> 6024<sup><mark style=\"background-color:rgba(0, 0, 0, 0)\" class=\"has-inline-color has-contrast-3-color\">Anexo<\/mark><\/sup><\/h2>\n\n\n\n<p class=\"has-text-align-center has-contrast-3-color has-text-color\"><strong>Instituto de Educaci\u00f3n Superior \u00abRep\u00fablica de Colombia\u00bb<\/strong><\/p>\n\n\n\n<figure class=\"wp-block-table is-style-stripes\" style=\"font-style:normal;font-weight:300\"><table class=\"has-background has-fixed-layout\" style=\"background-color:#9cc88b\"><thead><tr><th class=\"has-text-align-left\" data-align=\"left\"><mark style=\"background-color:rgba(0, 0, 0, 0)\" class=\"has-inline-color has-base-3-color\"><mark style=\"background-color:rgba(0, 0, 0, 0)\" class=\"has-inline-color has-base-3-color\">PROFESORADOS (4 a\u00f1os)<\/mark><\/mark><\/th><th class=\"has-text-align-center\" data-align=\"center\"><img decoding=\"async\" loading=\"lazy\" width=\"63\" height=\"92\" class=\"wp-image-11518\" style=\"width: 35px;\" src=\"https:\/\/dges-sal.infd.edu.ar\/sitio\/wp-content\/uploads\/2023\/07\/Recurso-4.png\" alt=\"\"><\/th><\/tr><\/thead><tbody><tr><td class=\"has-text-align-left\" data-align=\"left\"><strong><a href=\"https:\/\/dges-sal.infd.edu.ar\/aula\/archivos\/repositorio\/\/1500\/1664\/PROFESORADO_DE_EDUCACION_PRIMARIA_Res._1229-19_PEP.pdf\">Profesorado en Educaci\u00f3n Primaria<\/a><\/strong><\/td><td class=\"has-text-align-center\" data-align=\"center\"><strong><sup>Anexo<\/sup><\/strong><br>R\u00edo Piedras<\/td><\/tr><\/tbody><\/table><\/figure>\n<\/div>\n\n\n\n<div class=\"wp-block-column is-layout-flow\" style=\"flex-basis:50px\"><\/div>\n<\/div>\n\n\n\n<p><\/p>\n","protected":false},"excerpt":{"rendered":"<p>Met\u00e1n + Info del Instituto 6021 Instituto de Educaci\u00f3n Superior \u00abJuan Carlos D\u00e1valos\u00bb PROFESORADOS (4 a\u00f1os) Profesorado de Educaci\u00f3n Secundaria en Geograf\u00eda SedeMet\u00e1n Profesorado de Educaci\u00f3n Secundaria en Inform\u00e1tica SedeMet\u00e1n Profesorado de Educaci\u00f3n Secundaria en Historia SedeMet\u00e1n TECNICATURAS (3 a\u00f1os) Tecnicatura Superior en Gesti\u00f3n de Emprendimientos SedeMet\u00e1n Tecnicatura Superior en Laboratorio SedeMet\u00e1n Tecnicatura Superior en &#8230; <a title=\"Met\u00e1n\" class=\"read-more\" href=\"https:\/\/dges-sal.infd.edu.ar\/sitio\/metan\/\" aria-label=\"More on Met\u00e1n\">[+]<\/a><\/p>\n","protected":false},"author":9605,"featured_media":0,"parent":0,"menu_order":0,"comment_status":"closed","ping_status":"closed","template":"","meta":[],"acf":[],"_links":{"self":[{"href":"https:\/\/dges-sal.infd.edu.ar\/sitio\/wp-json\/wp\/v2\/pages\/11698"}],"collection":[{"href":"https:\/\/dges-sal.infd.edu.ar\/sitio\/wp-json\/wp\/v2\/pages"}],"about":[{"href":"https:\/\/dges-sal.infd.edu.ar\/sitio\/wp-json\/wp\/v2\/types\/page"}],"author":[{"embeddable":true,"href":"https:\/\/dges-sal.infd.edu.ar\/sitio\/wp-json\/wp\/v2\/users\/9605"}],"replies":[{"embeddable":true,"href":"https:\/\/dges-sal.infd.edu.ar\/sitio\/wp-json\/wp\/v2\/comments?post=11698"}],"version-history":[{"count":28,"href":"https:\/\/dges-sal.infd.edu.ar\/sitio\/wp-json\/wp\/v2\/pages\/11698\/revisions"}],"predecessor-version":[{"id":17107,"href":"https:\/\/dges-sal.infd.edu.ar\/sitio\/wp-json\/wp\/v2\/pages\/11698\/revisions\/17107"}],"wp:attachment":[{"href":"https:\/\/dges-sal.infd.edu.ar\/sitio\/wp-json\/wp\/v2\/media?parent=11698"}],"curies":[{"name":"wp","href":"https:\/\/api.w.org\/{rel}","templated":true}]}}