{"id":11688,"date":"2023-08-08T12:15:58","date_gmt":"2023-08-08T15:15:58","guid":{"rendered":"https:\/\/dges-sal.infd.edu.ar\/sitio\/?page_id=11688"},"modified":"2026-02-09T21:18:00","modified_gmt":"2026-02-10T00:18:00","slug":"la-caldera","status":"publish","type":"page","link":"https:\/\/dges-sal.infd.edu.ar\/sitio\/la-caldera\/","title":{"rendered":"La Caldera"},"content":{"rendered":"\n<figure class=\"wp-block-image alignfull size-full\"><img decoding=\"async\" loading=\"lazy\" width=\"1900\" height=\"516\" src=\"https:\/\/dges-sal.infd.edu.ar\/sitio\/wp-content\/uploads\/2025\/12\/oferta-2026-en-oferta-de-profesorados-chico-2026-png.png\" alt=\"\" class=\"wp-image-16866\" srcset=\"https:\/\/dges-sal.infd.edu.ar\/sitio\/wp-content\/uploads\/2025\/12\/oferta-2026-en-oferta-de-profesorados-chico-2026-png.png 1900w, https:\/\/dges-sal.infd.edu.ar\/sitio\/wp-content\/uploads\/2025\/12\/oferta-2026-en-oferta-de-profesorados-chico-2026-png-1000x272.png 1000w, https:\/\/dges-sal.infd.edu.ar\/sitio\/wp-content\/uploads\/2025\/12\/oferta-2026-en-oferta-de-profesorados-chico-2026-png-768x209.png 768w, https:\/\/dges-sal.infd.edu.ar\/sitio\/wp-content\/uploads\/2025\/12\/oferta-2026-en-oferta-de-profesorados-chico-2026-png-1536x417.png 1536w\" sizes=\"(max-width: 1900px) 100vw, 1900px\" \/><\/figure>\n\n\n\n<h1 class=\"wp-block-heading has-text-align-center\" style=\"font-size:28px;font-style:normal;font-weight:900;letter-spacing:10px;text-transform:uppercase\">La Caldera<\/h1>\n\n\n\n<div class=\"wp-block-columns is-layout-flex wp-container-4\">\n<div class=\"wp-block-column is-layout-flow\" style=\"flex-basis:50px\"><\/div>\n\n\n\n<div class=\"wp-block-column is-layout-flow\">\n<p class=\"has-text-align-right\" style=\"font-style:italic;font-weight:400\"><strong><mark style=\"background-color:rgba(0, 0, 0, 0);color:#775ca4\" class=\"has-inline-color\"><a href=\"https:\/\/dges-sal.infd.edu.ar\/sitio\/6040-2\/\">+ Info del Instituto<\/a><\/mark><\/strong><\/p>\n\n\n\n<h2 class=\"wp-block-heading has-text-align-center has-contrast-2-color has-text-color\" style=\"font-style:normal;font-weight:900;letter-spacing:10px\"><img decoding=\"async\" loading=\"lazy\" width=\"128\" height=\"141\" class=\"wp-image-11498\" style=\"width: 60px;\" src=\"https:\/\/dges-sal.infd.edu.ar\/sitio\/wp-content\/uploads\/2023\/07\/Recurso-3-1.png\" alt=\"\"> 6040<\/h2>\n\n\n\n<p class=\"has-text-align-center has-contrast-3-color has-text-color\"><strong>Instituto de Educaci\u00f3n Superior<\/strong><\/p>\n\n\n\n<figure class=\"wp-block-table is-style-stripes\" style=\"font-style:normal;font-weight:300\"><table class=\"has-background has-fixed-layout\" style=\"background-color:#9cc88b\"><thead><tr><th class=\"has-text-align-left\" data-align=\"left\"><mark style=\"background-color:rgba(0, 0, 0, 0)\" class=\"has-inline-color has-base-3-color\">PROFESORADOS (4 a\u00f1os)<\/mark><\/th><th class=\"has-text-align-center\" data-align=\"center\"><img decoding=\"async\" loading=\"lazy\" width=\"63\" height=\"92\" class=\"wp-image-11518\" style=\"width: 35px;\" src=\"https:\/\/dges-sal.infd.edu.ar\/sitio\/wp-content\/uploads\/2023\/07\/Recurso-4.png\" alt=\"\"><\/th><\/tr><\/thead><tbody><tr><td class=\"has-text-align-left\" data-align=\"left\"><strong><a href=\"https:\/\/dges-sal.infd.edu.ar\/sitio\/profesorados\/upload\/Res._3126-14_Prof._de_Educ._Secundaria_en_Lengua_y_Literatura.pdf\">Profesorado de Educaci\u00f3n Secundaria en Lengua y Literatura<\/a><\/strong><\/td><td class=\"has-text-align-center\" data-align=\"center\"><strong><sup>Sede<\/sup><\/strong><br>Vaqueros<\/td><\/tr><\/tbody><\/table><\/figure>\n\n\n\n<figure class=\"wp-block-table is-style-stripes\" style=\"font-style:normal;font-weight:300\"><table class=\"has-background has-fixed-layout\" style=\"background-color:#f28f49\"><thead><tr><th class=\"has-text-align-left\" data-align=\"left\"><mark style=\"background-color:rgba(0, 0, 0, 0)\" class=\"has-inline-color has-base-3-color\">TECNICATURAS (3 a\u00f1os)<\/mark><\/th><th class=\"has-text-align-center\" data-align=\"center\"><mark style=\"background-color:rgba(0, 0, 0, 0)\" class=\"has-inline-color has-base-3-color\"><img decoding=\"async\" loading=\"lazy\" width=\"63\" height=\"92\" class=\"wp-image-11518\" style=\"width: 35px;\" src=\"https:\/\/dges-sal.infd.edu.ar\/sitio\/wp-content\/uploads\/2023\/07\/Recurso-4.png\" alt=\"\"><\/mark><\/th><\/tr><\/thead><tbody><tr><td class=\"has-text-align-left\" data-align=\"left\"><strong><a href=\"https:\/\/dges-sal.infd.edu.ar\/sitio\/wp-content\/uploads\/2024\/12\/RESOLUCION-SPE-Y-DPD-N%C2%B0-90-24-TECN-SUP-EN-HIGIENE-SEGURIDAD-LABORAL-Y-DESARROLLO-AMBIENTAL-SOSTENIBLE.pdf\" data-type=\"URL\" data-id=\"https:\/\/dges-sal.infd.edu.ar\/sitio\/wp-content\/uploads\/2024\/12\/RESOLUCION-SPE-Y-DPD-N%C2%B0-90-24-TECN-SUP-EN-HIGIENE-SEGURIDAD-LABORAL-Y-DESARROLLO-AMBIENTAL-SOSTENIBLE.pdf\">Tecnicatura Superior en Higiene, Seguridad Laboral y Desarrollo Ambiental Sostenible<\/a><\/strong><\/td><td class=\"has-text-align-center\" data-align=\"center\"><sup><strong>Sede<\/strong><\/sup><br>Vaqueros<br><\/td><\/tr><tr><td class=\"has-text-align-left\" data-align=\"left\"><strong><a href=\"https:\/\/dges-sal.infd.edu.ar\/sitio\/wp-content\/uploads\/2024\/12\/RESOLUCION-SPE-Y-DPD-N%C2%B0-90-24-TECN-SUP-EN-HIGIENE-SEGURIDAD-LABORAL-Y-DESARROLLO-AMBIENTAL-SOSTENIBLE.pdf\" data-type=\"URL\" data-id=\"https:\/\/dges-sal.infd.edu.ar\/sitio\/wp-content\/uploads\/2024\/12\/RESOLUCION-SPE-Y-DPD-N%C2%B0-90-24-TECN-SUP-EN-HIGIENE-SEGURIDAD-LABORAL-Y-DESARROLLO-AMBIENTAL-SOSTENIBLE.pdf\">Tecnicatura Superior en Higiene, Seguridad Laboral y Desarrollo Ambiental Sostenible<\/a><\/strong><\/td><td class=\"has-text-align-center\" data-align=\"center\"><strong><sup>Ext. \u00c1ulica<\/sup><\/strong><br>La Caldera<\/td><\/tr><tr><td class=\"has-text-align-left\" data-align=\"left\"><strong><a href=\"https:\/\/dges-sal.infd.edu.ar\/sitio\/wp-content\/uploads\/2025\/01\/RESOLUCION-SPE-Y-DPD-N%C2%B0-004-25-TECNICATURA-SUPERIOR-EN-QUIMICA-INDUSTRIAL.pdf\" data-type=\"URL\" data-id=\"https:\/\/dges-sal.infd.edu.ar\/sitio\/wp-content\/uploads\/2025\/01\/RESOLUCION-SPE-Y-DPD-N%C2%B0-004-25-TECNICATURA-SUPERIOR-EN-QUIMICA-INDUSTRIAL.pdf\">Tecnicatura Superior en Qu\u00edmica Industrial<\/a><\/strong><\/td><td class=\"has-text-align-center\" data-align=\"center\"><sup><strong>Sede<\/strong><\/sup><br>Vaqueros<\/td><\/tr><\/tbody><\/table><\/figure>\n<\/div>\n\n\n\n<div class=\"wp-block-column is-layout-flow\" style=\"flex-basis:50px\"><\/div>\n<\/div>\n","protected":false},"excerpt":{"rendered":"<p>La Caldera + Info del Instituto 6040 Instituto de Educaci\u00f3n Superior PROFESORADOS (4 a\u00f1os) Profesorado de Educaci\u00f3n Secundaria en Lengua y Literatura SedeVaqueros TECNICATURAS (3 a\u00f1os) Tecnicatura Superior en Higiene, Seguridad Laboral y Desarrollo Ambiental Sostenible SedeVaqueros Tecnicatura Superior en Higiene, Seguridad Laboral y Desarrollo Ambiental Sostenible Ext. \u00c1ulicaLa Caldera Tecnicatura Superior en Qu\u00edmica Industrial &#8230; <a title=\"La Caldera\" class=\"read-more\" href=\"https:\/\/dges-sal.infd.edu.ar\/sitio\/la-caldera\/\" aria-label=\"More on La Caldera\">[+]<\/a><\/p>\n","protected":false},"author":9605,"featured_media":0,"parent":0,"menu_order":0,"comment_status":"closed","ping_status":"closed","template":"","meta":[],"acf":[],"_links":{"self":[{"href":"https:\/\/dges-sal.infd.edu.ar\/sitio\/wp-json\/wp\/v2\/pages\/11688"}],"collection":[{"href":"https:\/\/dges-sal.infd.edu.ar\/sitio\/wp-json\/wp\/v2\/pages"}],"about":[{"href":"https:\/\/dges-sal.infd.edu.ar\/sitio\/wp-json\/wp\/v2\/types\/page"}],"author":[{"embeddable":true,"href":"https:\/\/dges-sal.infd.edu.ar\/sitio\/wp-json\/wp\/v2\/users\/9605"}],"replies":[{"embeddable":true,"href":"https:\/\/dges-sal.infd.edu.ar\/sitio\/wp-json\/wp\/v2\/comments?post=11688"}],"version-history":[{"count":11,"href":"https:\/\/dges-sal.infd.edu.ar\/sitio\/wp-json\/wp\/v2\/pages\/11688\/revisions"}],"predecessor-version":[{"id":17102,"href":"https:\/\/dges-sal.infd.edu.ar\/sitio\/wp-json\/wp\/v2\/pages\/11688\/revisions\/17102"}],"wp:attachment":[{"href":"https:\/\/dges-sal.infd.edu.ar\/sitio\/wp-json\/wp\/v2\/media?parent=11688"}],"curies":[{"name":"wp","href":"https:\/\/api.w.org\/{rel}","templated":true}]}}