{"id":11278,"date":"2023-07-04T12:14:29","date_gmt":"2023-07-04T15:14:29","guid":{"rendered":"https:\/\/dges-sal.infd.edu.ar\/sitio\/?page_id=11278"},"modified":"2023-07-06T20:32:53","modified_gmt":"2023-07-06T23:32:53","slug":"11278-2","status":"publish","type":"page","link":"https:\/\/dges-sal.infd.edu.ar\/sitio\/11278-2\/","title":{"rendered":"Educacion Superior"},"content":{"rendered":"\n<div class=\"wp-duotone-unset-1 wp-block-cover alignfull is-light has-parallax has-small-font-size\" style=\"min-height:218px\"><span aria-hidden=\"true\" class=\"wp-block-cover__background has-background-dim-0 has-background-dim\"><\/span><div role=\"img\" class=\"wp-block-cover__image-background wp-image-8955 has-parallax\" style=\"background-position:50% 50%;background-image:url(https:\/\/dges-sal.infd.edu.ar\/sitio\/wp-content\/uploads\/2023\/03\/Recurso-24-2.png)\"><\/div><div class=\"wp-block-cover__inner-container\">\n<h1 class=\"has-text-align-center wp-block-heading has-contrast-color has-text-color has-small-font-size\" style=\"font-style:normal;font-weight:100\">         <img decoding=\"async\" loading=\"lazy\" width=\"565\" height=\"315\" class=\"wp-image-8971\" style=\"width: 300px;\" src=\"https:\/\/dges-sal.infd.edu.ar\/sitio\/wp-content\/uploads\/2023\/03\/Recurso-28.png\" alt=\"\"><\/h1>\n<\/div><\/div>\n\n\n\n<hr class=\"wp-block-separator aligncenter has-text-color has-contrast-2-color has-alpha-channel-opacity has-contrast-2-background-color has-background is-style-default\"\/>\n\n\n\n<h1 class=\"alignwide has-text-align-center has-medium-font-size wp-block-heading\" style=\"letter-spacing:20px;text-transform:uppercase\">Biblioteca<\/h1>\n\n\n\n<h2 class=\"has-base-3-color has-text-color has-background has-medium-font-size wp-block-heading\" style=\"background-color:#3366cc;font-style:normal;font-weight:800\">Nivel Superior<\/h2>\n\n\n\n<div class=\"wp-block-columns alignfull has-base-2-background-color has-background is-layout-flex wp-container-9\">\n<div class=\"wp-block-column is-layout-flow\" style=\"flex-basis:100px\"><\/div>\n\n\n\n<div class=\"wp-block-column is-layout-flow\" style=\"flex-basis:500px\"><div class=\"wp-block-image\">\n<figure class=\"aligncenter size-large\"><img decoding=\"async\" loading=\"lazy\" width=\"1343\" height=\"1900\" src=\"https:\/\/dges-sal.infd.edu.ar\/sitio\/wp-content\/uploads\/2023\/07\/APRENDIZAJES-Y-PRACTICAS-EDUCATIVAS-EN-LAS-ACTUALES-CONDICIONES-DE-EPOCA-COVID-19-1343x1900.jpg\" alt=\"\" class=\"wp-image-11279\" srcset=\"https:\/\/dges-sal.infd.edu.ar\/sitio\/wp-content\/uploads\/2023\/07\/APRENDIZAJES-Y-PRACTICAS-EDUCATIVAS-EN-LAS-ACTUALES-CONDICIONES-DE-EPOCA-COVID-19-1343x1900.jpg 1343w, https:\/\/dges-sal.infd.edu.ar\/sitio\/wp-content\/uploads\/2023\/07\/APRENDIZAJES-Y-PRACTICAS-EDUCATIVAS-EN-LAS-ACTUALES-CONDICIONES-DE-EPOCA-COVID-19-707x1000.jpg 707w, https:\/\/dges-sal.infd.edu.ar\/sitio\/wp-content\/uploads\/2023\/07\/APRENDIZAJES-Y-PRACTICAS-EDUCATIVAS-EN-LAS-ACTUALES-CONDICIONES-DE-EPOCA-COVID-19-768x1086.jpg 768w, https:\/\/dges-sal.infd.edu.ar\/sitio\/wp-content\/uploads\/2023\/07\/APRENDIZAJES-Y-PRACTICAS-EDUCATIVAS-EN-LAS-ACTUALES-CONDICIONES-DE-EPOCA-COVID-19-1086x1536.jpg 1086w, https:\/\/dges-sal.infd.edu.ar\/sitio\/wp-content\/uploads\/2023\/07\/APRENDIZAJES-Y-PRACTICAS-EDUCATIVAS-EN-LAS-ACTUALES-CONDICIONES-DE-EPOCA-COVID-19-1448x2048.jpg 1448w, https:\/\/dges-sal.infd.edu.ar\/sitio\/wp-content\/uploads\/2023\/07\/APRENDIZAJES-Y-PRACTICAS-EDUCATIVAS-EN-LAS-ACTUALES-CONDICIONES-DE-EPOCA-COVID-19-scaled.jpg 1810w\" sizes=\"(max-width: 1343px) 100vw, 1343px\" \/><\/figure><\/div><\/div>\n\n\n\n<div class=\"wp-block-column is-vertically-aligned-center is-layout-flow\">\n<h2 class=\"has-text-align-center wp-block-heading\">Aprendizajes y pr\u00e1cticas educativas en las actuales condiciones de \u00e9poca: Covid-19<\/h2>\n\n\n\n<div class=\"wp-block-columns are-vertically-aligned-center is-layout-flex wp-container-6\">\n<div class=\"wp-block-column is-vertically-aligned-center is-layout-flow\">\n<p style=\"padding-left: 40px;\"><span style=\"color: #000000;\"><strong>Fecha: 2020<\/strong><\/span><\/p>\n<p style=\"padding-left: 40px;\"><span style=\"color: #000000;\"><strong>Formato: PDF<\/strong><\/span><\/p>\n<p style=\"padding-left: 40px;\"><span style=\"color: #000000;\"><strong>Tipo: Art\u00edculo Cient\u00edfico&nbsp;<\/strong><\/span><\/p>\n<p style=\"padding-left: 40px;\"><span style=\"color: #000000;\"><strong>Autor: Lucia Beltramino (compiladora)<\/strong><\/span><\/p>\n<p style=\"padding-left: 40px;\"><span style=\"color: #000000;\"><strong>Editorial: Universidad Nacional de C\u00f3rdoba<\/strong><\/span><\/p>\n<p style=\"padding-left: 40px;\"><span style=\"color: #000000;\"><strong>Archivos: 1<\/strong><\/span><\/p>\n<\/div>\n\n\n\n<div class=\"wp-block-column is-vertically-aligned-center is-layout-flow\">\n<p style=\"padding-left: 40px; text-align: justify;\">Sentidos&nbsp; y significados acerca de aprender en las actuales condiciones de \u00e9poca: un estudio con docentes y estudiantes de educaci\u00f3n secundaria en la ciudad de C\u00f3rdoba<\/p>\n<p style=\"padding-left: 40px;\"><strong>&#x1f4e5; <a href=\"https:\/\/drive.google.com\/file\/d\/1dwahbNasYxDlAd_mdfcU-Lg5yFqc6JRv\/view?usp=drive_link\" target=\"_blank\" rel=\"noopener\"><span style=\"color: #339966;\">Descargar<\/span><\/a><\/strong><\/p>\n<\/div>\n<\/div>\n<\/div>\n\n\n\n<div class=\"wp-block-column is-layout-flow\" style=\"flex-basis:100px\"><\/div>\n<\/div>\n\n\n\n<div class=\"wp-block-columns alignfull has-base-2-background-color has-background is-layout-flex wp-container-17\">\n<div class=\"wp-block-column is-layout-flow\" style=\"flex-basis:100px\"><\/div>\n\n\n\n<div class=\"wp-block-column is-layout-flow\" style=\"flex-basis:500px\"><div class=\"wp-block-image\">\n<figure class=\"aligncenter size-full is-resized\"><img decoding=\"async\" loading=\"lazy\" src=\"https:\/\/dges-sal.infd.edu.ar\/sitio\/wp-content\/uploads\/2023\/07\/Herramientas_de_evaluacion_en_el_aula-2000.jpg\" alt=\"\" class=\"wp-image-11283\" width=\"413\" height=\"647\"\/><\/figure><\/div><\/div>\n\n\n\n<div class=\"wp-block-column is-vertically-aligned-center is-layout-flow\">\n<h2 class=\"has-text-align-center wp-block-heading\">Herramientas de evaluaci\u00f3n en el aula<\/h2>\n\n\n\n<div class=\"wp-block-columns are-vertically-aligned-center is-layout-flex wp-container-14\">\n<div class=\"wp-block-column is-vertically-aligned-center is-layout-flow\">\n<p style=\"padding-left: 40px;\"><span style=\"color: #000000;\"><strong>Fecha: 2002 (revisada 2013)<\/strong><\/span><\/p>\n<p style=\"padding-left: 40px;\"><span style=\"color: #000000;\"><strong>Formato: PDF<\/strong><\/span><\/p>\n<p style=\"padding-left: 40px;\"><span style=\"color: #000000;\"><strong>Tipo: Material Educativo<\/strong><\/span><\/p>\n<p style=\"padding-left: 40px;\"><span style=\"color: #000000;\"><strong>Autor: Marta Tenutto<\/strong><\/span><\/p>\n<p style=\"padding-left: 40px;\"><span style=\"color: #000000;\"><strong>Editorial: Magisterio del R\u00edo de la Plata<\/strong><\/span><\/p>\n<p style=\"padding-left: 40px;\"><span style=\"color: #000000;\"><strong>Archivos: 1<\/strong><\/span><\/p>\n<\/div>\n\n\n\n<div class=\"wp-block-column is-vertically-aligned-center is-layout-flow\">\n<p style=\"padding-left: 40px; text-align: justify;\">A partir de la sanci\u00f3n de diversas leyes en la d\u00e9cada de 1990 y, en particular, de la Ley Nacional de educaci\u00f3n (2006) algunas tem\u00e1ticas vinculadas a la educaci\u00f3n han recuperado su lugar en el debate educativo. En \u00e9l la evaluaci\u00f3n encuentra un espacio destacado.<br>Durante a\u00f1os hemos escuchado a docentes, estudiantes, egresados hablar de la necesidad de<br>vincular lo que se aprende te\u00f3ricamente con la pr\u00e1ctica educativa.<br>La propuesta de este texto consiste en revisar aquellos saberes, creencias y representaciones que sostenemos como docentes para, de este modo, reconocer c\u00f3mo las pr\u00e1cticas est\u00e1n sostenidas en teor\u00edas que, a menudo, mantenemos sin haber tomado conciencia de<br>ellas.<br>Intentaremos dar un paso m\u00e1s, al procurar encontrar las herramientas conceptuales y metodol\u00f3gicas que faciliten este acercamiento.<\/p>\n<p style=\"padding-left: 40px;\"><strong>&#x1f4e5; <a href=\"https:\/\/drive.google.com\/file\/d\/1bJHWnIGBjpxn6Ze2SBKaFjekglqnY_Bq\/view?usp=drive_link\" target=\"_blank\" rel=\"noopener\"><span style=\"color: #339966;\">Descargar<\/span><\/a><\/strong><\/p>\n<\/div>\n<\/div>\n<\/div>\n\n\n\n<div class=\"wp-block-column is-layout-flow\" style=\"flex-basis:100px\"><\/div>\n<\/div>\n","protected":false},"excerpt":{"rendered":"<p>Biblioteca Nivel Superior Aprendizajes y pr\u00e1cticas educativas en las actuales condiciones de \u00e9poca: Covid-19 Fecha: 2020 Formato: PDF Tipo: Art\u00edculo Cient\u00edfico&nbsp; Autor: Lucia Beltramino (compiladora) Editorial: Universidad Nacional de C\u00f3rdoba Archivos: 1 Sentidos&nbsp; y significados acerca de aprender en las actuales condiciones de \u00e9poca: un estudio con docentes y estudiantes de educaci\u00f3n secundaria en la &#8230; <a title=\"Educacion Superior\" class=\"read-more\" href=\"https:\/\/dges-sal.infd.edu.ar\/sitio\/11278-2\/\" aria-label=\"More on Educacion Superior\">[+]<\/a><\/p>\n","protected":false},"author":9605,"featured_media":0,"parent":0,"menu_order":0,"comment_status":"closed","ping_status":"closed","template":"","meta":[],"acf":[],"_links":{"self":[{"href":"https:\/\/dges-sal.infd.edu.ar\/sitio\/wp-json\/wp\/v2\/pages\/11278"}],"collection":[{"href":"https:\/\/dges-sal.infd.edu.ar\/sitio\/wp-json\/wp\/v2\/pages"}],"about":[{"href":"https:\/\/dges-sal.infd.edu.ar\/sitio\/wp-json\/wp\/v2\/types\/page"}],"author":[{"embeddable":true,"href":"https:\/\/dges-sal.infd.edu.ar\/sitio\/wp-json\/wp\/v2\/users\/9605"}],"replies":[{"embeddable":true,"href":"https:\/\/dges-sal.infd.edu.ar\/sitio\/wp-json\/wp\/v2\/comments?post=11278"}],"version-history":[{"count":9,"href":"https:\/\/dges-sal.infd.edu.ar\/sitio\/wp-json\/wp\/v2\/pages\/11278\/revisions"}],"predecessor-version":[{"id":11373,"href":"https:\/\/dges-sal.infd.edu.ar\/sitio\/wp-json\/wp\/v2\/pages\/11278\/revisions\/11373"}],"wp:attachment":[{"href":"https:\/\/dges-sal.infd.edu.ar\/sitio\/wp-json\/wp\/v2\/media?parent=11278"}],"curies":[{"name":"wp","href":"https:\/\/api.w.org\/{rel}","templated":true}]}}