{"id":11163,"date":"2023-07-03T21:20:00","date_gmt":"2023-07-04T00:20:00","guid":{"rendered":"https:\/\/dges-sal.infd.edu.ar\/sitio\/?page_id=11163"},"modified":"2023-07-06T20:29:29","modified_gmt":"2023-07-06T23:29:29","slug":"11163-2","status":"publish","type":"page","link":"https:\/\/dges-sal.infd.edu.ar\/sitio\/11163-2\/","title":{"rendered":"Educacion Especial"},"content":{"rendered":"\n<div class=\"wp-duotone-unset-1 wp-block-cover alignfull is-light has-parallax has-small-font-size\" style=\"min-height:218px\"><span aria-hidden=\"true\" class=\"wp-block-cover__background has-background-dim-0 has-background-dim\"><\/span><div role=\"img\" class=\"wp-block-cover__image-background wp-image-8955 has-parallax\" style=\"background-position:50% 50%;background-image:url(https:\/\/dges-sal.infd.edu.ar\/sitio\/wp-content\/uploads\/2023\/03\/Recurso-24-2.png)\"><\/div><div class=\"wp-block-cover__inner-container\">\n<h1 class=\"has-text-align-center wp-block-heading has-contrast-color has-text-color has-small-font-size\" style=\"font-style:normal;font-weight:100\">         <img decoding=\"async\" loading=\"lazy\" width=\"565\" height=\"315\" class=\"wp-image-8971\" style=\"width: 300px;\" src=\"https:\/\/dges-sal.infd.edu.ar\/sitio\/wp-content\/uploads\/2023\/03\/Recurso-28.png\" alt=\"\"><\/h1>\n<\/div><\/div>\n\n\n\n<hr class=\"wp-block-separator aligncenter has-text-color has-contrast-2-color has-alpha-channel-opacity has-contrast-2-background-color has-background is-style-default\"\/>\n\n\n\n<h1 class=\"alignwide has-text-align-center has-medium-font-size wp-block-heading\" style=\"letter-spacing:20px;text-transform:uppercase\">Biblioteca<\/h1>\n\n\n\n<h2 class=\"has-base-3-color has-text-color has-background has-medium-font-size wp-block-heading\" style=\"background-color:#3366cc;font-style:normal;font-weight:800\"><strong>Educaci\u00f3n Especial<\/strong><\/h2>\n\n\n\n<div class=\"wp-block-columns alignfull has-base-2-background-color has-background is-layout-flex wp-container-9\">\n<div class=\"wp-block-column is-layout-flow\" style=\"flex-basis:100px\"><\/div>\n\n\n\n<div class=\"wp-block-column is-layout-flow\" style=\"flex-basis:500px\"><div class=\"wp-block-image\">\n<figure class=\"aligncenter size-full\"><img decoding=\"async\" loading=\"lazy\" width=\"1134\" height=\"1134\" src=\"https:\/\/dges-sal.infd.edu.ar\/sitio\/wp-content\/uploads\/2023\/07\/1_educacion_inclusiva_fundamentos_y_practicas_para_la_inclusion.jpg\" alt=\"\" class=\"wp-image-11164\" srcset=\"https:\/\/dges-sal.infd.edu.ar\/sitio\/wp-content\/uploads\/2023\/07\/1_educacion_inclusiva_fundamentos_y_practicas_para_la_inclusion.jpg 1134w, https:\/\/dges-sal.infd.edu.ar\/sitio\/wp-content\/uploads\/2023\/07\/1_educacion_inclusiva_fundamentos_y_practicas_para_la_inclusion-1000x1000.jpg 1000w, https:\/\/dges-sal.infd.edu.ar\/sitio\/wp-content\/uploads\/2023\/07\/1_educacion_inclusiva_fundamentos_y_practicas_para_la_inclusion-500x500.jpg 500w, https:\/\/dges-sal.infd.edu.ar\/sitio\/wp-content\/uploads\/2023\/07\/1_educacion_inclusiva_fundamentos_y_practicas_para_la_inclusion-768x768.jpg 768w\" sizes=\"(max-width: 1134px) 100vw, 1134px\" \/><\/figure><\/div><\/div>\n\n\n\n<div class=\"wp-block-column is-vertically-aligned-center is-layout-flow\">\n<h2 class=\"has-text-align-center wp-block-heading\"><strong>Educaci\u00f3n Inclusiva: Fundamentos y p\u00e1cticas para la inclusi\u00f3n<\/strong><\/h2>\n\n\n\n<div class=\"wp-block-columns are-vertically-aligned-center is-layout-flex wp-container-6\">\n<div class=\"wp-block-column is-vertically-aligned-center is-layout-flow\">\n<p style=\"padding-left: 40px;\"><span style=\"color: #000000;\"><strong>Fecha: 2019<\/strong><\/span><\/p>\n<p style=\"padding-left: 40px;\"><span style=\"color: #000000;\"><strong>Formato: PDF<\/strong><\/span><\/p>\n<p style=\"padding-left: 40px;\"><span style=\"color: #000000;\"><strong>Tipo: Material Educativo<\/strong><\/span><\/p>\n<p style=\"padding-left: 40px;\"><span style=\"color: #000000;\"><strong>Nivel: &#8211;<\/strong><\/span><\/p>\n<p style=\"padding-left: 40px;\"><span style=\"color: #000000;\"><strong>Archivos: 7<\/strong><\/span><\/p>\n<\/div>\n\n\n\n<div class=\"wp-block-column is-vertically-aligned-center is-layout-flow\">\n<p style=\"padding-left: 40px;\"><strong>&#x1f4e5; <a href=\"https:\/\/drive.google.com\/file\/d\/1iRNVbk-suC5M7hYtLjaQ7CE3oV7n-xd0\/view?usp=drive_link\" target=\"_blank\" rel=\"noopener\"><span style=\"color: #339966;\">1\u00ba Volumen<\/span><\/a><\/strong><\/p>\n<p style=\"padding-left: 40px;\"><strong>&#x1f4e5;<a href=\"https:\/\/drive.google.com\/file\/d\/1xOxVHl_5YHE8E78ZFc5YpPyXDjTNMLx1\/view?usp=drive_link\" target=\"_blank\" rel=\"noopener\"> <span style=\"color: #339966;\">2\u00ba Volumen<\/span><\/a><\/strong><\/p>\n<p style=\"padding-left: 40px;\"><strong>&#x1f4e5; <span style=\"color: #339966;\">3\u00ba Volumen<\/span><\/strong><\/p>\n<p style=\"padding-left: 40px;\"><strong>&#x1f4e5; <a href=\"https:\/\/drive.google.com\/file\/d\/1mYYRe1fj1HHV4OiqeVm6SRkJBM6QY90U\/view?usp=drive_link\" target=\"_blank\" rel=\"noopener\"><span style=\"color: #339966;\">4\u00ba Volumen<\/span><\/a><\/strong><\/p>\n<p style=\"padding-left: 40px;\"><strong>&#x1f4e5; <a href=\"https:\/\/drive.google.com\/file\/d\/12dCRk3I-mob8N_W7s2GWetwA_Nu_Xmif\/view?usp=drive_link\" target=\"_blank\" rel=\"noopener\"><span style=\"color: #339966;\">5\u00ba Volumen<\/span><\/a><\/strong><\/p>\n<p style=\"padding-left: 40px;\"><strong>&#x1f4e5; <a href=\"https:\/\/drive.google.com\/file\/d\/14IqIGeLcOml-tIWsiu3188aZBbF1bZTR\/view?usp=drive_link\" target=\"_blank\" rel=\"noopener\"><span style=\"color: #339966;\">6\u00ba Volumen<\/span><\/a><\/strong><\/p>\n<p style=\"padding-left: 40px;\"><strong>&#x1f4e5; <a href=\"https:\/\/drive.google.com\/file\/d\/1_TL1tn9vc1HaKDReALxV8egr6E8NgPLC\/view?usp=drive_link\" target=\"_blank\" rel=\"noopener\"><span style=\"color: #339966;\">7\u00ba<\/span><\/a><\/strong><a href=\"_wp_link_placeholder\"> <strong><span style=\"color: #339966;\">Volumen<\/span><\/strong><\/a><\/p>\n<\/div>\n<\/div>\n<\/div>\n\n\n\n<div class=\"wp-block-column is-layout-flow\" style=\"flex-basis:100px\"><\/div>\n<\/div>\n","protected":false},"excerpt":{"rendered":"<p>Biblioteca Educaci\u00f3n Especial Educaci\u00f3n Inclusiva: Fundamentos y p\u00e1cticas para la inclusi\u00f3n Fecha: 2019 Formato: PDF Tipo: Material Educativo Nivel: &#8211; Archivos: 7 &#x1f4e5; 1\u00ba Volumen &#x1f4e5; 2\u00ba Volumen &#x1f4e5; 3\u00ba Volumen &#x1f4e5; 4\u00ba Volumen &#x1f4e5; 5\u00ba Volumen &#x1f4e5; 6\u00ba Volumen &#x1f4e5; 7\u00ba Volumen<\/p>\n","protected":false},"author":9605,"featured_media":0,"parent":0,"menu_order":0,"comment_status":"closed","ping_status":"closed","template":"","meta":[],"acf":[],"_links":{"self":[{"href":"https:\/\/dges-sal.infd.edu.ar\/sitio\/wp-json\/wp\/v2\/pages\/11163"}],"collection":[{"href":"https:\/\/dges-sal.infd.edu.ar\/sitio\/wp-json\/wp\/v2\/pages"}],"about":[{"href":"https:\/\/dges-sal.infd.edu.ar\/sitio\/wp-json\/wp\/v2\/types\/page"}],"author":[{"embeddable":true,"href":"https:\/\/dges-sal.infd.edu.ar\/sitio\/wp-json\/wp\/v2\/users\/9605"}],"replies":[{"embeddable":true,"href":"https:\/\/dges-sal.infd.edu.ar\/sitio\/wp-json\/wp\/v2\/comments?post=11163"}],"version-history":[{"count":36,"href":"https:\/\/dges-sal.infd.edu.ar\/sitio\/wp-json\/wp\/v2\/pages\/11163\/revisions"}],"predecessor-version":[{"id":11368,"href":"https:\/\/dges-sal.infd.edu.ar\/sitio\/wp-json\/wp\/v2\/pages\/11163\/revisions\/11368"}],"wp:attachment":[{"href":"https:\/\/dges-sal.infd.edu.ar\/sitio\/wp-json\/wp\/v2\/media?parent=11163"}],"curies":[{"name":"wp","href":"https:\/\/api.w.org\/{rel}","templated":true}]}}