{"id":10690,"date":"2023-06-13T11:22:54","date_gmt":"2023-06-13T14:22:54","guid":{"rendered":"https:\/\/dges-sal.infd.edu.ar\/sitio\/?page_id=10690"},"modified":"2024-12-29T09:10:00","modified_gmt":"2024-12-29T12:10:00","slug":"6052-2","status":"publish","type":"page","link":"https:\/\/dges-sal.infd.edu.ar\/sitio\/6052-2\/","title":{"rendered":"6052"},"content":{"rendered":"\n<div class=\"wp-block-cover alignwide is-light\" style=\"min-height:241px\"><span aria-hidden=\"true\" class=\"wp-block-cover__background has-background-dim-0 has-background-dim\"><\/span><img decoding=\"async\" loading=\"lazy\" width=\"3022\" height=\"696\" class=\"wp-block-cover__image-background wp-image-10552\" alt=\"\" src=\"https:\/\/dges-sal.infd.edu.ar\/sitio\/wp-content\/uploads\/2023\/06\/Recurso-175.png\" data-object-fit=\"cover\" srcset=\"https:\/\/dges-sal.infd.edu.ar\/sitio\/wp-content\/uploads\/2023\/06\/Recurso-175.png 3022w, https:\/\/dges-sal.infd.edu.ar\/sitio\/wp-content\/uploads\/2023\/06\/Recurso-175-1000x230.png 1000w, https:\/\/dges-sal.infd.edu.ar\/sitio\/wp-content\/uploads\/2023\/06\/Recurso-175-1900x438.png 1900w, https:\/\/dges-sal.infd.edu.ar\/sitio\/wp-content\/uploads\/2023\/06\/Recurso-175-768x177.png 768w, https:\/\/dges-sal.infd.edu.ar\/sitio\/wp-content\/uploads\/2023\/06\/Recurso-175-1536x354.png 1536w, https:\/\/dges-sal.infd.edu.ar\/sitio\/wp-content\/uploads\/2023\/06\/Recurso-175-2048x472.png 2048w\" sizes=\"(max-width: 3022px) 100vw, 3022px\" \/><div class=\"wp-block-cover__inner-container\">\n<p class=\"has-text-align-center has-x-large-font-size\" style=\"font-style:normal;font-weight:900\">6052<\/p>\n<\/div><\/div>\n\n\n\n<h3 class=\"wp-block-heading\">Instituto de Educaci\u00f3n Superior<\/h3>\n\n\n\n<figure class=\"wp-block-table is-style-stripes\"><table><tbody><tr><td class=\"has-text-align-center\" data-align=\"center\"><img decoding=\"async\" loading=\"lazy\" width=\"100\" height=\"100\" class=\"wp-image-9085\" style=\"width: 60px;\" src=\"https:\/\/dges-sal.infd.edu.ar\/sitio\/wp-content\/uploads\/2023\/03\/Diseno-sin-titulo-1.gif\" alt=\"\"><\/td><td>Av. Mario Banchik S\/N\u00b0<br>Salta Capital<\/td><td><strong>Edificio Sede<\/strong><br>Comparte edificio con EET N\u00ba3122<\/td><\/tr><tr><td class=\"has-text-align-center\" data-align=\"center\"><img decoding=\"async\" loading=\"lazy\" width=\"200\" height=\"200\" class=\"wp-image-10710\" style=\"width: 60px;\" src=\"https:\/\/dges-sal.infd.edu.ar\/sitio\/wp-content\/uploads\/2023\/06\/Diseno-sin-titulo-13.png\" alt=\"\"><\/td><td><a href=\"https:\/\/ies6052-sal.infd.edu.ar\/sitio\/\">https:\/\/ies6052-sal.infd.edu.ar<\/a><\/td><td>N\u00ba de CUE<br><strong>660158400<\/strong><\/td><\/tr><tr><td class=\"has-text-align-center\" data-align=\"center\"><img decoding=\"async\" loading=\"lazy\" width=\"200\" height=\"200\" class=\"wp-image-10860\" style=\"width: 60px;\" src=\"https:\/\/dges-sal.infd.edu.ar\/sitio\/wp-content\/uploads\/2023\/06\/unnamed-file.png\" alt=\"\"><\/td><td>Posee Extensi\u00f3n \u00c1ulica <\/td><td><strong>Ext. \u00c1ulica<\/strong> <strong>Cerrillos<\/strong> &#8211; Mariano Moreno esq. Pasaje Macaferri, Esc. N\u00ba5150, Cerrillos, Cerrillos<\/td><\/tr><\/tbody><\/table><\/figure>\n\n\n\n<hr class=\"wp-block-separator has-alpha-channel-opacity\"\/>\n\n\n\n<h4 class=\"wp-block-heading has-text-align-center\">C A R R E R A S<\/h4>\n\n\n\n<figure class=\"wp-block-table is-style-stripes\"><table><tbody><tr><td class=\"has-text-align-center\" data-align=\"center\"><strong>T E C N I C A T U R A S<\/strong><\/td><\/tr><tr><td class=\"has-text-align-center\" data-align=\"center\"><strong><a href=\"https:\/\/onedrive.live.com\/?redeem=aHR0cHM6Ly8xZHJ2Lm1zL2IvcyFBbTZ5WGZfekQ5Y3ZqSnhIdnc4U1pzTFBVRC1sVUE%5FZT02Rm5jNWc&amp;cid=2FD70FF3FF5DB26E&amp;id=2FD70FF3FF5DB26E%21200263&amp;parId=2FD70FF3FF5DB26E%21200223&amp;o=OneUp\" data-type=\"URL\" data-id=\"https:\/\/onedrive.live.com\/?redeem=aHR0cHM6Ly8xZHJ2Lm1zL2IvcyFBbTZ5WGZfekQ5Y3ZqSnhIdnc4U1pzTFBVRC1sVUE%5FZT02Rm5jNWc&amp;cid=2FD70FF3FF5DB26E&amp;id=2FD70FF3FF5DB26E%21200263&amp;parId=2FD70FF3FF5DB26E%21200223&amp;o=OneUp\">Tecnicatura Superior en Gesti\u00f3n de Sistemas Agroganaderos<\/a><\/strong><\/td><\/tr><tr><td class=\"has-text-align-center\" data-align=\"center\"><strong><a href=\"https:\/\/onedrive.live.com\/?redeem=aHR0cHM6Ly8xZHJ2Lm1zL2IvcyFBbTZ5WGZfekQ5Y3ZqSnNpYU9YWnZ6cy1tczZpTFE%5FZT1yTlk2dmg&amp;cid=2FD70FF3FF5DB26E&amp;id=2FD70FF3FF5DB26E%21200098&amp;parId=2FD70FF3FF5DB26E%21200223&amp;o=OneUp\" data-type=\"URL\" data-id=\"https:\/\/onedrive.live.com\/?redeem=aHR0cHM6Ly8xZHJ2Lm1zL2IvcyFBbTZ5WGZfekQ5Y3ZqSnNpYU9YWnZ6cy1tczZpTFE%5FZT1yTlk2dmg&amp;cid=2FD70FF3FF5DB26E&amp;id=2FD70FF3FF5DB26E%21200098&amp;parId=2FD70FF3FF5DB26E%21200223&amp;o=OneUp\">Tecnicatura Superior en Recursos H\u00eddricos<\/a><\/strong><\/td><\/tr><\/tbody><\/table><\/figure>\n\n\n\n<hr class=\"wp-block-separator has-alpha-channel-opacity\"\/>\n\n\n\n<iframe src=\"https:\/\/www.google.com\/maps\/embed?pb=!1m18!1m12!1m3!1d320.048290164832!2d-65.44545908375261!3d-24.831962712612416!2m3!1f0!2f0!3f0!3m2!1i1024!2i768!4f13.1!3m3!1m2!1s0x941bc2c7025f0fb3%3A0xc6856ed447c26082!2sEscuela%20Agr%C3%ADcola%20N%C2%B0%203122%20%22Gral.%20Mart%C3%ADn%20Miguel%20de%20G%C3%BCemes%22!5e0!3m2!1ses!2sar!4v1687624329251!5m2!1ses!2sar\" width=\"1000\" height=\"450\" style=\"border:0;\" allowfullscreen=\"\" loading=\"lazy\" referrerpolicy=\"no-referrer-when-downgrade\"><\/iframe>\n","protected":false},"excerpt":{"rendered":"<p>Instituto de Educaci\u00f3n Superior Av. Mario Banchik S\/N\u00b0Salta Capital Edificio SedeComparte edificio con EET N\u00ba3122 https:\/\/ies6052-sal.infd.edu.ar N\u00ba de CUE660158400 Posee Extensi\u00f3n \u00c1ulica Ext. \u00c1ulica Cerrillos &#8211; Mariano Moreno esq. Pasaje Macaferri, Esc. N\u00ba5150, Cerrillos, Cerrillos C A R R E R A S T E C N I C A T U R A S &#8230; <a title=\"6052\" class=\"read-more\" href=\"https:\/\/dges-sal.infd.edu.ar\/sitio\/6052-2\/\" aria-label=\"More on 6052\">[+]<\/a><\/p>\n","protected":false},"author":9605,"featured_media":0,"parent":0,"menu_order":0,"comment_status":"closed","ping_status":"closed","template":"","meta":[],"acf":[],"_links":{"self":[{"href":"https:\/\/dges-sal.infd.edu.ar\/sitio\/wp-json\/wp\/v2\/pages\/10690"}],"collection":[{"href":"https:\/\/dges-sal.infd.edu.ar\/sitio\/wp-json\/wp\/v2\/pages"}],"about":[{"href":"https:\/\/dges-sal.infd.edu.ar\/sitio\/wp-json\/wp\/v2\/types\/page"}],"author":[{"embeddable":true,"href":"https:\/\/dges-sal.infd.edu.ar\/sitio\/wp-json\/wp\/v2\/users\/9605"}],"replies":[{"embeddable":true,"href":"https:\/\/dges-sal.infd.edu.ar\/sitio\/wp-json\/wp\/v2\/comments?post=10690"}],"version-history":[{"count":9,"href":"https:\/\/dges-sal.infd.edu.ar\/sitio\/wp-json\/wp\/v2\/pages\/10690\/revisions"}],"predecessor-version":[{"id":15174,"href":"https:\/\/dges-sal.infd.edu.ar\/sitio\/wp-json\/wp\/v2\/pages\/10690\/revisions\/15174"}],"wp:attachment":[{"href":"https:\/\/dges-sal.infd.edu.ar\/sitio\/wp-json\/wp\/v2\/media?parent=10690"}],"curies":[{"name":"wp","href":"https:\/\/api.w.org\/{rel}","templated":true}]}}