{"id":10678,"date":"2023-06-13T11:19:40","date_gmt":"2023-06-13T14:19:40","guid":{"rendered":"https:\/\/dges-sal.infd.edu.ar\/sitio\/?page_id=10678"},"modified":"2024-12-29T08:53:25","modified_gmt":"2024-12-29T11:53:25","slug":"6048-2","status":"publish","type":"page","link":"https:\/\/dges-sal.infd.edu.ar\/sitio\/6048-2\/","title":{"rendered":"6048"},"content":{"rendered":"\n<div class=\"wp-block-cover alignwide is-light\" style=\"min-height:241px\"><span aria-hidden=\"true\" class=\"wp-block-cover__background has-background-dim-0 has-background-dim\"><\/span><img decoding=\"async\" loading=\"lazy\" width=\"3022\" height=\"696\" class=\"wp-block-cover__image-background wp-image-10552\" alt=\"\" src=\"https:\/\/dges-sal.infd.edu.ar\/sitio\/wp-content\/uploads\/2023\/06\/Recurso-175.png\" data-object-fit=\"cover\" srcset=\"https:\/\/dges-sal.infd.edu.ar\/sitio\/wp-content\/uploads\/2023\/06\/Recurso-175.png 3022w, https:\/\/dges-sal.infd.edu.ar\/sitio\/wp-content\/uploads\/2023\/06\/Recurso-175-1000x230.png 1000w, https:\/\/dges-sal.infd.edu.ar\/sitio\/wp-content\/uploads\/2023\/06\/Recurso-175-1900x438.png 1900w, https:\/\/dges-sal.infd.edu.ar\/sitio\/wp-content\/uploads\/2023\/06\/Recurso-175-768x177.png 768w, https:\/\/dges-sal.infd.edu.ar\/sitio\/wp-content\/uploads\/2023\/06\/Recurso-175-1536x354.png 1536w, https:\/\/dges-sal.infd.edu.ar\/sitio\/wp-content\/uploads\/2023\/06\/Recurso-175-2048x472.png 2048w\" sizes=\"(max-width: 3022px) 100vw, 3022px\" \/><div class=\"wp-block-cover__inner-container\">\n<p class=\"has-text-align-center has-x-large-font-size\" style=\"font-style:normal;font-weight:900\">6048<\/p>\n<\/div><\/div>\n\n\n\n<h3 class=\"wp-block-heading\">Instituto de Educaci\u00f3n Superior<\/h3>\n\n\n\n<figure class=\"wp-block-table is-style-stripes\"><table><tbody><tr><td class=\"has-text-align-center\" data-align=\"center\"><img decoding=\"async\" loading=\"lazy\" width=\"100\" height=\"100\" class=\"wp-image-9085\" style=\"width: 60px;\" src=\"https:\/\/dges-sal.infd.edu.ar\/sitio\/wp-content\/uploads\/2023\/03\/Diseno-sin-titulo-1.gif\" alt=\"\"><\/td><td>Monse\u00f1or Diego Guti\u00e9rrez Pedraza S\/N\u00b0<br>San Carlos &#8211; San Carlos<\/td><td><strong>Edificio Sede<\/strong><br>Comparte edificio con EET N\u00ba3157<\/td><\/tr><tr><td class=\"has-text-align-center\" data-align=\"center\"><img decoding=\"async\" loading=\"lazy\" width=\"200\" height=\"200\" class=\"wp-image-10710\" style=\"width: 60px;\" src=\"https:\/\/dges-sal.infd.edu.ar\/sitio\/wp-content\/uploads\/2023\/06\/Diseno-sin-titulo-13.png\" alt=\"\"><\/td><td><a href=\"https:\/\/ies6048-sal.infd.edu.ar\/sitio\/\">https:\/\/ies6048-sal.infd.edu.ar<\/a><\/td><td>N\u00ba de CUE<br><strong>660150900<\/strong><\/td><\/tr><\/tbody><\/table><\/figure>\n\n\n\n<hr class=\"wp-block-separator has-alpha-channel-opacity\"\/>\n\n\n\n<h4 class=\"wp-block-heading has-text-align-center\">C A R R E R A<\/h4>\n\n\n\n<figure class=\"wp-block-table is-style-stripes\"><table><tbody><tr><td class=\"has-text-align-center\" data-align=\"center\"><strong>T E C N I C A T U R A <\/strong><\/td><\/tr><tr><td class=\"has-text-align-center\" data-align=\"center\"><strong><a href=\"https:\/\/dges-sal.infd.edu.ar\/sitio\/wp-content\/uploads\/2024\/12\/RESOLUCION-SPE-Y-DPD-N%C2%B0-90-24-TECN-SUP-EN-HIGIENE-SEGURIDAD-LABORAL-Y-DESARROLLO-AMBIENTAL-SOSTENIBLE.pdf\" data-type=\"URL\" data-id=\"https:\/\/dges-sal.infd.edu.ar\/sitio\/wp-content\/uploads\/2024\/12\/RESOLUCION-SPE-Y-DPD-N%C2%B0-90-24-TECN-SUP-EN-HIGIENE-SEGURIDAD-LABORAL-Y-DESARROLLO-AMBIENTAL-SOSTENIBLE.pdf\">Tecnicatura Superior en Higiene , Seguridad\u00a0 Laboral y Desarrollo Ambiental Sostenible<\/a><\/strong><\/td><\/tr><\/tbody><\/table><\/figure>\n\n\n\n<hr class=\"wp-block-separator has-alpha-channel-opacity\"\/>\n\n\n\n<iframe src=\"https:\/\/www.google.com\/maps\/embed?pb=!1m14!1m8!1m3!1d224.32856740021938!2d-65.93339310686811!3d-25.893918119054486!3m2!1i1024!2i768!4f13.1!3m3!1m2!1s0x941f2b7b7bcb7f37%3A0xd5c86465cb71e521!2sies6048!5e0!3m2!1ses!2sar!4v1687534801664!5m2!1ses!2sar\" width=\"1000\" height=\"450\" style=\"border:0;\" allowfullscreen=\"\" loading=\"lazy\" referrerpolicy=\"no-referrer-when-downgrade\"><\/iframe>\n","protected":false},"excerpt":{"rendered":"<p>Instituto de Educaci\u00f3n Superior Monse\u00f1or Diego Guti\u00e9rrez Pedraza S\/N\u00b0San Carlos &#8211; San Carlos Edificio SedeComparte edificio con EET N\u00ba3157 https:\/\/ies6048-sal.infd.edu.ar N\u00ba de CUE660150900 C A R R E R A T E C N I C A T U R A Tecnicatura Superior en Higiene , Seguridad\u00a0 Laboral y Desarrollo Ambiental Sostenible<\/p>\n","protected":false},"author":9605,"featured_media":0,"parent":0,"menu_order":0,"comment_status":"closed","ping_status":"closed","template":"","meta":[],"acf":[],"_links":{"self":[{"href":"https:\/\/dges-sal.infd.edu.ar\/sitio\/wp-json\/wp\/v2\/pages\/10678"}],"collection":[{"href":"https:\/\/dges-sal.infd.edu.ar\/sitio\/wp-json\/wp\/v2\/pages"}],"about":[{"href":"https:\/\/dges-sal.infd.edu.ar\/sitio\/wp-json\/wp\/v2\/types\/page"}],"author":[{"embeddable":true,"href":"https:\/\/dges-sal.infd.edu.ar\/sitio\/wp-json\/wp\/v2\/users\/9605"}],"replies":[{"embeddable":true,"href":"https:\/\/dges-sal.infd.edu.ar\/sitio\/wp-json\/wp\/v2\/comments?post=10678"}],"version-history":[{"count":5,"href":"https:\/\/dges-sal.infd.edu.ar\/sitio\/wp-json\/wp\/v2\/pages\/10678\/revisions"}],"predecessor-version":[{"id":15156,"href":"https:\/\/dges-sal.infd.edu.ar\/sitio\/wp-json\/wp\/v2\/pages\/10678\/revisions\/15156"}],"wp:attachment":[{"href":"https:\/\/dges-sal.infd.edu.ar\/sitio\/wp-json\/wp\/v2\/media?parent=10678"}],"curies":[{"name":"wp","href":"https:\/\/api.w.org\/{rel}","templated":true}]}}