{"id":10669,"date":"2023-06-13T11:15:26","date_gmt":"2023-06-13T14:15:26","guid":{"rendered":"https:\/\/dges-sal.infd.edu.ar\/sitio\/?page_id=10669"},"modified":"2024-12-29T08:43:37","modified_gmt":"2024-12-29T11:43:37","slug":"6045-2","status":"publish","type":"page","link":"https:\/\/dges-sal.infd.edu.ar\/sitio\/6045-2\/","title":{"rendered":"6045"},"content":{"rendered":"\n<div class=\"wp-block-cover alignwide is-light\" style=\"min-height:241px\"><span aria-hidden=\"true\" class=\"wp-block-cover__background has-background-dim-0 has-background-dim\"><\/span><img decoding=\"async\" loading=\"lazy\" width=\"3022\" height=\"696\" class=\"wp-block-cover__image-background wp-image-10552\" alt=\"\" src=\"https:\/\/dges-sal.infd.edu.ar\/sitio\/wp-content\/uploads\/2023\/06\/Recurso-175.png\" data-object-fit=\"cover\" srcset=\"https:\/\/dges-sal.infd.edu.ar\/sitio\/wp-content\/uploads\/2023\/06\/Recurso-175.png 3022w, https:\/\/dges-sal.infd.edu.ar\/sitio\/wp-content\/uploads\/2023\/06\/Recurso-175-1000x230.png 1000w, https:\/\/dges-sal.infd.edu.ar\/sitio\/wp-content\/uploads\/2023\/06\/Recurso-175-1900x438.png 1900w, https:\/\/dges-sal.infd.edu.ar\/sitio\/wp-content\/uploads\/2023\/06\/Recurso-175-768x177.png 768w, https:\/\/dges-sal.infd.edu.ar\/sitio\/wp-content\/uploads\/2023\/06\/Recurso-175-1536x354.png 1536w, https:\/\/dges-sal.infd.edu.ar\/sitio\/wp-content\/uploads\/2023\/06\/Recurso-175-2048x472.png 2048w\" sizes=\"(max-width: 3022px) 100vw, 3022px\" \/><div class=\"wp-block-cover__inner-container\">\n<p class=\"has-text-align-center has-x-large-font-size\" style=\"font-style:normal;font-weight:900\">6045<\/p>\n<\/div><\/div>\n\n\n\n<h3 class=\"wp-block-heading\">Instituto Superior de Educaci\u00f3n Policial \u00abGral. Martin M. de G\u00fcemes\u00bb<\/h3>\n\n\n\n<figure class=\"wp-block-table is-style-stripes\"><table><tbody><tr><td class=\"has-text-align-center\" data-align=\"center\"><img decoding=\"async\" loading=\"lazy\" width=\"100\" height=\"100\" class=\"wp-image-9085\" style=\"width: 60px;\" src=\"https:\/\/dges-sal.infd.edu.ar\/sitio\/wp-content\/uploads\/2023\/03\/Diseno-sin-titulo-1.gif\" alt=\"\"><\/td><td>Dean Funes 229<br>Salta Capital<\/td><td><strong>Edificio Sede<\/strong><\/td><\/tr><tr><td class=\"has-text-align-center\" data-align=\"center\"><img decoding=\"async\" loading=\"lazy\" width=\"200\" height=\"200\" class=\"wp-image-10710\" style=\"width: 60px;\" src=\"https:\/\/dges-sal.infd.edu.ar\/sitio\/wp-content\/uploads\/2023\/06\/Diseno-sin-titulo-13.png\" alt=\"\"><\/td><td><a href=\"https:\/\/educacion.policiadesalta.gob.ar\/\">https:\/\/educacion.policiadesalta.gob.ar\/<\/a><br><a href=\"https:\/\/ies6045-sal.infd.edu.ar\/\">https:\/\/ies6045-sal.infd.edu.ar\/<\/a><\/td><td>N\u00ba de CUE<br><strong>660031600<\/strong><\/td><\/tr><\/tbody><\/table><\/figure>\n\n\n\n<hr class=\"wp-block-separator has-alpha-channel-opacity\"\/>\n\n\n\n<h4 class=\"wp-block-heading has-text-align-center\">C A R R E R A S<\/h4>\n\n\n\n<figure class=\"wp-block-table is-style-stripes\"><table><tbody><tr><td class=\"has-text-align-center\" data-align=\"center\"><strong>T E C N I C A T U R A S<\/strong><\/td><\/tr><tr><td class=\"has-text-align-center\" data-align=\"center\"><strong><a href=\"https:\/\/onedrive.live.com\/?redeem=aHR0cHM6Ly8xZHJ2Lm1zL2IvcyFBbTZ5WGZfekQ5Y3ZqSnhGMEQzdjhOM0l2QWFZc2c%5FZT0xRGFjaUQ&amp;cid=2FD70FF3FF5DB26E&amp;id=2FD70FF3FF5DB26E%21200261&amp;parId=2FD70FF3FF5DB26E%21200223&amp;o=OneUp\">Tecnicatura Superior en Seguridad P\u00fablica para Agente de Calle<br><\/a><\/strong>(se dicta en SEDE y en extensi\u00f3n \u00e1ulica EMBARCACI\u00d3N)<\/td><\/tr><tr><td class=\"has-text-align-center\" data-align=\"center\"><strong><a href=\"https:\/\/onedrive.live.com\/?redeem=aHR0cHM6Ly8xZHJ2Lm1zL2IvcyFBbTZ5WGZfekQ5Y3ZqTXgwdGplVzBhVEt5bGRXTXc%5FZT1YOUUxekg&amp;cid=2FD70FF3FF5DB26E&amp;id=2FD70FF3FF5DB26E%21206452&amp;parId=2FD70FF3FF5DB26E%21200223&amp;o=OneUp\" data-type=\"URL\" data-id=\"https:\/\/onedrive.live.com\/?redeem=aHR0cHM6Ly8xZHJ2Lm1zL2IvcyFBbTZ5WGZfekQ5Y3ZqTXgwdGplVzBhVEt5bGRXTXc%5FZT1YOUUxekg&amp;cid=2FD70FF3FF5DB26E&amp;id=2FD70FF3FF5DB26E%21206452&amp;parId=2FD70FF3FF5DB26E%21200223&amp;o=OneUp\">Tecnicatura Superior en Seguridad Publica y Ciudadana<\/a><\/strong><\/td><\/tr><\/tbody><\/table><\/figure>\n\n\n\n<hr class=\"wp-block-separator has-alpha-channel-opacity\"\/>\n\n\n\n<iframe src=\"https:\/\/www.google.com\/maps\/embed?pb=!1m14!1m8!1m3!1d452.779283201482!2d-65.40811933884189!3d-24.787430539378565!3m2!1i1024!2i768!4f13.1!3m3!1m2!1s0x941bc3bce51abc27%3A0x43152fd99d7c3763!2sEscuela%20Superior%20de%20Policia!5e0!3m2!1ses!2sar!4v1687533289471!5m2!1ses!2sar\" width=\"600\" height=\"450\" style=\"border:0;\" allowfullscreen=\"\" loading=\"lazy\" referrerpolicy=\"no-referrer-when-downgrade\"><\/iframe>\n","protected":false},"excerpt":{"rendered":"<p>Instituto Superior de Educaci\u00f3n Policial \u00abGral. Martin M. de G\u00fcemes\u00bb Dean Funes 229Salta Capital Edificio Sede https:\/\/educacion.policiadesalta.gob.ar\/https:\/\/ies6045-sal.infd.edu.ar\/ N\u00ba de CUE660031600 C A R R E R A S T E C N I C A T U R A S Tecnicatura Superior en Seguridad P\u00fablica para Agente de Calle(se dicta en SEDE y en extensi\u00f3n &#8230; <a title=\"6045\" class=\"read-more\" href=\"https:\/\/dges-sal.infd.edu.ar\/sitio\/6045-2\/\" aria-label=\"More on 6045\">[+]<\/a><\/p>\n","protected":false},"author":9605,"featured_media":0,"parent":0,"menu_order":0,"comment_status":"closed","ping_status":"closed","template":"","meta":[],"acf":[],"_links":{"self":[{"href":"https:\/\/dges-sal.infd.edu.ar\/sitio\/wp-json\/wp\/v2\/pages\/10669"}],"collection":[{"href":"https:\/\/dges-sal.infd.edu.ar\/sitio\/wp-json\/wp\/v2\/pages"}],"about":[{"href":"https:\/\/dges-sal.infd.edu.ar\/sitio\/wp-json\/wp\/v2\/types\/page"}],"author":[{"embeddable":true,"href":"https:\/\/dges-sal.infd.edu.ar\/sitio\/wp-json\/wp\/v2\/users\/9605"}],"replies":[{"embeddable":true,"href":"https:\/\/dges-sal.infd.edu.ar\/sitio\/wp-json\/wp\/v2\/comments?post=10669"}],"version-history":[{"count":6,"href":"https:\/\/dges-sal.infd.edu.ar\/sitio\/wp-json\/wp\/v2\/pages\/10669\/revisions"}],"predecessor-version":[{"id":15143,"href":"https:\/\/dges-sal.infd.edu.ar\/sitio\/wp-json\/wp\/v2\/pages\/10669\/revisions\/15143"}],"wp:attachment":[{"href":"https:\/\/dges-sal.infd.edu.ar\/sitio\/wp-json\/wp\/v2\/media?parent=10669"}],"curies":[{"name":"wp","href":"https:\/\/api.w.org\/{rel}","templated":true}]}}