{"id":10663,"date":"2023-06-13T11:13:03","date_gmt":"2023-06-13T14:13:03","guid":{"rendered":"https:\/\/dges-sal.infd.edu.ar\/sitio\/?page_id=10663"},"modified":"2024-12-28T21:42:24","modified_gmt":"2024-12-29T00:42:24","slug":"6043-2","status":"publish","type":"page","link":"https:\/\/dges-sal.infd.edu.ar\/sitio\/6043-2\/","title":{"rendered":"6043"},"content":{"rendered":"\n<div class=\"wp-block-cover alignwide is-light\" style=\"min-height:241px\"><span aria-hidden=\"true\" class=\"wp-block-cover__background has-background-dim-0 has-background-dim\"><\/span><img decoding=\"async\" loading=\"lazy\" width=\"3022\" height=\"696\" class=\"wp-block-cover__image-background wp-image-10552\" alt=\"\" src=\"https:\/\/dges-sal.infd.edu.ar\/sitio\/wp-content\/uploads\/2023\/06\/Recurso-175.png\" data-object-fit=\"cover\" srcset=\"https:\/\/dges-sal.infd.edu.ar\/sitio\/wp-content\/uploads\/2023\/06\/Recurso-175.png 3022w, https:\/\/dges-sal.infd.edu.ar\/sitio\/wp-content\/uploads\/2023\/06\/Recurso-175-1000x230.png 1000w, https:\/\/dges-sal.infd.edu.ar\/sitio\/wp-content\/uploads\/2023\/06\/Recurso-175-1900x438.png 1900w, https:\/\/dges-sal.infd.edu.ar\/sitio\/wp-content\/uploads\/2023\/06\/Recurso-175-768x177.png 768w, https:\/\/dges-sal.infd.edu.ar\/sitio\/wp-content\/uploads\/2023\/06\/Recurso-175-1536x354.png 1536w, https:\/\/dges-sal.infd.edu.ar\/sitio\/wp-content\/uploads\/2023\/06\/Recurso-175-2048x472.png 2048w\" sizes=\"(max-width: 3022px) 100vw, 3022px\" \/><div class=\"wp-block-cover__inner-container\">\n<p class=\"has-text-align-center has-x-large-font-size\" style=\"font-style:normal;font-weight:900\">6043<\/p>\n<\/div><\/div>\n\n\n\n<h3 class=\"wp-block-heading\">Instituto de Educaci\u00f3n Superior<\/h3>\n\n\n\n<figure class=\"wp-block-table is-style-stripes\"><table><tbody><tr><td class=\"has-text-align-center\" data-align=\"center\"><img decoding=\"async\" loading=\"lazy\" width=\"100\" height=\"100\" class=\"wp-image-9085\" style=\"width: 60px;\" src=\"https:\/\/dges-sal.infd.edu.ar\/sitio\/wp-content\/uploads\/2023\/03\/Diseno-sin-titulo-1.gif\" alt=\"\"><\/td><td>B\u00ba San Carlos- Mza 51<br>Salta Capital<\/td><td><strong>Edificio Sede<\/strong><br>Comparte edificio con Esc. N\u00b04732<\/td><\/tr><tr><td class=\"has-text-align-center\" data-align=\"center\"><img decoding=\"async\" loading=\"lazy\" width=\"200\" height=\"200\" class=\"wp-image-10710\" style=\"width: 60px;\" src=\"https:\/\/dges-sal.infd.edu.ar\/sitio\/wp-content\/uploads\/2023\/06\/Diseno-sin-titulo-13.png\" alt=\"\"><\/td><td><a href=\"https:\/\/ies6043-sal.infd.edu.ar\/\">https:\/\/ies6043-sal.infd.edu.ar\/<\/a><\/td><td>N\u00ba de CUE<br><strong>660149500<\/strong><\/td><\/tr><tr><td class=\"has-text-align-center\" data-align=\"center\"><img decoding=\"async\" loading=\"lazy\" width=\"200\" height=\"200\" class=\"wp-image-10860\" style=\"width: 60px;\" src=\"https:\/\/dges-sal.infd.edu.ar\/sitio\/wp-content\/uploads\/2023\/06\/unnamed-file.png\" alt=\"\"><\/td><td>Posee Extensi\u00f3n \u00c1ulica <\/td><td><strong>Ext. \u00c1ulica Cerrillos<\/strong> &#8211; Mitre 101 esq. Sarmiento (comparte edificio con Escuela Gobernador Sola N\u00ba 4069), Cerrillos.<\/td><\/tr><\/tbody><\/table><\/figure>\n\n\n\n<hr class=\"wp-block-separator has-alpha-channel-opacity\"\/>\n\n\n\n<h4 class=\"wp-block-heading has-text-align-center\">C A R R E R A S<\/h4>\n\n\n\n<figure class=\"wp-block-table is-style-stripes\"><table><tbody><tr><td class=\"has-text-align-center\" data-align=\"center\"><strong>P R O F E S O R A D O S<\/strong><\/td><td><\/td><td class=\"has-text-align-center\" data-align=\"center\"><strong>T E C N I C A T U R A S<\/strong><\/td><\/tr><tr><td class=\"has-text-align-center\" data-align=\"center\"><strong><a href=\"https:\/\/dges-sal.infd.edu.ar\/sitio\/profesorados\/upload\/Res-3125-14.Matematica_pdf.pdf\" data-type=\"URL\" data-id=\"https:\/\/dges-sal.infd.edu.ar\/sitio\/profesorados\/upload\/Res-3125-14.Matematica_pdf.pdf\">Profesorado de Educaci\u00f3n Secundaria en Matem\u00e1tica <\/a><\/strong><br>(se dicta en SEDE y en extensi\u00f3n \u00e1ulica CERRILLOS)<\/td><td><\/td><td class=\"has-text-align-center\" data-align=\"center\"><strong><a href=\"https:\/\/dges-sal.infd.edu.ar\/sitio\/wp-content\/uploads\/2018\/12\/Res-8966-18.pdf\" data-type=\"URL\" data-id=\"https:\/\/dges-sal.infd.edu.ar\/sitio\/wp-content\/uploads\/2018\/12\/Res-8966-18.pdf\">Tecnicatura Superior en Gesti\u00f3n de Recursos Humanos<\/a><\/strong><\/td><\/tr><tr><td class=\"has-text-align-center\" data-align=\"center\"><strong><a href=\"https:\/\/dges-sal.infd.edu.ar\/sitio\/profesorados\/upload\/Res._3126-14_Prof._de_Educ._Secundaria_en_Lengua_y_Literatura.pdf\" data-type=\"URL\" data-id=\"https:\/\/dges-sal.infd.edu.ar\/sitio\/profesorados\/upload\/Res._3126-14_Prof._de_Educ._Secundaria_en_Lengua_y_Literatura.pdf\">Profesorado de Educaci\u00f3n Secundaria en Lengua y Literatura<\/a><\/strong><\/td><td><\/td><td class=\"has-text-align-center\" data-align=\"center\"><\/td><\/tr><tr><td class=\"has-text-align-center\" data-align=\"center\"><strong><a href=\"https:\/\/dges-sal.infd.edu.ar\/sitio\/profesorados\/upload\/Res-1210-14_Prof._de_Economia_1.pdf\" data-type=\"URL\" data-id=\"https:\/\/dges-sal.infd.edu.ar\/sitio\/profesorados\/upload\/Res-1210-14_Prof._de_Economia_1.pdf\">Profesorado de Educaci\u00f3n Secundaria en Econom\u00eda<\/a><\/strong><br>(en en extensi\u00f3n \u00e1ulica CERRILLOS)<\/td><td><\/td><td class=\"has-text-align-center\" data-align=\"center\"><\/td><\/tr><\/tbody><\/table><\/figure>\n\n\n\n<hr class=\"wp-block-separator has-alpha-channel-opacity\"\/>\n\n\n\n<iframe src=\"https:\/\/www.google.com\/maps\/embed?pb=!1m14!1m8!1m3!1d380.52914506783316!2d-65.44177206652341!3d-24.856207074427594!3m2!1i1024!2i768!4f13.1!3m3!1m2!1s0x941bdd322741f8b9%3A0x719a80efbb4a63fa!2sTerciario%20Jorge%20Luis%20Borges!5e0!3m2!1ses!2sar!4v1687530668212!5m2!1ses!2sar\" width=\"1000\" height=\"450\" style=\"border:0;\" allowfullscreen=\"\" loading=\"lazy\" referrerpolicy=\"no-referrer-when-downgrade\"><\/iframe>\n","protected":false},"excerpt":{"rendered":"<p>Instituto de Educaci\u00f3n Superior B\u00ba San Carlos- Mza 51Salta Capital Edificio SedeComparte edificio con Esc. N\u00b04732 https:\/\/ies6043-sal.infd.edu.ar\/ N\u00ba de CUE660149500 Posee Extensi\u00f3n \u00c1ulica Ext. \u00c1ulica Cerrillos &#8211; Mitre 101 esq. Sarmiento (comparte edificio con Escuela Gobernador Sola N\u00ba 4069), Cerrillos. C A R R E R A S P R O F E S O &#8230; <a title=\"6043\" class=\"read-more\" href=\"https:\/\/dges-sal.infd.edu.ar\/sitio\/6043-2\/\" aria-label=\"More on 6043\">[+]<\/a><\/p>\n","protected":false},"author":9605,"featured_media":0,"parent":0,"menu_order":0,"comment_status":"closed","ping_status":"closed","template":"","meta":[],"acf":[],"_links":{"self":[{"href":"https:\/\/dges-sal.infd.edu.ar\/sitio\/wp-json\/wp\/v2\/pages\/10663"}],"collection":[{"href":"https:\/\/dges-sal.infd.edu.ar\/sitio\/wp-json\/wp\/v2\/pages"}],"about":[{"href":"https:\/\/dges-sal.infd.edu.ar\/sitio\/wp-json\/wp\/v2\/types\/page"}],"author":[{"embeddable":true,"href":"https:\/\/dges-sal.infd.edu.ar\/sitio\/wp-json\/wp\/v2\/users\/9605"}],"replies":[{"embeddable":true,"href":"https:\/\/dges-sal.infd.edu.ar\/sitio\/wp-json\/wp\/v2\/comments?post=10663"}],"version-history":[{"count":15,"href":"https:\/\/dges-sal.infd.edu.ar\/sitio\/wp-json\/wp\/v2\/pages\/10663\/revisions"}],"predecessor-version":[{"id":15134,"href":"https:\/\/dges-sal.infd.edu.ar\/sitio\/wp-json\/wp\/v2\/pages\/10663\/revisions\/15134"}],"wp:attachment":[{"href":"https:\/\/dges-sal.infd.edu.ar\/sitio\/wp-json\/wp\/v2\/media?parent=10663"}],"curies":[{"name":"wp","href":"https:\/\/api.w.org\/{rel}","templated":true}]}}