{"id":10643,"date":"2023-06-13T11:01:23","date_gmt":"2023-06-13T14:01:23","guid":{"rendered":"https:\/\/dges-sal.infd.edu.ar\/sitio\/?page_id=10643"},"modified":"2024-09-03T21:12:48","modified_gmt":"2024-09-04T00:12:48","slug":"6036-anexo","status":"publish","type":"page","link":"https:\/\/dges-sal.infd.edu.ar\/sitio\/6036-anexo\/","title":{"rendered":"6036 (Anexo)"},"content":{"rendered":"\n<div class=\"wp-block-cover alignwide is-light\" style=\"min-height:241px\"><span aria-hidden=\"true\" class=\"wp-block-cover__background has-background-dim-0 has-background-dim\"><\/span><img decoding=\"async\" loading=\"lazy\" width=\"3022\" height=\"696\" class=\"wp-block-cover__image-background wp-image-10552\" alt=\"\" src=\"https:\/\/dges-sal.infd.edu.ar\/sitio\/wp-content\/uploads\/2023\/06\/Recurso-175.png\" data-object-fit=\"cover\" srcset=\"https:\/\/dges-sal.infd.edu.ar\/sitio\/wp-content\/uploads\/2023\/06\/Recurso-175.png 3022w, https:\/\/dges-sal.infd.edu.ar\/sitio\/wp-content\/uploads\/2023\/06\/Recurso-175-1000x230.png 1000w, https:\/\/dges-sal.infd.edu.ar\/sitio\/wp-content\/uploads\/2023\/06\/Recurso-175-1900x438.png 1900w, https:\/\/dges-sal.infd.edu.ar\/sitio\/wp-content\/uploads\/2023\/06\/Recurso-175-768x177.png 768w, https:\/\/dges-sal.infd.edu.ar\/sitio\/wp-content\/uploads\/2023\/06\/Recurso-175-1536x354.png 1536w, https:\/\/dges-sal.infd.edu.ar\/sitio\/wp-content\/uploads\/2023\/06\/Recurso-175-2048x472.png 2048w\" sizes=\"(max-width: 3022px) 100vw, 3022px\" \/><div class=\"wp-block-cover__inner-container\">\n<p class=\"has-text-align-center has-x-large-font-size\" style=\"font-style:normal;font-weight:900\">6036 Anexo<\/p>\n<\/div><\/div>\n\n\n\n<h3 class=\"wp-block-heading\">Unidad de Formaci\u00f3n, Investigaci\u00f3n y Desarrollo Tecnol\u00f3gico&nbsp; (UFIDeT) &#8211; Or\u00e1n<\/h3>\n\n\n\n<figure class=\"wp-block-table is-style-stripes\"><table><tbody><tr><td class=\"has-text-align-center\" data-align=\"center\"><img decoding=\"async\" loading=\"lazy\" width=\"100\" height=\"100\" class=\"wp-image-9085\" style=\"width: 60px;\" src=\"https:\/\/dges-sal.infd.edu.ar\/sitio\/wp-content\/uploads\/2023\/03\/Diseno-sin-titulo-1.gif\" alt=\"\"><\/td><td>Hip\u00f3lito Irigoyen 686<br>Or\u00e1n &#8211; S.R.N. Or\u00e1n<\/td><td><strong>Edificio<\/strong> <strong>Anexo<\/strong><br>Comparte edificio con EET N\u00ba3134<\/td><\/tr><tr><td class=\"has-text-align-center\" data-align=\"center\"><img decoding=\"async\" loading=\"lazy\" width=\"200\" height=\"200\" class=\"wp-image-10710\" style=\"width: 60px;\" src=\"https:\/\/dges-sal.infd.edu.ar\/sitio\/wp-content\/uploads\/2023\/06\/Diseno-sin-titulo-13.png\" alt=\"\"><\/td><td><a href=\"https:\/\/ufidetsalta-sal.infd.edu.ar\/\">https:\/\/ufidetsalta-sal.infd.edu.ar\/<\/a><\/td><td>N\u00ba de CUE<br><strong>660133201<\/strong><\/td><\/tr><\/tbody><\/table><\/figure>\n\n\n\n<hr class=\"wp-block-separator has-alpha-channel-opacity\"\/>\n\n\n\n<h3 class=\"wp-block-heading has-text-align-center\">CARRERAS<\/h3>\n\n\n\n<figure class=\"wp-block-table is-style-stripes\"><table><tbody><tr><td class=\"has-text-align-center\" data-align=\"center\"><strong>T E C N I C A T U R A<\/strong><\/td><\/tr><tr><td class=\"has-text-align-center\" data-align=\"center\"><strong><a href=\"https:\/\/dges-sal.infd.edu.ar\/sitio\/tecnicaturas\/upload\/tecsupenmecatronicaconorientenautomatizacionymantenimientoindustrialres036ymod.pdf\">Tecnicatura Superior en Mecatr\u00f3nica con Orientaci\u00f3n en Automatizaci\u00f3n y Mantenimiento Industrial<\/a><\/strong><\/td><\/tr><\/tbody><\/table><\/figure>\n\n\n\n<hr class=\"wp-block-separator has-alpha-channel-opacity\"\/>\n\n\n\n<iframe src=\"https:\/\/www.google.com\/maps\/embed?pb=!1m18!1m12!1m3!1d385.6715284618675!2d-64.32046472529642!3d-23.128315935080447!2m3!1f0!2f0!3f0!3m2!1i1024!2i768!4f13.1!3m3!1m2!1s0x940ff5ec62f217a5%3A0x5a3fb8b46e4f0afa!2sEscuela%20de%20Educaci%C3%B3n%20T%C3%A9cnica%20N%C2%B03134!5e0!3m2!1ses!2sar!4v1687525242749!5m2!1ses!2sar\" width=\"1000\" height=\"450\" style=\"border:0;\" allowfullscreen=\"\" loading=\"lazy\" referrerpolicy=\"no-referrer-when-downgrade\"><\/iframe>\n","protected":false},"excerpt":{"rendered":"<p>Unidad de Formaci\u00f3n, Investigaci\u00f3n y Desarrollo Tecnol\u00f3gico&nbsp; (UFIDeT) &#8211; Or\u00e1n Hip\u00f3lito Irigoyen 686Or\u00e1n &#8211; S.R.N. Or\u00e1n Edificio AnexoComparte edificio con EET N\u00ba3134 https:\/\/ufidetsalta-sal.infd.edu.ar\/ N\u00ba de CUE660133201 CARRERAS T E C N I C A T U R A Tecnicatura Superior en Mecatr\u00f3nica con Orientaci\u00f3n en Automatizaci\u00f3n y Mantenimiento Industrial<\/p>\n","protected":false},"author":9605,"featured_media":0,"parent":0,"menu_order":0,"comment_status":"closed","ping_status":"closed","template":"","meta":[],"acf":[],"_links":{"self":[{"href":"https:\/\/dges-sal.infd.edu.ar\/sitio\/wp-json\/wp\/v2\/pages\/10643"}],"collection":[{"href":"https:\/\/dges-sal.infd.edu.ar\/sitio\/wp-json\/wp\/v2\/pages"}],"about":[{"href":"https:\/\/dges-sal.infd.edu.ar\/sitio\/wp-json\/wp\/v2\/types\/page"}],"author":[{"embeddable":true,"href":"https:\/\/dges-sal.infd.edu.ar\/sitio\/wp-json\/wp\/v2\/users\/9605"}],"replies":[{"embeddable":true,"href":"https:\/\/dges-sal.infd.edu.ar\/sitio\/wp-json\/wp\/v2\/comments?post=10643"}],"version-history":[{"count":3,"href":"https:\/\/dges-sal.infd.edu.ar\/sitio\/wp-json\/wp\/v2\/pages\/10643\/revisions"}],"predecessor-version":[{"id":14269,"href":"https:\/\/dges-sal.infd.edu.ar\/sitio\/wp-json\/wp\/v2\/pages\/10643\/revisions\/14269"}],"wp:attachment":[{"href":"https:\/\/dges-sal.infd.edu.ar\/sitio\/wp-json\/wp\/v2\/media?parent=10643"}],"curies":[{"name":"wp","href":"https:\/\/api.w.org\/{rel}","templated":true}]}}