{"id":10604,"date":"2023-06-13T10:39:34","date_gmt":"2023-06-13T13:39:34","guid":{"rendered":"https:\/\/dges-sal.infd.edu.ar\/sitio\/?page_id=10604"},"modified":"2025-12-01T11:32:10","modified_gmt":"2025-12-01T14:32:10","slug":"6023-2","status":"publish","type":"page","link":"https:\/\/dges-sal.infd.edu.ar\/sitio\/6023-2\/","title":{"rendered":"6023"},"content":{"rendered":"\n<div class=\"wp-block-cover alignwide is-light\" style=\"min-height:241px\"><span aria-hidden=\"true\" class=\"wp-block-cover__background has-background-dim-0 has-background-dim\"><\/span><img decoding=\"async\" loading=\"lazy\" width=\"3022\" height=\"696\" class=\"wp-block-cover__image-background wp-image-10552\" alt=\"\" src=\"https:\/\/dges-sal.infd.edu.ar\/sitio\/wp-content\/uploads\/2023\/06\/Recurso-175.png\" data-object-fit=\"cover\" srcset=\"https:\/\/dges-sal.infd.edu.ar\/sitio\/wp-content\/uploads\/2023\/06\/Recurso-175.png 3022w, https:\/\/dges-sal.infd.edu.ar\/sitio\/wp-content\/uploads\/2023\/06\/Recurso-175-1000x230.png 1000w, https:\/\/dges-sal.infd.edu.ar\/sitio\/wp-content\/uploads\/2023\/06\/Recurso-175-1900x438.png 1900w, https:\/\/dges-sal.infd.edu.ar\/sitio\/wp-content\/uploads\/2023\/06\/Recurso-175-768x177.png 768w, https:\/\/dges-sal.infd.edu.ar\/sitio\/wp-content\/uploads\/2023\/06\/Recurso-175-1536x354.png 1536w, https:\/\/dges-sal.infd.edu.ar\/sitio\/wp-content\/uploads\/2023\/06\/Recurso-175-2048x472.png 2048w\" sizes=\"(max-width: 3022px) 100vw, 3022px\" \/><div class=\"wp-block-cover__inner-container\">\n<p class=\"has-text-align-center has-x-large-font-size\" style=\"font-style:normal;font-weight:900\">6023<\/p>\n<\/div><\/div>\n\n\n\n<h3 class=\"wp-block-heading\">Instituto de Ense\u00f1anza Superior \u00abDr. Alfredo Loutaif\u00bb<\/h3>\n\n\n\n<figure class=\"wp-block-table is-style-stripes\"><table><tbody><tr><td class=\"has-text-align-center\" data-align=\"center\"><img decoding=\"async\" loading=\"lazy\" width=\"100\" height=\"100\" class=\"wp-image-9085\" style=\"width: 60px;\" src=\"https:\/\/dges-sal.infd.edu.ar\/sitio\/wp-content\/uploads\/2023\/03\/Diseno-sin-titulo-1.gif\" alt=\"\"><\/td><td>O&#8217; Higgins esq. Salvador Valery<br>Or\u00e1n &#8211; S.R.N. Or\u00e1n<\/td><td><strong>Edificio Sede<\/strong><\/td><\/tr><tr><td class=\"has-text-align-center\" data-align=\"center\"><img decoding=\"async\" loading=\"lazy\" width=\"200\" height=\"200\" class=\"wp-image-10710\" style=\"width: 60px;\" src=\"https:\/\/dges-sal.infd.edu.ar\/sitio\/wp-content\/uploads\/2023\/06\/Diseno-sin-titulo-13.png\" alt=\"\"><\/td><td><a href=\"https:\/\/ies6023-sal.infd.edu.ar\/sitio\/\">https:\/\/ies6023-sal.infd.edu.ar\/sitio\/<\/a><\/td><td>N\u00ba de CUE<br><strong>660062800<\/strong><\/td><\/tr><tr><td class=\"has-text-align-center\" data-align=\"center\"><img decoding=\"async\" loading=\"lazy\" width=\"200\" height=\"200\" class=\"wp-image-10860\" style=\"width: 60px;\" src=\"https:\/\/dges-sal.infd.edu.ar\/sitio\/wp-content\/uploads\/2023\/06\/unnamed-file.png\" alt=\"\"><\/td><td>Posee 2 Extensiones \u00c1ulicas <\/td><td><strong>1) Ext. \u00c1ulica Isla de Ca\u00f1as<\/strong> &#8211; Hip\u00f3lito Irigoyen Esquina 20 de Junio S\/N\u00b0 &#8211; Isla de Ca\u00f1as, Iruya <br><strong>2) Ext. \u00c1ulica<\/strong> <strong>Los Toldos<\/strong> &#8211; Los Toldos, Santa Victoria<\/td><\/tr><\/tbody><\/table><\/figure>\n\n\n\n<hr class=\"wp-block-separator has-alpha-channel-opacity\"\/>\n\n\n\n<h4 class=\"wp-block-heading has-text-align-center\">C A R R E R A S<\/h4>\n\n\n\n<figure class=\"wp-block-table is-style-stripes\"><table><tbody><tr><td class=\"has-text-align-center\" data-align=\"center\"><strong>P R O F E S O R A D O S<\/strong><\/td><td><\/td><td class=\"has-text-align-center\" data-align=\"center\"><strong>T E C N I C A T U R A S<\/strong><\/td><\/tr><tr><td class=\"has-text-align-center\" data-align=\"center\"><strong><a href=\"https:\/\/dges-sal.infd.edu.ar\/aula\/archivos\/repositorio\/\/1500\/1664\/PROFESORADO_DE_EDUCACION_PRIMARIA_Res._1229-19_PEP.pdf\">Profesorado en Educaci\u00f3n Primaria<\/a><\/strong><\/td><td><\/td><td class=\"has-text-align-center\" data-align=\"center\"><strong><a href=\"https:\/\/dges-sal.infd.edu.ar\/sitio\/wp-content\/uploads\/2024\/12\/RESOLUCION-SPE-Y-DPD-N%C2%B0-91-24-TECNICATURA-SUPERIOR-EN-TURISMO.pdf\" data-type=\"URL\" data-id=\"https:\/\/dges-sal.infd.edu.ar\/sitio\/wp-content\/uploads\/2024\/12\/RESOLUCION-SPE-Y-DPD-N%C2%B0-91-24-TECNICATURA-SUPERIOR-EN-TURISMO.pdf\">Tecnicatura Superior en Turismo<\/a><\/strong><\/td><\/tr><tr><td class=\"has-text-align-center\" data-align=\"center\"><strong><a href=\"https:\/\/dges-sal.infd.edu.ar\/aula\/archivos\/repositorio\/\/1500\/1667\/pROF_EDUCACION_ESPECIAL_C_ORIENT._DISCAPACIDAD_ESPECIAL_Res._4273-19_PEECODI.pdf\">Profesorado de Educaci\u00f3n Especial con Orientaci\u00f3n en Discapacidad Intelectual<\/a><\/strong><\/td><td><\/td><td class=\"has-text-align-center\" data-align=\"center\"><strong><a href=\"https:\/\/drive.google.com\/file\/d\/1W0vspS_NwuYblGJv54igKiQVTK-KYpe2\/view\">Tecnicatura Superior en An\u00e1lisis de Sistemas y Desarrollo de Software<\/a><\/strong><\/td><\/tr><tr><td class=\"has-text-align-center\" data-align=\"center\"><strong><a href=\"https:\/\/dges-sal.infd.edu.ar\/sitio\/profesorados\/upload\/Res-2290-14_1.pdf\">Profesorado de Educaci\u00f3n Secundaria en F\u00edsica<\/a><\/strong><\/td><td><\/td><td class=\"has-text-align-center\" data-align=\"center\"><strong><a href=\"https:\/\/dges-sal.infd.edu.ar\/sitio\/wp-content\/uploads\/2024\/12\/RESOLUCION-SPE-Y-DPD-N%C2%B0-91-24-TECNICATURA-SUPERIOR-EN-TURISMO.pdf\" data-type=\"URL\" data-id=\"https:\/\/dges-sal.infd.edu.ar\/sitio\/wp-content\/uploads\/2024\/12\/RESOLUCION-SPE-Y-DPD-N%C2%B0-91-24-TECNICATURA-SUPERIOR-EN-TURISMO.pdf\">Tecnicatura Superior en Turismo<\/a><\/strong><br>(se dicta en extensi\u00f3n \u00e1ulica en la localidad de LOS TOLDOS)<\/td><\/tr><tr><td class=\"has-text-align-center\" data-align=\"center\"><a href=\"https:\/\/dges-sal.infd.edu.ar\/sitio\/profesorados\/upload\/Profesorado_de_Danza.pdf\"><strong>Profesorado de<\/strong> <strong>Danza con Orientaci\u00f3n en Danza Folkl\u00f3rica<\/strong><\/a><\/td><td><\/td><td class=\"has-text-align-center\" data-align=\"center\"><\/td><\/tr><tr><td class=\"has-text-align-center\" data-align=\"center\"><strong><a href=\"https:\/\/drive.google.com\/file\/d\/18xKeYk389N9u_0MlHvnlEYF9r40xcNxU\/view?usp=sharing\">Profesorado de Educaci\u00f3n Primaria con Orientaci\u00f3n en Educaci\u00f3n Intercultural Biling\u00fce<\/a><\/strong><br>(se dicta en extensi\u00f3n \u00e1ulica en la localidad de ISLA DE CA\u00d1AS)<\/td><td><\/td><td class=\"has-text-align-center\" data-align=\"center\"><\/td><\/tr><\/tbody><\/table><\/figure>\n\n\n\n<hr class=\"wp-block-separator has-alpha-channel-opacity\"\/>\n\n\n\n<iframe src=\"https:\/\/www.google.com\/maps\/embed?pb=!1m18!1m12!1m3!1d458.6141404099276!2d-64.322799837494!3d-23.13685058195801!2m3!1f0!2f0!3f0!3m2!1i1024!2i768!4f13.1!3m3!1m2!1s0x940ff5ef81303241%3A0xafa1da24fdaccb11!2sIES%206023%20Dr%20Alfredo%20Loutaif!5e0!3m2!1ses-419!2sar!4v1687475914899!5m2!1ses-419!2sar\" width=\"1000\" height=\"450\" style=\"border:0;\" allowfullscreen=\"\" loading=\"lazy\" referrerpolicy=\"no-referrer-when-downgrade\"><\/iframe>\n","protected":false},"excerpt":{"rendered":"<p>Instituto de Ense\u00f1anza Superior \u00abDr. Alfredo Loutaif\u00bb O&#8217; Higgins esq. Salvador ValeryOr\u00e1n &#8211; S.R.N. Or\u00e1n Edificio Sede https:\/\/ies6023-sal.infd.edu.ar\/sitio\/ N\u00ba de CUE660062800 Posee 2 Extensiones \u00c1ulicas 1) Ext. \u00c1ulica Isla de Ca\u00f1as &#8211; Hip\u00f3lito Irigoyen Esquina 20 de Junio S\/N\u00b0 &#8211; Isla de Ca\u00f1as, Iruya 2) Ext. \u00c1ulica Los Toldos &#8211; Los Toldos, Santa Victoria C &#8230; <a title=\"6023\" class=\"read-more\" href=\"https:\/\/dges-sal.infd.edu.ar\/sitio\/6023-2\/\" aria-label=\"More on 6023\">[+]<\/a><\/p>\n","protected":false},"author":9605,"featured_media":0,"parent":0,"menu_order":0,"comment_status":"closed","ping_status":"closed","template":"","meta":[],"acf":[],"_links":{"self":[{"href":"https:\/\/dges-sal.infd.edu.ar\/sitio\/wp-json\/wp\/v2\/pages\/10604"}],"collection":[{"href":"https:\/\/dges-sal.infd.edu.ar\/sitio\/wp-json\/wp\/v2\/pages"}],"about":[{"href":"https:\/\/dges-sal.infd.edu.ar\/sitio\/wp-json\/wp\/v2\/types\/page"}],"author":[{"embeddable":true,"href":"https:\/\/dges-sal.infd.edu.ar\/sitio\/wp-json\/wp\/v2\/users\/9605"}],"replies":[{"embeddable":true,"href":"https:\/\/dges-sal.infd.edu.ar\/sitio\/wp-json\/wp\/v2\/comments?post=10604"}],"version-history":[{"count":20,"href":"https:\/\/dges-sal.infd.edu.ar\/sitio\/wp-json\/wp\/v2\/pages\/10604\/revisions"}],"predecessor-version":[{"id":16803,"href":"https:\/\/dges-sal.infd.edu.ar\/sitio\/wp-json\/wp\/v2\/pages\/10604\/revisions\/16803"}],"wp:attachment":[{"href":"https:\/\/dges-sal.infd.edu.ar\/sitio\/wp-json\/wp\/v2\/media?parent=10604"}],"curies":[{"name":"wp","href":"https:\/\/api.w.org\/{rel}","templated":true}]}}