{"id":10598,"date":"2023-06-13T10:33:55","date_gmt":"2023-06-13T13:33:55","guid":{"rendered":"https:\/\/dges-sal.infd.edu.ar\/sitio\/?page_id=10598"},"modified":"2025-11-29T08:10:38","modified_gmt":"2025-11-29T11:10:38","slug":"6021-2","status":"publish","type":"page","link":"https:\/\/dges-sal.infd.edu.ar\/sitio\/6021-2\/","title":{"rendered":"6021"},"content":{"rendered":"\n<div class=\"wp-block-cover alignwide is-light\" style=\"min-height:241px\"><span aria-hidden=\"true\" class=\"wp-block-cover__background has-background-dim-0 has-background-dim\"><\/span><img decoding=\"async\" loading=\"lazy\" width=\"3022\" height=\"696\" class=\"wp-block-cover__image-background wp-image-10552\" alt=\"\" src=\"https:\/\/dges-sal.infd.edu.ar\/sitio\/wp-content\/uploads\/2023\/06\/Recurso-175.png\" data-object-fit=\"cover\" srcset=\"https:\/\/dges-sal.infd.edu.ar\/sitio\/wp-content\/uploads\/2023\/06\/Recurso-175.png 3022w, https:\/\/dges-sal.infd.edu.ar\/sitio\/wp-content\/uploads\/2023\/06\/Recurso-175-1000x230.png 1000w, https:\/\/dges-sal.infd.edu.ar\/sitio\/wp-content\/uploads\/2023\/06\/Recurso-175-1900x438.png 1900w, https:\/\/dges-sal.infd.edu.ar\/sitio\/wp-content\/uploads\/2023\/06\/Recurso-175-768x177.png 768w, https:\/\/dges-sal.infd.edu.ar\/sitio\/wp-content\/uploads\/2023\/06\/Recurso-175-1536x354.png 1536w, https:\/\/dges-sal.infd.edu.ar\/sitio\/wp-content\/uploads\/2023\/06\/Recurso-175-2048x472.png 2048w\" sizes=\"(max-width: 3022px) 100vw, 3022px\" \/><div class=\"wp-block-cover__inner-container\">\n<p class=\"has-text-align-center has-x-large-font-size\" style=\"font-style:normal;font-weight:900\">6021<\/p>\n<\/div><\/div>\n\n\n\n<h3 class=\"wp-block-heading\">Instituto de Educaci\u00f3n Superior \u00abJuan Carlos D\u00e1valos\u00bb<\/h3>\n\n\n\n<figure class=\"wp-block-table is-style-stripes\"><table><tbody><tr><td class=\"has-text-align-center\" data-align=\"center\"><img decoding=\"async\" loading=\"lazy\" width=\"100\" height=\"100\" class=\"wp-image-9085\" style=\"width: 60px;\" src=\"https:\/\/dges-sal.infd.edu.ar\/sitio\/wp-content\/uploads\/2023\/03\/Diseno-sin-titulo-1.gif\" alt=\"\"><\/td><td>Pueyrredon Este 50<br>Met\u00e1n &#8211; San Jos\u00e9 de Met\u00e1n<\/td><td><strong>Edificio Sede<\/strong><br>Comparte edificio con Esc. N\u00b05099 y N\u00ba4706<\/td><\/tr><tr><td class=\"has-text-align-center\" data-align=\"center\"><img decoding=\"async\" loading=\"lazy\" width=\"200\" height=\"200\" class=\"wp-image-10710\" style=\"width: 60px;\" src=\"https:\/\/dges-sal.infd.edu.ar\/sitio\/wp-content\/uploads\/2023\/06\/Diseno-sin-titulo-13.png\" alt=\"\"><\/td><td><a href=\"https:\/\/ies6021-sal.infd.edu.ar\/sitio\/\">https:\/\/ies6021-sal.infd.edu.ar\/sitio\/<\/a><\/td><td>N\u00ba de CUE<br><strong>660136300<\/strong><\/td><\/tr><\/tbody><\/table><\/figure>\n\n\n\n<hr class=\"wp-block-separator has-alpha-channel-opacity\"\/>\n\n\n\n<p><\/p>\n\n\n\n<figure class=\"wp-block-table is-style-stripes\"><table><tbody><tr><td class=\"has-text-align-center\" data-align=\"center\"><strong>P R O F E S O R A D O S<\/strong><\/td><td><\/td><td class=\"has-text-align-center\" data-align=\"center\"><strong>T E C N I C A T U R A S<\/strong><\/td><\/tr><tr><td class=\"has-text-align-center\" data-align=\"center\"><strong><a href=\"https:\/\/dges-sal.infd.edu.ar\/sitio\/profesorados\/upload\/Res.1168-16_Prof_Educ_Secund_en_Informatica.pdf\">Profesorado de Educaci\u00f3n Secundaria en Inform\u00e1tica<\/a><\/strong><\/td><td><\/td><td class=\"has-text-align-center\" data-align=\"center\"><strong><a href=\"https:\/\/dges-sal.infd.edu.ar\/aula\/archivos\/repositorio\/\/1500\/1658\/Res._051-23_SPEyDPD_TS_en_Emprendimiento.pdf\">Tecnicatura Superior en Gesti\u00f3n de Emprendimientos<\/a><\/strong><\/td><\/tr><tr><td class=\"has-text-align-center\" data-align=\"center\"><strong><a href=\"https:\/\/saltaeducs.com\/wp-content\/uploads\/2022\/02\/res.-3954-18-pesen-psicologia.pdf\" data-type=\"URL\" data-id=\"https:\/\/saltaeducs.com\/wp-content\/uploads\/2022\/02\/res.-3954-18-pesen-psicologia.pdf\">Profesorado de Educaci\u00f3n Secundaria en Psicolog\u00eda<\/a><\/strong><br>(se dicta en el anexo ubicado en la localidad de EL GALP\u00d3N)<\/td><td><\/td><td class=\"has-text-align-center\" data-align=\"center\"><strong><a href=\"https:\/\/dges-sal.infd.edu.ar\/sitio\/wp-content\/uploads\/2023\/11\/Disp-325-2023-DGES-y-275-2023-DGEPrivada-DC-TS-en-Laboratorio.pdf\">Tecnicatura Superior en Laboratorio<\/a><\/strong><\/td><\/tr><tr><td class=\"has-text-align-center\" data-align=\"center\"><strong><a href=\"https:\/\/dges-sal.infd.edu.ar\/sitio\/profesorados\/upload\/Res-798-14_Prof._HISTORIA.pdf\">Profesorado de Educaci\u00f3n Secundaria en Historia<\/a><\/strong><\/td><td><\/td><td class=\"has-text-align-center\" data-align=\"center\"><strong><a href=\"https:\/\/drive.google.com\/file\/d\/1W0vspS_NwuYblGJv54igKiQVTK-KYpe2\/view\">Tecnicatura Superior en An\u00e1lisis de Sistemas y Desarrollo de Software<\/a><\/strong><br>(se dicta en el anexo ubicado en la localidad de EL GALP\u00d3N)<\/td><\/tr><tr><td class=\"has-text-align-center\" data-align=\"center\"><strong><a href=\"https:\/\/dges-sal.infd.edu.ar\/sitio\/profesorados\/upload\/Res-807-14_Prof._GEOGRAFIA.pdf\" data-type=\"URL\" data-id=\"https:\/\/dges-sal.infd.edu.ar\/sitio\/profesorados\/upload\/Res-807-14_Prof._GEOGRAFIA.pdf\">Profesorado de Educaci\u00f3n Secundaria en Geograf\u00eda<\/a><\/strong><\/td><td><\/td><td class=\"has-text-align-center\" data-align=\"center\"><strong><a href=\"https:\/\/dges-sal.infd.edu.ar\/sitio\/wp-content\/uploads\/2025\/03\/RESOLUCION-017-25-SPEyDPD-TECNICATURA-SUPERIOR-EN-PROCESOS-MINEROS.pdf\">Tecnicatura Superior en Procesos Mineros<\/a><\/strong><\/td><\/tr><\/tbody><\/table><\/figure>\n\n\n\n<hr class=\"wp-block-separator has-alpha-channel-opacity\"\/>\n\n\n\n<iframe src=\"https:\/\/www.google.com\/maps\/embed?pb=!1m14!1m8!1m3!1d757.0425929217223!2d-64.9774716951166!3d-25.500985734832827!3m2!1i1024!2i768!4f13.1!3m3!1m2!1s0x9419af157dabe613%3A0xc921f4775e7ee792!2sColegio%20Secundario%20N%C2%BA%205.099%20Juan%20Carlos%20D%C3%A1valos!5e0!3m2!1ses-419!2sar!4v1687475218842!5m2!1ses-419!2sar\" width=\"1000\" height=\"450\" style=\"border:0;\" allowfullscreen=\"\" loading=\"lazy\" referrerpolicy=\"no-referrer-when-downgrade\"><\/iframe>\n","protected":false},"excerpt":{"rendered":"<p>Instituto de Educaci\u00f3n Superior \u00abJuan Carlos D\u00e1valos\u00bb Pueyrredon Este 50Met\u00e1n &#8211; San Jos\u00e9 de Met\u00e1n Edificio SedeComparte edificio con Esc. N\u00b05099 y N\u00ba4706 https:\/\/ies6021-sal.infd.edu.ar\/sitio\/ N\u00ba de CUE660136300 P R O F E S O R A D O S T E C N I C A T U R A S Profesorado de Educaci\u00f3n Secundaria &#8230; <a title=\"6021\" class=\"read-more\" href=\"https:\/\/dges-sal.infd.edu.ar\/sitio\/6021-2\/\" aria-label=\"More on 6021\">[+]<\/a><\/p>\n","protected":false},"author":9605,"featured_media":0,"parent":0,"menu_order":0,"comment_status":"closed","ping_status":"closed","template":"","meta":[],"acf":[],"_links":{"self":[{"href":"https:\/\/dges-sal.infd.edu.ar\/sitio\/wp-json\/wp\/v2\/pages\/10598"}],"collection":[{"href":"https:\/\/dges-sal.infd.edu.ar\/sitio\/wp-json\/wp\/v2\/pages"}],"about":[{"href":"https:\/\/dges-sal.infd.edu.ar\/sitio\/wp-json\/wp\/v2\/types\/page"}],"author":[{"embeddable":true,"href":"https:\/\/dges-sal.infd.edu.ar\/sitio\/wp-json\/wp\/v2\/users\/9605"}],"replies":[{"embeddable":true,"href":"https:\/\/dges-sal.infd.edu.ar\/sitio\/wp-json\/wp\/v2\/comments?post=10598"}],"version-history":[{"count":22,"href":"https:\/\/dges-sal.infd.edu.ar\/sitio\/wp-json\/wp\/v2\/pages\/10598\/revisions"}],"predecessor-version":[{"id":16706,"href":"https:\/\/dges-sal.infd.edu.ar\/sitio\/wp-json\/wp\/v2\/pages\/10598\/revisions\/16706"}],"wp:attachment":[{"href":"https:\/\/dges-sal.infd.edu.ar\/sitio\/wp-json\/wp\/v2\/media?parent=10598"}],"curies":[{"name":"wp","href":"https:\/\/api.w.org\/{rel}","templated":true}]}}