{"id":10579,"date":"2023-06-13T10:25:09","date_gmt":"2023-06-13T13:25:09","guid":{"rendered":"https:\/\/dges-sal.infd.edu.ar\/sitio\/?page_id=10579"},"modified":"2025-12-01T11:31:29","modified_gmt":"2025-12-01T14:31:29","slug":"6015-2","status":"publish","type":"page","link":"https:\/\/dges-sal.infd.edu.ar\/sitio\/6015-2\/","title":{"rendered":"6015"},"content":{"rendered":"\n<div class=\"wp-block-cover alignwide is-light\" style=\"min-height:241px\"><span aria-hidden=\"true\" class=\"wp-block-cover__background has-background-dim-0 has-background-dim\"><\/span><img decoding=\"async\" loading=\"lazy\" width=\"3022\" height=\"696\" class=\"wp-block-cover__image-background wp-image-10552\" alt=\"\" src=\"https:\/\/dges-sal.infd.edu.ar\/sitio\/wp-content\/uploads\/2023\/06\/Recurso-175.png\" data-object-fit=\"cover\" srcset=\"https:\/\/dges-sal.infd.edu.ar\/sitio\/wp-content\/uploads\/2023\/06\/Recurso-175.png 3022w, https:\/\/dges-sal.infd.edu.ar\/sitio\/wp-content\/uploads\/2023\/06\/Recurso-175-1000x230.png 1000w, https:\/\/dges-sal.infd.edu.ar\/sitio\/wp-content\/uploads\/2023\/06\/Recurso-175-1900x438.png 1900w, https:\/\/dges-sal.infd.edu.ar\/sitio\/wp-content\/uploads\/2023\/06\/Recurso-175-768x177.png 768w, https:\/\/dges-sal.infd.edu.ar\/sitio\/wp-content\/uploads\/2023\/06\/Recurso-175-1536x354.png 1536w, https:\/\/dges-sal.infd.edu.ar\/sitio\/wp-content\/uploads\/2023\/06\/Recurso-175-2048x472.png 2048w\" sizes=\"(max-width: 3022px) 100vw, 3022px\" \/><div class=\"wp-block-cover__inner-container\">\n<p class=\"has-text-align-center has-x-large-font-size\" style=\"font-style:normal;font-weight:900\">6015<\/p>\n<\/div><\/div>\n\n\n\n<h3 class=\"wp-block-heading\">Instituto Superior de Formaci\u00f3n Docente<\/h3>\n\n\n\n<figure class=\"wp-block-table is-style-stripes\"><table><tbody><tr><td class=\"has-text-align-center\" data-align=\"center\"><img decoding=\"async\" loading=\"lazy\" width=\"100\" height=\"100\" class=\"wp-image-9085\" style=\"width: 60px;\" src=\"https:\/\/dges-sal.infd.edu.ar\/sitio\/wp-content\/uploads\/2023\/03\/Diseno-sin-titulo-1.gif\" alt=\"\"><\/td><td>Hip\u00f3lito Irigoyen esq. San Luis<br>Embarcaci\u00f3n &#8211; Gral. Jos\u00e9 de San Mart\u00edn<\/td><td><strong>Edificio Sede<\/strong><br>Comparte edificio con EET 3115 y ESC 5008<\/td><\/tr><tr><td class=\"has-text-align-center\" data-align=\"center\"><img decoding=\"async\" loading=\"lazy\" width=\"200\" height=\"200\" class=\"wp-image-10710\" style=\"width: 60px;\" src=\"https:\/\/dges-sal.infd.edu.ar\/sitio\/wp-content\/uploads\/2023\/06\/Diseno-sin-titulo-13.png\" alt=\"\"><\/td><td><a rel=\"noreferrer noopener\" href=\"https:\/\/isfd6015-sal.infd.edu.ar\/\" target=\"_blank\">https:\/\/isfd6015-sal.infd.edu.ar\/<\/a><\/td><td>N\u00ba de CUE<br><strong>660057600<\/strong><\/td><\/tr><tr><td class=\"has-text-align-center\" data-align=\"center\"><img decoding=\"async\" loading=\"lazy\" width=\"200\" height=\"200\" class=\"wp-image-10860\" style=\"width: 60px;\" src=\"https:\/\/dges-sal.infd.edu.ar\/sitio\/wp-content\/uploads\/2023\/06\/unnamed-file.png\" alt=\"\"><\/td><td>Posee 2 Extensiones \u00c1ulicas<\/td><td>1) <strong>Ext. \u00c1ulica Carboncito<\/strong> &#8211; Nazareth s\/n, Esc. N\u00ba4266, Carboncito, San Mart\u00edn<br>2) <strong>Ext. \u00c1ulica Misi\u00f3n Chaque\u00f1a<\/strong> &#8211; Esc. N\u00ba5165, Misi\u00f3n Chaque\u00f1a, San Mart\u00edn<\/td><\/tr><\/tbody><\/table><\/figure>\n\n\n\n<hr class=\"wp-block-separator has-alpha-channel-opacity\"\/>\n\n\n\n<h2 class=\"wp-block-heading has-text-align-center\">CARRERAS<\/h2>\n\n\n\n<figure class=\"wp-block-table is-style-stripes\"><table><tbody><tr><td class=\"has-text-align-center\" data-align=\"center\"><strong>P R O F E S O R A D O S<\/strong><\/td><td><\/td><td class=\"has-text-align-center\" data-align=\"center\"><strong>T E C N I C A T U R A S<\/strong><\/td><\/tr><tr><td class=\"has-text-align-center\" data-align=\"center\"><strong><a href=\"https:\/\/dges-sal.infd.edu.ar\/aula\/archivos\/repositorio\/\/1500\/1667\/pROF_EDUCACION_ESPECIAL_C_ORIENT._DISCAPACIDAD_ESPECIAL_Res._4273-19_PEECODI.pdf\">Profesorado de Educaci\u00f3n Especial con Orientaci\u00f3n en Discapacidad Intelectual<\/a><\/strong><\/td><td><\/td><td class=\"has-text-align-center\" data-align=\"center\"><strong><a href=\"https:\/\/dges-sal.infd.edu.ar\/sitio\/wp-content\/uploads\/2018\/12\/Res-8966-18.pdf\">Tecnicatura Superior en Gesti\u00f3n de Recursos Humanos<\/a><\/strong><\/td><\/tr><tr><td class=\"has-text-align-center\" data-align=\"center\"><strong><a href=\"https:\/\/dges-sal.infd.edu.ar\/sitio\/profesorados\/upload\/Res-510-14_Prof._de_BIOLOGIA.pdf\">Profesorado de Educaci\u00f3n Secundaria en Biolog\u00eda<\/a><\/strong><\/td><td><\/td><td class=\"has-text-align-center\" data-align=\"center\"><strong><a href=\"https:\/\/saltaeducs.files.wordpress.com\/2022\/02\/res.-conjunta-091-22-meccyt-y-162-22-msp-ts-en-enfermeria-ib.pdf\">Tecnicatura Superior en Enfermer\u00eda Intercultural Biling\u00fce<\/a><\/strong><br>Ext. \u00c1ulica: Misi\u00f3n Carboncito<\/td><\/tr><tr><td class=\"has-text-align-center\" data-align=\"center\"><\/td><td><\/td><td class=\"has-text-align-center\" data-align=\"center\"><strong><a href=\"https:\/\/dges-sal.infd.edu.ar\/sitio\/tecnicaturas\/upload\/Resoluci%F3n_360-05_TSATex_e_Indum.pdf\">Tecnicatura Superior en Arte Textil e Indumentaria<\/a><\/strong><br>Ext. \u00c1ulica: Misi\u00f3n Chaque\u00f1a<\/td><\/tr><\/tbody><\/table><\/figure>\n\n\n\n<hr class=\"wp-block-separator has-alpha-channel-opacity\"\/>\n\n\n\n<iframe src=\"https:\/\/www.google.com\/maps\/embed?pb=!1m18!1m12!1m3!1d7333.914063288845!2d-64.10168825259288!3d-23.20823648272822!2m3!1f0!2f0!3f0!3m2!1i1024!2i768!4f13.1!3m3!1m2!1s0x940fe59cd547b20f%3A0xcecbc1aa3e7f5de5!2sInstituto%20Superior%20de%20Formaci%C3%B3n%20Docente%20N%C2%B0%206.015!5e0!3m2!1ses!2sar!4v1686929498938!5m2!1ses!2sar\" width=\"1000\" height=\"450\" style=\"border:0;\" allowfullscreen=\"\" loading=\"lazy\" referrerpolicy=\"no-referrer-when-downgrade\"><\/iframe>\n","protected":false},"excerpt":{"rendered":"<p>Instituto Superior de Formaci\u00f3n Docente Hip\u00f3lito Irigoyen esq. San LuisEmbarcaci\u00f3n &#8211; Gral. Jos\u00e9 de San Mart\u00edn Edificio SedeComparte edificio con EET 3115 y ESC 5008 https:\/\/isfd6015-sal.infd.edu.ar\/ N\u00ba de CUE660057600 Posee 2 Extensiones \u00c1ulicas 1) Ext. \u00c1ulica Carboncito &#8211; Nazareth s\/n, Esc. N\u00ba4266, Carboncito, San Mart\u00edn2) Ext. \u00c1ulica Misi\u00f3n Chaque\u00f1a &#8211; Esc. N\u00ba5165, Misi\u00f3n Chaque\u00f1a, San &#8230; <a title=\"6015\" class=\"read-more\" href=\"https:\/\/dges-sal.infd.edu.ar\/sitio\/6015-2\/\" aria-label=\"More on 6015\">[+]<\/a><\/p>\n","protected":false},"author":9605,"featured_media":0,"parent":0,"menu_order":0,"comment_status":"closed","ping_status":"closed","template":"","meta":[],"acf":[],"_links":{"self":[{"href":"https:\/\/dges-sal.infd.edu.ar\/sitio\/wp-json\/wp\/v2\/pages\/10579"}],"collection":[{"href":"https:\/\/dges-sal.infd.edu.ar\/sitio\/wp-json\/wp\/v2\/pages"}],"about":[{"href":"https:\/\/dges-sal.infd.edu.ar\/sitio\/wp-json\/wp\/v2\/types\/page"}],"author":[{"embeddable":true,"href":"https:\/\/dges-sal.infd.edu.ar\/sitio\/wp-json\/wp\/v2\/users\/9605"}],"replies":[{"embeddable":true,"href":"https:\/\/dges-sal.infd.edu.ar\/sitio\/wp-json\/wp\/v2\/comments?post=10579"}],"version-history":[{"count":14,"href":"https:\/\/dges-sal.infd.edu.ar\/sitio\/wp-json\/wp\/v2\/pages\/10579\/revisions"}],"predecessor-version":[{"id":16802,"href":"https:\/\/dges-sal.infd.edu.ar\/sitio\/wp-json\/wp\/v2\/pages\/10579\/revisions\/16802"}],"wp:attachment":[{"href":"https:\/\/dges-sal.infd.edu.ar\/sitio\/wp-json\/wp\/v2\/media?parent=10579"}],"curies":[{"name":"wp","href":"https:\/\/api.w.org\/{rel}","templated":true}]}}