{"id":10576,"date":"2023-06-13T10:24:39","date_gmt":"2023-06-13T13:24:39","guid":{"rendered":"https:\/\/dges-sal.infd.edu.ar\/sitio\/?page_id=10576"},"modified":"2025-12-01T11:30:57","modified_gmt":"2025-12-01T14:30:57","slug":"6014-2","status":"publish","type":"page","link":"https:\/\/dges-sal.infd.edu.ar\/sitio\/6014-2\/","title":{"rendered":"6014"},"content":{"rendered":"\n<div class=\"wp-block-cover alignwide is-light\" style=\"min-height:241px\"><span aria-hidden=\"true\" class=\"wp-block-cover__background has-background-dim-0 has-background-dim\"><\/span><img decoding=\"async\" loading=\"lazy\" width=\"3022\" height=\"696\" class=\"wp-block-cover__image-background wp-image-10552\" alt=\"\" src=\"https:\/\/dges-sal.infd.edu.ar\/sitio\/wp-content\/uploads\/2023\/06\/Recurso-175.png\" data-object-fit=\"cover\" srcset=\"https:\/\/dges-sal.infd.edu.ar\/sitio\/wp-content\/uploads\/2023\/06\/Recurso-175.png 3022w, https:\/\/dges-sal.infd.edu.ar\/sitio\/wp-content\/uploads\/2023\/06\/Recurso-175-1000x230.png 1000w, https:\/\/dges-sal.infd.edu.ar\/sitio\/wp-content\/uploads\/2023\/06\/Recurso-175-1900x438.png 1900w, https:\/\/dges-sal.infd.edu.ar\/sitio\/wp-content\/uploads\/2023\/06\/Recurso-175-768x177.png 768w, https:\/\/dges-sal.infd.edu.ar\/sitio\/wp-content\/uploads\/2023\/06\/Recurso-175-1536x354.png 1536w, https:\/\/dges-sal.infd.edu.ar\/sitio\/wp-content\/uploads\/2023\/06\/Recurso-175-2048x472.png 2048w\" sizes=\"(max-width: 3022px) 100vw, 3022px\" \/><div class=\"wp-block-cover__inner-container\">\n<p class=\"has-text-align-center has-x-large-font-size\" style=\"font-style:normal;font-weight:900\">6014<\/p>\n<\/div><\/div>\n\n\n\n<h3 class=\"wp-block-heading\">Instituto Superior de Formaci\u00f3n Docente Rural&nbsp;<\/h3>\n\n\n\n<figure class=\"wp-block-table is-style-stripes\"><table><tbody><tr><td class=\"has-text-align-center\" data-align=\"center\"><img decoding=\"async\" loading=\"lazy\" width=\"100\" height=\"100\" class=\"wp-image-9085\" style=\"width: 60px;\" src=\"https:\/\/dges-sal.infd.edu.ar\/sitio\/wp-content\/uploads\/2023\/03\/Diseno-sin-titulo-1.gif\" alt=\"\"><\/td><td>Belgrano 100<br>El Tala &#8211; La Calendaria<\/td><td><strong>Edificio Sede<\/strong><br>Edificio Municipal<\/td><\/tr><tr><td class=\"has-text-align-center\" data-align=\"center\"><img decoding=\"async\" loading=\"lazy\" width=\"200\" height=\"200\" class=\"wp-image-10710\" style=\"width: 60px;\" src=\"https:\/\/dges-sal.infd.edu.ar\/sitio\/wp-content\/uploads\/2023\/06\/Diseno-sin-titulo-13.png\" alt=\"\"><\/td><td><a rel=\"noreferrer noopener\" href=\"https:\/\/isfd6014-sal.infd.edu.ar\/\" target=\"_blank\">https:\/\/isfd6014-sal.infd.edu.ar\/<\/a><\/td><td>N\u00ba de CUE<br><strong>660025800<\/strong><\/td><\/tr><tr><td class=\"has-text-align-center\" data-align=\"center\"><img decoding=\"async\" loading=\"lazy\" width=\"200\" height=\"200\" class=\"wp-image-10860\" style=\"width: 60px;\" src=\"https:\/\/dges-sal.infd.edu.ar\/sitio\/wp-content\/uploads\/2023\/06\/unnamed-file.png\" alt=\"\"><\/td><td>Posee  Extensi\u00f3n \u00c1ulica<\/td><td><strong>1) Ext. \u00c1ulica El Jard\u00edn<\/strong> &#8211; Islas Malvinas s\/n, Esc. N\u00ba4502, El Jard\u00edn, La Candelaria<\/td><\/tr><\/tbody><\/table><\/figure>\n\n\n\n<hr class=\"wp-block-separator has-alpha-channel-opacity\"\/>\n\n\n\n<h2 class=\"wp-block-heading has-text-align-center\">CARRERAS<\/h2>\n\n\n\n<figure class=\"wp-block-table is-style-stripes\"><table><tbody><tr><td class=\"has-text-align-center\" data-align=\"center\"><strong>P R O F E S O R A D O S<\/strong><\/td><td><\/td><td class=\"has-text-align-center\" data-align=\"center\"><strong>T E C N I C A T U R A S<\/strong><\/td><\/tr><tr><td class=\"has-text-align-center\" data-align=\"center\"><strong><a href=\"https:\/\/dges-sal.infd.edu.ar\/sitio\/wp-content\/uploads\/2018\/07\/Res-511-14_Prof._de_QUIMICA.pdf\">Profesorado de Educaci\u00f3n Secundaria en Qu\u00edmica<\/a><\/strong><\/td><td><\/td><td class=\"has-text-align-center\" data-align=\"center\"><strong><a href=\"https:\/\/onedrive.live.com\/?redeem=aHR0cHM6Ly8xZHJ2Lm1zL2IvcyFBbTZ5WGZfekQ5Y3ZqSnhIdnc4U1pzTFBVRC1sVUE%5FZT02Rm5jNWc&amp;cid=2FD70FF3FF5DB26E&amp;id=2FD70FF3FF5DB26E%21200263&amp;parId=2FD70FF3FF5DB26E%21200223&amp;o=OneUp\" data-type=\"URL\" data-id=\"https:\/\/onedrive.live.com\/?redeem=aHR0cHM6Ly8xZHJ2Lm1zL2IvcyFBbTZ5WGZfekQ5Y3ZqSnhIdnc4U1pzTFBVRC1sVUE%5FZT02Rm5jNWc&amp;cid=2FD70FF3FF5DB26E&amp;id=2FD70FF3FF5DB26E%21200263&amp;parId=2FD70FF3FF5DB26E%21200223&amp;o=OneUp\">Tecnicatura Superior en Gesti\u00f3n de Sistemas Agroganaderos<\/a><\/strong><\/td><\/tr><tr><td class=\"has-text-align-center\" data-align=\"center\"><strong><a href=\"https:\/\/dges-sal.infd.edu.ar\/aula\/archivos\/repositorio\/\/1500\/1667\/pROF_EDUCACION_ESPECIAL_C_ORIENT._DISCAPACIDAD_ESPECIAL_Res._4273-19_PEECODI.pdf\">Profesorado de Educaci\u00f3n Especial con Orientaci\u00f3n en Discapacidad Intelectual<\/a><\/strong><br>(extensi\u00f3n \u00e1ulica: localidad EL JARDIN)<\/td><td><\/td><td class=\"has-text-align-center\" data-align=\"center\"><\/td><\/tr><\/tbody><\/table><\/figure>\n\n\n\n<hr class=\"wp-block-separator has-alpha-channel-opacity\"\/>\n\n\n\n<iframe src=\"https:\/\/www.google.com\/maps\/embed?pb=!1m18!1m12!1m3!1d447.8269493101787!2d-65.2800608240068!3d-26.111464126317742!2m3!1f0!2f0!3f0!3m2!1i1024!2i768!4f13.1!3m3!1m2!1s0x94188d83e3dfeddd%3A0xda284f9d5c396e74!2sInstituto%20Superior%20de%20Formacion%20Docente%20N%C2%B0%206014%20El%20Tala%20(central)!5e0!3m2!1ses!2sar!4v1686928833590!5m2!1ses!2sar\" width=\"1000\" height=\"450\" style=\"border:0;\" allowfullscreen=\"\" loading=\"lazy\" referrerpolicy=\"no-referrer-when-downgrade\"><\/iframe>\n","protected":false},"excerpt":{"rendered":"<p>Instituto Superior de Formaci\u00f3n Docente Rural&nbsp; Belgrano 100El Tala &#8211; La Calendaria Edificio SedeEdificio Municipal https:\/\/isfd6014-sal.infd.edu.ar\/ N\u00ba de CUE660025800 Posee Extensi\u00f3n \u00c1ulica 1) Ext. \u00c1ulica El Jard\u00edn &#8211; Islas Malvinas s\/n, Esc. N\u00ba4502, El Jard\u00edn, La Candelaria CARRERAS P R O F E S O R A D O S T E C N I &#8230; <a title=\"6014\" class=\"read-more\" href=\"https:\/\/dges-sal.infd.edu.ar\/sitio\/6014-2\/\" aria-label=\"More on 6014\">[+]<\/a><\/p>\n","protected":false},"author":9605,"featured_media":0,"parent":0,"menu_order":0,"comment_status":"closed","ping_status":"closed","template":"","meta":[],"acf":[],"_links":{"self":[{"href":"https:\/\/dges-sal.infd.edu.ar\/sitio\/wp-json\/wp\/v2\/pages\/10576"}],"collection":[{"href":"https:\/\/dges-sal.infd.edu.ar\/sitio\/wp-json\/wp\/v2\/pages"}],"about":[{"href":"https:\/\/dges-sal.infd.edu.ar\/sitio\/wp-json\/wp\/v2\/types\/page"}],"author":[{"embeddable":true,"href":"https:\/\/dges-sal.infd.edu.ar\/sitio\/wp-json\/wp\/v2\/users\/9605"}],"replies":[{"embeddable":true,"href":"https:\/\/dges-sal.infd.edu.ar\/sitio\/wp-json\/wp\/v2\/comments?post=10576"}],"version-history":[{"count":13,"href":"https:\/\/dges-sal.infd.edu.ar\/sitio\/wp-json\/wp\/v2\/pages\/10576\/revisions"}],"predecessor-version":[{"id":16801,"href":"https:\/\/dges-sal.infd.edu.ar\/sitio\/wp-json\/wp\/v2\/pages\/10576\/revisions\/16801"}],"wp:attachment":[{"href":"https:\/\/dges-sal.infd.edu.ar\/sitio\/wp-json\/wp\/v2\/media?parent=10576"}],"curies":[{"name":"wp","href":"https:\/\/api.w.org\/{rel}","templated":true}]}}