{"id":10570,"date":"2023-06-13T10:22:34","date_gmt":"2023-06-13T13:22:34","guid":{"rendered":"https:\/\/dges-sal.infd.edu.ar\/sitio\/?page_id=10570"},"modified":"2025-12-01T11:30:11","modified_gmt":"2025-12-01T14:30:11","slug":"6012-2","status":"publish","type":"page","link":"https:\/\/dges-sal.infd.edu.ar\/sitio\/6012-2\/","title":{"rendered":"6012"},"content":{"rendered":"\n<div class=\"wp-block-cover alignwide is-light\" style=\"min-height:241px\"><span aria-hidden=\"true\" class=\"wp-block-cover__background has-background-dim-0 has-background-dim\"><\/span><img decoding=\"async\" loading=\"lazy\" width=\"3022\" height=\"696\" class=\"wp-block-cover__image-background wp-image-10552\" alt=\"\" src=\"https:\/\/dges-sal.infd.edu.ar\/sitio\/wp-content\/uploads\/2023\/06\/Recurso-175.png\" data-object-fit=\"cover\" srcset=\"https:\/\/dges-sal.infd.edu.ar\/sitio\/wp-content\/uploads\/2023\/06\/Recurso-175.png 3022w, https:\/\/dges-sal.infd.edu.ar\/sitio\/wp-content\/uploads\/2023\/06\/Recurso-175-1000x230.png 1000w, https:\/\/dges-sal.infd.edu.ar\/sitio\/wp-content\/uploads\/2023\/06\/Recurso-175-1900x438.png 1900w, https:\/\/dges-sal.infd.edu.ar\/sitio\/wp-content\/uploads\/2023\/06\/Recurso-175-768x177.png 768w, https:\/\/dges-sal.infd.edu.ar\/sitio\/wp-content\/uploads\/2023\/06\/Recurso-175-1536x354.png 1536w, https:\/\/dges-sal.infd.edu.ar\/sitio\/wp-content\/uploads\/2023\/06\/Recurso-175-2048x472.png 2048w\" sizes=\"(max-width: 3022px) 100vw, 3022px\" \/><div class=\"wp-block-cover__inner-container\">\n<p class=\"has-text-align-center has-x-large-font-size\" style=\"font-style:normal;font-weight:900\">6012<\/p>\n<\/div><\/div>\n\n\n\n<h3 class=\"wp-block-heading\">Instituto Superior de Formaci\u00f3n Docente Rural&nbsp;<\/h3>\n\n\n\n<figure class=\"wp-block-table is-style-stripes\"><table><tbody><tr><td class=\"has-text-align-center\" data-align=\"center\"><img decoding=\"async\" loading=\"lazy\" width=\"100\" height=\"100\" class=\"wp-image-9085\" style=\"width: 60px;\" src=\"https:\/\/dges-sal.infd.edu.ar\/sitio\/wp-content\/uploads\/2023\/03\/Diseno-sin-titulo-1.gif\" alt=\"\"><\/td><td>Pellegrini 295<br>El Carril &#8211; Chicoana<\/td><td><strong>Edificio Sede<\/strong><br>Comparte Edificio con EET N\u00ba3116<\/td><\/tr><tr><td class=\"has-text-align-center\" data-align=\"center\"><img decoding=\"async\" loading=\"lazy\" width=\"200\" height=\"200\" class=\"wp-image-10710\" style=\"width: 60px;\" src=\"https:\/\/dges-sal.infd.edu.ar\/sitio\/wp-content\/uploads\/2023\/06\/Diseno-sin-titulo-13.png\" alt=\"\"><\/td><td><a rel=\"noreferrer noopener\" href=\"https:\/\/isfdrec-sal.infd.edu.ar\/\" target=\"_blank\">https:\/\/isfdrec-sal.infd.edu.ar\/<\/a><\/td><td>N\u00ba de CUE<br><strong>660044100<\/strong><\/td><\/tr><tr><td class=\"has-text-align-center\" data-align=\"center\"><img decoding=\"async\" loading=\"lazy\" width=\"200\" height=\"200\" class=\"wp-image-10860\" style=\"width: 60px;\" src=\"https:\/\/dges-sal.infd.edu.ar\/sitio\/wp-content\/uploads\/2023\/06\/unnamed-file.png\" alt=\"\"><\/td><td>Posee Extensi\u00f3n \u00c1ulica<\/td><td><strong>Ext. \u00c1ulica Chicoana<\/strong> &#8211; Pje. Fernando Ramos s\/n, Esc. N\u00ba5010,  Chicoana<\/td><\/tr><\/tbody><\/table><\/figure>\n\n\n\n<hr class=\"wp-block-separator has-alpha-channel-opacity\"\/>\n\n\n\n<h2 class=\"wp-block-heading has-text-align-center\">CARRERAS<\/h2>\n\n\n\n<figure class=\"wp-block-table is-style-stripes\"><table><tbody><tr><td class=\"has-text-align-center\" data-align=\"center\"><strong>P R O F E S O R A D O S<\/strong><\/td><td><\/td><td class=\"has-text-align-center\" data-align=\"center\"><strong>T E C N I C A T U R A S<\/strong><\/td><\/tr><tr><td class=\"has-text-align-center\" data-align=\"center\"><strong><a href=\"https:\/\/dges-sal.infd.edu.ar\/sitio\/profesorados\/upload\/Res-10550-15_PEI.pdf\">Profesorado en Educaci\u00f3n Inicial<\/a><\/strong><\/td><td><\/td><td class=\"has-text-align-center\" data-align=\"center\"><strong><a href=\"https:\/\/dges-sal.infd.edu.ar\/sitio\/wp-content\/uploads\/2024\/09\/RESOLUCION-SPEYDPD-N%C2%B0-59-24-TECNICTURA-SUPERIOR-EN-GASTRONOMIA.pdf\">Tecnicatura Superior en Gastronom\u00eda<\/a><\/strong><\/td><\/tr><tr><td class=\"has-text-align-center\" data-align=\"center\"><strong><a href=\"https:\/\/dges-sal.infd.edu.ar\/sitio\/profesorados\/upload\/Res._3126-14_Prof._de_Educ._Secundaria_en_Lengua_y_Literatura.pdf\">Profesorado de Educaci\u00f3n Secundaria en Lengua y Literatura<\/a><\/strong><\/td><td><\/td><td class=\"has-text-align-center\" data-align=\"center\"><strong><a href=\"https:\/\/dges-sal.infd.edu.ar\/sitio\/wp-content\/uploads\/2024\/12\/RESOLUCION-SPE-Y-DPD-N%C2%B0-91-24-TECNICATURA-SUPERIOR-EN-TURISMO.pdf\">Tecnicatura Superior en Turismo<\/a><\/strong><\/td><\/tr><tr><td class=\"has-text-align-center\" data-align=\"center\"><strong><a href=\"https:\/\/dges-sal.infd.edu.ar\/aula\/archivos\/repositorio\/\/1500\/1667\/pROF_EDUCACION_ESPECIAL_C_ORIENT._DISCAPACIDAD_ESPECIAL_Res._4273-19_PEECODI.pdf\">Profesorado de Educaci\u00f3n Especial con Orientaci\u00f3n en Discapacidad Intelectual<\/a><\/strong><\/td><td><\/td><td class=\"has-text-align-center\" data-align=\"center\"><\/td><\/tr><\/tbody><\/table><\/figure>\n\n\n\n<hr class=\"wp-block-separator has-alpha-channel-opacity\"\/>\n\n\n\n<iframe src=\"https:\/\/www.google.com\/maps\/embed?pb=!1m18!1m12!1m3!1d903.4319344277566!2d-65.49132313068388!3d-25.077215498611764!2m3!1f0!2f0!3f0!3m2!1i1024!2i768!4f13.1!3m3!1m2!1s0x94195fcdb5399e41%3A0x8ddb21fe2732d5ba!2sEscuela%20De%20Educaci%C3%B3n%20Tecnica%203116!5e0!3m2!1ses!2sar!4v1686924837594!5m2!1ses!2sar\" width=\"1000\" height=\"450\" style=\"border:0;\" allowfullscreen=\"\" loading=\"lazy\" referrerpolicy=\"no-referrer-when-downgrade\"><\/iframe>\n","protected":false},"excerpt":{"rendered":"<p>Instituto Superior de Formaci\u00f3n Docente Rural&nbsp; Pellegrini 295El Carril &#8211; Chicoana Edificio SedeComparte Edificio con EET N\u00ba3116 https:\/\/isfdrec-sal.infd.edu.ar\/ N\u00ba de CUE660044100 Posee Extensi\u00f3n \u00c1ulica Ext. \u00c1ulica Chicoana &#8211; Pje. Fernando Ramos s\/n, Esc. N\u00ba5010, Chicoana CARRERAS P R O F E S O R A D O S T E C N I C A &#8230; <a title=\"6012\" class=\"read-more\" href=\"https:\/\/dges-sal.infd.edu.ar\/sitio\/6012-2\/\" aria-label=\"More on 6012\">[+]<\/a><\/p>\n","protected":false},"author":9605,"featured_media":0,"parent":0,"menu_order":0,"comment_status":"closed","ping_status":"closed","template":"","meta":[],"acf":[],"_links":{"self":[{"href":"https:\/\/dges-sal.infd.edu.ar\/sitio\/wp-json\/wp\/v2\/pages\/10570"}],"collection":[{"href":"https:\/\/dges-sal.infd.edu.ar\/sitio\/wp-json\/wp\/v2\/pages"}],"about":[{"href":"https:\/\/dges-sal.infd.edu.ar\/sitio\/wp-json\/wp\/v2\/types\/page"}],"author":[{"embeddable":true,"href":"https:\/\/dges-sal.infd.edu.ar\/sitio\/wp-json\/wp\/v2\/users\/9605"}],"replies":[{"embeddable":true,"href":"https:\/\/dges-sal.infd.edu.ar\/sitio\/wp-json\/wp\/v2\/comments?post=10570"}],"version-history":[{"count":10,"href":"https:\/\/dges-sal.infd.edu.ar\/sitio\/wp-json\/wp\/v2\/pages\/10570\/revisions"}],"predecessor-version":[{"id":16800,"href":"https:\/\/dges-sal.infd.edu.ar\/sitio\/wp-json\/wp\/v2\/pages\/10570\/revisions\/16800"}],"wp:attachment":[{"href":"https:\/\/dges-sal.infd.edu.ar\/sitio\/wp-json\/wp\/v2\/media?parent=10570"}],"curies":[{"name":"wp","href":"https:\/\/api.w.org\/{rel}","templated":true}]}}