{"id":10567,"date":"2023-06-13T10:21:08","date_gmt":"2023-06-13T13:21:08","guid":{"rendered":"https:\/\/dges-sal.infd.edu.ar\/sitio\/?page_id=10567"},"modified":"2026-02-09T16:12:15","modified_gmt":"2026-02-09T19:12:15","slug":"6011-2","status":"publish","type":"page","link":"https:\/\/dges-sal.infd.edu.ar\/sitio\/6011-2\/","title":{"rendered":"6011"},"content":{"rendered":"\n<div class=\"wp-block-cover alignwide is-light\" style=\"min-height:241px\"><span aria-hidden=\"true\" class=\"wp-block-cover__background has-background-dim-0 has-background-dim\"><\/span><img decoding=\"async\" loading=\"lazy\" width=\"3022\" height=\"696\" class=\"wp-block-cover__image-background wp-image-10552\" alt=\"\" src=\"https:\/\/dges-sal.infd.edu.ar\/sitio\/wp-content\/uploads\/2023\/06\/Recurso-175.png\" data-object-fit=\"cover\" srcset=\"https:\/\/dges-sal.infd.edu.ar\/sitio\/wp-content\/uploads\/2023\/06\/Recurso-175.png 3022w, https:\/\/dges-sal.infd.edu.ar\/sitio\/wp-content\/uploads\/2023\/06\/Recurso-175-1000x230.png 1000w, https:\/\/dges-sal.infd.edu.ar\/sitio\/wp-content\/uploads\/2023\/06\/Recurso-175-1900x438.png 1900w, https:\/\/dges-sal.infd.edu.ar\/sitio\/wp-content\/uploads\/2023\/06\/Recurso-175-768x177.png 768w, https:\/\/dges-sal.infd.edu.ar\/sitio\/wp-content\/uploads\/2023\/06\/Recurso-175-1536x354.png 1536w, https:\/\/dges-sal.infd.edu.ar\/sitio\/wp-content\/uploads\/2023\/06\/Recurso-175-2048x472.png 2048w\" sizes=\"(max-width: 3022px) 100vw, 3022px\" \/><div class=\"wp-block-cover__inner-container\">\n<p class=\"has-text-align-center has-x-large-font-size\" style=\"font-style:normal;font-weight:900\">6011<\/p>\n<\/div><\/div>\n\n\n\n<h3 class=\"wp-block-heading\">Profesorado para la Ense\u00f1anza Primaria con Orientaci\u00f3n Regional<\/h3>\n\n\n\n<figure class=\"wp-block-table is-style-stripes\"><table><tbody><tr><td class=\"has-text-align-center\" data-align=\"center\"><img decoding=\"async\" loading=\"lazy\" width=\"100\" height=\"100\" class=\"wp-image-9085\" style=\"width: 60px;\" src=\"https:\/\/dges-sal.infd.edu.ar\/sitio\/wp-content\/uploads\/2023\/03\/Diseno-sin-titulo-1.gif\" alt=\"\"><\/td><td>Avda. Gral. G\u00fcemes S\/N\u00ba esq.&nbsp; 25 de Mayo<br>Cnel. Juan Sol\u00e1 (Morillo) &#8211; Rivadavia<\/td><td><strong>Edificio Sede<\/strong><br>Comparte Edificio con Esc. N\u00ba4745<\/td><\/tr><tr><td class=\"has-text-align-center\" data-align=\"center\"><img decoding=\"async\" loading=\"lazy\" width=\"200\" height=\"200\" class=\"wp-image-10710\" style=\"width: 60px;\" src=\"https:\/\/dges-sal.infd.edu.ar\/sitio\/wp-content\/uploads\/2023\/06\/Diseno-sin-titulo-13.png\" alt=\"\"><\/td><td><a rel=\"noreferrer noopener\" href=\"https:\/\/isfd6011-sal.infd.edu.ar\/\" target=\"_blank\">https:\/\/isfd6011-sal.infd.edu.ar\/<\/a><\/td><td>N\u00ba de CUE<br><strong>660068500<\/strong><\/td><\/tr><tr><td class=\"has-text-align-center\" data-align=\"center\"><img decoding=\"async\" loading=\"lazy\" width=\"200\" height=\"200\" class=\"wp-image-10860\" style=\"width: 60px;\" src=\"https:\/\/dges-sal.infd.edu.ar\/sitio\/wp-content\/uploads\/2023\/06\/unnamed-file.png\" alt=\"\"><\/td><td>Posee Extensi\u00f3n \u00c1ulica<\/td><td><strong>Ext. \u00c1ulica Dragones<\/strong> &#8211; Dragones, San Mart\u00edn<\/td><\/tr><\/tbody><\/table><\/figure>\n\n\n\n<hr class=\"wp-block-separator has-alpha-channel-opacity\"\/>\n\n\n\n<h2 class=\"wp-block-heading has-text-align-center\">CARRERAS<\/h2>\n\n\n\n<figure class=\"wp-block-table is-style-stripes\"><table><tbody><tr><td class=\"has-text-align-center\" data-align=\"center\"><strong>P R O F E S O R A D O S<\/strong><\/td><td><\/td><td class=\"has-text-align-center\" data-align=\"center\"><strong>T E C N I C A T U R A S<\/strong><\/td><\/tr><tr><td class=\"has-text-align-center\" data-align=\"center\"><strong><a href=\"https:\/\/drive.google.com\/file\/d\/18xKeYk389N9u_0MlHvnlEYF9r40xcNxU\/view?usp=sharing\">Profesorado de Educaci\u00f3n Primaria con Orientaci\u00f3n en Educaci\u00f3n Intercultural Biling\u00fce<\/a><\/strong><br>(extensi\u00f3n \u00e1ulica: localidad: DRAGONES)<\/td><td><\/td><td class=\"has-text-align-center\" data-align=\"center\"><strong><a href=\"https:\/\/1drv.ms\/b\/s!Am6yXf_zD9cvjJxHvw8SZsLPUD-lUA?e=6Fnc5g\">Tecnicatura Superior en Gesti\u00f3n de Sistemas Agroganaderos<\/a><\/strong><\/td><\/tr><tr><td class=\"has-text-align-center\" data-align=\"center\"><strong><a href=\"https:\/\/dges-sal.infd.edu.ar\/sitio\/profesorados\/upload\/Res._3126-14_Prof._de_Educ._Secundaria_en_Lengua_y_Literatura.pdf\">Profesorado de Educaci\u00f3n Secundaria en Lengua y Literatura<\/a><\/strong><\/td><td><\/td><td class=\"has-text-align-center\" data-align=\"center\"><\/td><\/tr><tr><td class=\"has-text-align-center\" data-align=\"center\"><strong><a href=\"https:\/\/dges-sal.infd.edu.ar\/sitio\/profesorados\/upload\/Profesorado_de_Danza.pdf\">Profesorado de Danza con Orientaci\u00f3n en Danzas Folkl\u00f3ricas<\/a><\/strong><\/td><td><\/td><td class=\"has-text-align-center\" data-align=\"center\"><\/td><\/tr><\/tbody><\/table><\/figure>\n\n\n\n<hr class=\"wp-block-separator has-alpha-channel-opacity\"\/>\n\n\n\n<iframe src=\"https:\/\/www.google.com\/maps\/embed?pb=!1m18!1m12!1m3!1d914.955882152884!2d-62.8866986306714!3d-23.466829198679058!2m3!1f0!2f0!3f0!3m2!1i1024!2i768!4f13.1!3m3!1m2!1s0x9411f4f74f7cf3bb%3A0x636f863d91475036!2sEscuela%20Sagrado%20Coraz%C3%B3n%20de%20Jes%C3%BAs%20N%C2%B04745!5e0!3m2!1ses!2sar!4v1686925139233!5m2!1ses!2sar\" width=\"1000\" height=\"450\" style=\"border:0;\" allowfullscreen=\"\" loading=\"lazy\" referrerpolicy=\"no-referrer-when-downgrade\"><\/iframe>\n","protected":false},"excerpt":{"rendered":"<p>Profesorado para la Ense\u00f1anza Primaria con Orientaci\u00f3n Regional Avda. Gral. G\u00fcemes S\/N\u00ba esq.&nbsp; 25 de MayoCnel. Juan Sol\u00e1 (Morillo) &#8211; Rivadavia Edificio SedeComparte Edificio con Esc. N\u00ba4745 https:\/\/isfd6011-sal.infd.edu.ar\/ N\u00ba de CUE660068500 Posee Extensi\u00f3n \u00c1ulica Ext. \u00c1ulica Dragones &#8211; Dragones, San Mart\u00edn CARRERAS P R O F E S O R A D O S T &#8230; <a title=\"6011\" class=\"read-more\" href=\"https:\/\/dges-sal.infd.edu.ar\/sitio\/6011-2\/\" aria-label=\"More on 6011\">[+]<\/a><\/p>\n","protected":false},"author":9605,"featured_media":0,"parent":0,"menu_order":0,"comment_status":"closed","ping_status":"closed","template":"","meta":[],"acf":[],"_links":{"self":[{"href":"https:\/\/dges-sal.infd.edu.ar\/sitio\/wp-json\/wp\/v2\/pages\/10567"}],"collection":[{"href":"https:\/\/dges-sal.infd.edu.ar\/sitio\/wp-json\/wp\/v2\/pages"}],"about":[{"href":"https:\/\/dges-sal.infd.edu.ar\/sitio\/wp-json\/wp\/v2\/types\/page"}],"author":[{"embeddable":true,"href":"https:\/\/dges-sal.infd.edu.ar\/sitio\/wp-json\/wp\/v2\/users\/9605"}],"replies":[{"embeddable":true,"href":"https:\/\/dges-sal.infd.edu.ar\/sitio\/wp-json\/wp\/v2\/comments?post=10567"}],"version-history":[{"count":12,"href":"https:\/\/dges-sal.infd.edu.ar\/sitio\/wp-json\/wp\/v2\/pages\/10567\/revisions"}],"predecessor-version":[{"id":16692,"href":"https:\/\/dges-sal.infd.edu.ar\/sitio\/wp-json\/wp\/v2\/pages\/10567\/revisions\/16692"}],"wp:attachment":[{"href":"https:\/\/dges-sal.infd.edu.ar\/sitio\/wp-json\/wp\/v2\/media?parent=10567"}],"curies":[{"name":"wp","href":"https:\/\/api.w.org\/{rel}","templated":true}]}}