{"id":10453,"date":"2023-06-09T12:34:40","date_gmt":"2023-06-09T15:34:40","guid":{"rendered":"https:\/\/dges-sal.infd.edu.ar\/sitio\/?page_id=10453"},"modified":"2024-08-21T11:33:50","modified_gmt":"2024-08-21T14:33:50","slug":"6003-2","status":"publish","type":"page","link":"https:\/\/dges-sal.infd.edu.ar\/sitio\/6003-2\/","title":{"rendered":"6003"},"content":{"rendered":"\n<div class=\"wp-block-cover alignwide is-light\" style=\"min-height:241px\"><span aria-hidden=\"true\" class=\"wp-block-cover__background has-background-dim-0 has-background-dim\"><\/span><img decoding=\"async\" loading=\"lazy\" width=\"3022\" height=\"696\" class=\"wp-block-cover__image-background wp-image-10552\" alt=\"\" src=\"https:\/\/dges-sal.infd.edu.ar\/sitio\/wp-content\/uploads\/2023\/06\/Recurso-175.png\" data-object-fit=\"cover\" srcset=\"https:\/\/dges-sal.infd.edu.ar\/sitio\/wp-content\/uploads\/2023\/06\/Recurso-175.png 3022w, https:\/\/dges-sal.infd.edu.ar\/sitio\/wp-content\/uploads\/2023\/06\/Recurso-175-1000x230.png 1000w, https:\/\/dges-sal.infd.edu.ar\/sitio\/wp-content\/uploads\/2023\/06\/Recurso-175-1900x438.png 1900w, https:\/\/dges-sal.infd.edu.ar\/sitio\/wp-content\/uploads\/2023\/06\/Recurso-175-768x177.png 768w, https:\/\/dges-sal.infd.edu.ar\/sitio\/wp-content\/uploads\/2023\/06\/Recurso-175-1536x354.png 1536w, https:\/\/dges-sal.infd.edu.ar\/sitio\/wp-content\/uploads\/2023\/06\/Recurso-175-2048x472.png 2048w\" sizes=\"(max-width: 3022px) 100vw, 3022px\" \/><div class=\"wp-block-cover__inner-container\">\n<p class=\"has-text-align-center has-x-large-font-size\" style=\"font-style:normal;font-weight:900\">6003<\/p>\n<\/div><\/div>\n\n\n\n<h4 class=\"wp-block-heading\">Escuela Superior de M\u00fasica de la Provincia \u00abJos\u00e9 Lo Giudice\u00bb<\/h4>\n\n\n\n<figure class=\"wp-block-table is-style-stripes\"><table><tbody><tr><td class=\"has-text-align-center\" data-align=\"center\"><img decoding=\"async\" loading=\"lazy\" width=\"100\" height=\"100\" class=\"wp-image-9085\" style=\"width: 60px;\" src=\"https:\/\/dges-sal.infd.edu.ar\/sitio\/wp-content\/uploads\/2023\/03\/Diseno-sin-titulo-1.gif\" alt=\"\"><\/td><td>Avda.Lucrecia Barquet esq. Avila S\/N\u00b0 B\u00b0 El Huaico<br>Salta Capital<\/td><td><strong>Edificio Sede<\/strong><\/td><\/tr><tr><td class=\"has-text-align-center\" data-align=\"center\"><img decoding=\"async\" loading=\"lazy\" width=\"200\" height=\"200\" class=\"wp-image-10710\" style=\"width: 60px;\" src=\"https:\/\/dges-sal.infd.edu.ar\/sitio\/wp-content\/uploads\/2023\/06\/Diseno-sin-titulo-13.png\" alt=\"\"><\/td><td><a href=\"https:\/\/esm-sal.infd.edu.ar\/sitio\/\">https:\/\/esm-sal.infd.edu.ar\/sitio\/<\/a><\/td><td>N\u00ba de CUE<br><strong>660051700<\/strong><\/td><\/tr><\/tbody><\/table><\/figure>\n\n\n\n<hr class=\"wp-block-separator has-alpha-channel-opacity\"\/>\n\n\n\n<h3 class=\"wp-block-heading has-text-align-center\">CARRERAS<\/h3>\n\n\n\n<figure class=\"wp-block-table is-style-stripes\"><table><tbody><tr><td class=\"has-text-align-center\" data-align=\"center\"><strong>P R O F E S O R A D O S<\/strong><\/td><\/tr><tr><td class=\"has-text-align-center\" data-align=\"center\"><strong><a href=\"https:\/\/dges-sal.infd.edu.ar\/sitio\/profesorados\/upload\/Res.1178-16_Prof_Superior_en_Musica_c-o_en_Educ_Musical.pdf\">Profesorado Superior de M\u00fasica con Orientaci\u00f3n en Educaci\u00f3n Musical<\/a><\/strong><\/td><\/tr><tr><td class=\"has-text-align-center\" data-align=\"center\"><strong><a href=\"https:\/\/dges-sal.infd.edu.ar\/sitio\/profesorados\/upload\/Res.1247-16_Prof_Superior_en_Musica_c-o_en_Instrumento.pdf\">Profesorado Superior de M\u00fasica con Orientaci\u00f3n en Instrumento<\/a><\/strong><\/td><\/tr><\/tbody><\/table><\/figure>\n\n\n\n<hr class=\"wp-block-separator has-alpha-channel-opacity\"\/>\n\n\n\n<iframe src=\"https:\/\/www.google.com\/maps\/embed?pb=!1m18!1m12!1m3!1d807.1881359538427!2d-65.42070884646562!3d-24.721653046252246!2m3!1f0!2f0!3f0!3m2!1i1024!2i768!4f13.1!3m3!1m2!1s0x941bc105cafdf3e1%3A0x43b937d17f7ad084!2sEscuela%20Superior%20de%20M%C3%BAsica%20N%C2%BA%206003%20-%20Salta!5e0!3m2!1ses!2sar!4v1686833096035!5m2!1ses!2sar\" width=\"1000\" height=\"450\" style=\"border:0;\" allowfullscreen=\"\" loading=\"lazy\" referrerpolicy=\"no-referrer-when-downgrade\"><\/iframe>\n","protected":false},"excerpt":{"rendered":"<p>Escuela Superior de M\u00fasica de la Provincia \u00abJos\u00e9 Lo Giudice\u00bb Avda.Lucrecia Barquet esq. Avila S\/N\u00b0 B\u00b0 El HuaicoSalta Capital Edificio Sede https:\/\/esm-sal.infd.edu.ar\/sitio\/ N\u00ba de CUE660051700 CARRERAS P R O F E S O R A D O S Profesorado Superior de M\u00fasica con Orientaci\u00f3n en Educaci\u00f3n Musical Profesorado Superior de M\u00fasica con Orientaci\u00f3n en Instrumento<\/p>\n","protected":false},"author":9605,"featured_media":0,"parent":0,"menu_order":0,"comment_status":"closed","ping_status":"closed","template":"","meta":[],"acf":[],"_links":{"self":[{"href":"https:\/\/dges-sal.infd.edu.ar\/sitio\/wp-json\/wp\/v2\/pages\/10453"}],"collection":[{"href":"https:\/\/dges-sal.infd.edu.ar\/sitio\/wp-json\/wp\/v2\/pages"}],"about":[{"href":"https:\/\/dges-sal.infd.edu.ar\/sitio\/wp-json\/wp\/v2\/types\/page"}],"author":[{"embeddable":true,"href":"https:\/\/dges-sal.infd.edu.ar\/sitio\/wp-json\/wp\/v2\/users\/9605"}],"replies":[{"embeddable":true,"href":"https:\/\/dges-sal.infd.edu.ar\/sitio\/wp-json\/wp\/v2\/comments?post=10453"}],"version-history":[{"count":11,"href":"https:\/\/dges-sal.infd.edu.ar\/sitio\/wp-json\/wp\/v2\/pages\/10453\/revisions"}],"predecessor-version":[{"id":14062,"href":"https:\/\/dges-sal.infd.edu.ar\/sitio\/wp-json\/wp\/v2\/pages\/10453\/revisions\/14062"}],"wp:attachment":[{"href":"https:\/\/dges-sal.infd.edu.ar\/sitio\/wp-json\/wp\/v2\/media?parent=10453"}],"curies":[{"name":"wp","href":"https:\/\/api.w.org\/{rel}","templated":true}]}}