{"id":10088,"date":"2023-05-16T21:32:13","date_gmt":"2023-05-17T00:32:13","guid":{"rendered":"https:\/\/dges-sal.infd.edu.ar\/sitio\/?page_id=10088"},"modified":"2023-05-16T22:40:09","modified_gmt":"2023-05-17T01:40:09","slug":"canal","status":"publish","type":"page","link":"https:\/\/dges-sal.infd.edu.ar\/sitio\/canal\/","title":{"rendered":"Canal"},"content":{"rendered":"\n<div class=\"wp-duotone-unset-1 wp-block-cover alignfull is-light has-parallax has-small-font-size\" style=\"min-height:218px\"><span aria-hidden=\"true\" class=\"wp-block-cover__background has-background-dim-0 has-background-dim\"><\/span><div role=\"img\" class=\"wp-block-cover__image-background wp-image-8955 has-parallax\" style=\"background-position:50% 50%;background-image:url(https:\/\/dges-sal.infd.edu.ar\/sitio\/wp-content\/uploads\/2023\/03\/Recurso-24-2.png)\"><\/div><div class=\"wp-block-cover__inner-container\">\n<h1 class=\"has-text-align-center wp-block-heading has-contrast-color has-text-color has-small-font-size\" style=\"font-style:normal;font-weight:100\">         <img decoding=\"async\" loading=\"lazy\" width=\"565\" height=\"315\" class=\"wp-image-8971\" style=\"width: 300px;\" src=\"https:\/\/dges-sal.infd.edu.ar\/sitio\/wp-content\/uploads\/2023\/03\/Recurso-28.png\" alt=\"\"><\/h1>\n<\/div><\/div>\n\n\n\n<hr class=\"wp-block-separator aligncenter has-text-color has-contrast-2-color has-alpha-channel-opacity has-contrast-2-background-color has-background is-style-default\"\/>\n\n\n\n<h1 class=\"alignwide has-text-align-center has-medium-font-size wp-block-heading\" style=\"letter-spacing:20px;text-transform:uppercase\">Canal Audiovisual<\/h1>\n\n\n\n<div style=\"height:57px\" aria-hidden=\"true\" class=\"wp-block-spacer\"><\/div>\n\n\n<h5><strong>En Di\u00e1logo con Investigadores <\/strong><\/h5>\n<p style=\"text-align: justify;\">Es una secci\u00f3n de micros que le da la palabra a referentes de la investigaci\u00f3n en Salta y a invitados especiales con la intenci\u00f3n de difundir la importancia de la investigaci\u00f3n en el \u00e1mbito educativo y local.<\/p>\n\n\n<figure class=\"wp-block-embed alignwide is-type-video is-provider-youtube wp-block-embed-youtube wp-embed-aspect-16-9 wp-has-aspect-ratio\"><div class=\"wp-block-embed__wrapper\">\n<iframe loading=\"lazy\" title=\"Desaf\u00edos en la Educaci\u00f3n Intercultural Biling\u00fce - Claudia Battestin\" width=\"1200\" height=\"675\" src=\"https:\/\/www.youtube.com\/embed\/hDyuEBxuA3U?feature=oembed\" frameborder=\"0\" allow=\"accelerometer; autoplay; clipboard-write; encrypted-media; gyroscope; picture-in-picture; web-share\" allowfullscreen><\/iframe>\n<\/div><figcaption class=\"wp-element-caption\"><mark style=\"background-color:rgba(0, 0, 0, 0)\" class=\"has-inline-color has-contrast-3-color\">Cap\u00edtulo 3 &#8211; Entrevista a Claudia Battestin: desaf\u00edos en la Educaci\u00f3n Intercultural Biling\u00fce<\/mark><\/figcaption><\/figure>\n\n\n\n<figure class=\"wp-block-embed alignwide is-type-video is-provider-youtube wp-block-embed-youtube wp-embed-aspect-16-9 wp-has-aspect-ratio\"><div class=\"wp-block-embed__wrapper\">\n<iframe loading=\"lazy\" title=\"Investigaci\u00f3n: La divulgaci\u00f3n y socializaci\u00f3n del conocimiento - Entrevista Alicia Dib\" width=\"1200\" height=\"675\" src=\"https:\/\/www.youtube.com\/embed\/JWZaYR3fBUM?feature=oembed\" frameborder=\"0\" allow=\"accelerometer; autoplay; clipboard-write; encrypted-media; gyroscope; picture-in-picture; web-share\" allowfullscreen><\/iframe>\n<\/div><figcaption class=\"wp-element-caption\"><mark style=\"background-color:rgba(0, 0, 0, 0)\" class=\"has-inline-color has-contrast-3-color\">Cap\u00edtulo 2 &#8211; Entrevista a Alicia Div: la divulgaci\u00f3n y socializaci\u00f3n del conocimiento<\/mark><\/figcaption><\/figure>\n\n\n\n<figure class=\"wp-block-embed alignwide is-type-video is-provider-youtube wp-block-embed-youtube wp-embed-aspect-16-9 wp-has-aspect-ratio\"><div class=\"wp-block-embed__wrapper\">\n<iframe loading=\"lazy\" title=\"Relaci\u00f3n entre la investigaci\u00f3n y la formaci\u00f3n docente - Entrevista Alicia Dib\" width=\"1200\" height=\"675\" src=\"https:\/\/www.youtube.com\/embed\/TC3N0uTmWo0?feature=oembed\" frameborder=\"0\" allow=\"accelerometer; autoplay; clipboard-write; encrypted-media; gyroscope; picture-in-picture; web-share\" allowfullscreen><\/iframe>\n<\/div><figcaption class=\"wp-element-caption\"><mark style=\"background-color:rgba(0, 0, 0, 0)\" class=\"has-inline-color has-contrast-3-color\">Cap\u00edtulo 1 &#8211; Entrevista a Alicia Div: relaci\u00f3n entre la investigaci\u00f3n y la formaci\u00f3n docente<\/mark><\/figcaption><\/figure>\n\n\n\n<hr class=\"wp-block-separator has-text-color has-base-color has-alpha-channel-opacity has-base-background-color has-background\"\/>\n\n\n<h5>La Escuela en Reconexi\u00f3n<\/h5>\n<p style=\"text-align: justify;\">Mediometraje Documental que recoge experiencias de estudiantes, residentes y formadores de formadores sobre los avatares vividos por el repentino viraje de la presencialidad a la virtualidad en el \u00e1mbito educativo producto de la pandemia en el norte de la Provincia de Salta. El documental tambi\u00e9n pone en an\u00e1lisis el impacto de RRAP (Redes de Revinculaci\u00f3n y Acompa\u00f1amiento Pedag\u00f3gico)<br \/>un proyecto que ten\u00eda el objetivo de reconectar a los estudiantes con\u00a0la Escuela.<\/p>\n\n\n<figure class=\"wp-block-embed alignwide is-type-video is-provider-youtube wp-block-embed-youtube wp-embed-aspect-16-9 wp-has-aspect-ratio\"><div class=\"wp-block-embed__wrapper\">\n<iframe loading=\"lazy\" title=\"La Escuela en Reconexi\u00f3n\" width=\"1200\" height=\"675\" src=\"https:\/\/www.youtube.com\/embed\/btlCAkuYvbY?start=456&#038;feature=oembed\" frameborder=\"0\" allow=\"accelerometer; autoplay; clipboard-write; encrypted-media; gyroscope; picture-in-picture; web-share\" allowfullscreen><\/iframe>\n<\/div><\/figure>\n","protected":false},"excerpt":{"rendered":"<p>Canal Audiovisual En Di\u00e1logo con Investigadores Es una secci\u00f3n de micros que le da la palabra a referentes de la investigaci\u00f3n en Salta y a invitados especiales con la intenci\u00f3n de difundir la importancia de la investigaci\u00f3n en el \u00e1mbito educativo y local. La Escuela en Reconexi\u00f3n Mediometraje Documental que recoge experiencias de estudiantes, residentes &#8230; <a title=\"Canal\" class=\"read-more\" href=\"https:\/\/dges-sal.infd.edu.ar\/sitio\/canal\/\" aria-label=\"More on Canal\">[+]<\/a><\/p>\n","protected":false},"author":9605,"featured_media":0,"parent":0,"menu_order":0,"comment_status":"closed","ping_status":"closed","template":"","meta":[],"acf":[],"_links":{"self":[{"href":"https:\/\/dges-sal.infd.edu.ar\/sitio\/wp-json\/wp\/v2\/pages\/10088"}],"collection":[{"href":"https:\/\/dges-sal.infd.edu.ar\/sitio\/wp-json\/wp\/v2\/pages"}],"about":[{"href":"https:\/\/dges-sal.infd.edu.ar\/sitio\/wp-json\/wp\/v2\/types\/page"}],"author":[{"embeddable":true,"href":"https:\/\/dges-sal.infd.edu.ar\/sitio\/wp-json\/wp\/v2\/users\/9605"}],"replies":[{"embeddable":true,"href":"https:\/\/dges-sal.infd.edu.ar\/sitio\/wp-json\/wp\/v2\/comments?post=10088"}],"version-history":[{"count":7,"href":"https:\/\/dges-sal.infd.edu.ar\/sitio\/wp-json\/wp\/v2\/pages\/10088\/revisions"}],"predecessor-version":[{"id":10126,"href":"https:\/\/dges-sal.infd.edu.ar\/sitio\/wp-json\/wp\/v2\/pages\/10088\/revisions\/10126"}],"wp:attachment":[{"href":"https:\/\/dges-sal.infd.edu.ar\/sitio\/wp-json\/wp\/v2\/media?parent=10088"}],"curies":[{"name":"wp","href":"https:\/\/api.w.org\/{rel}","templated":true}]}}