{"id":10057,"date":"2023-05-16T10:58:05","date_gmt":"2023-05-16T13:58:05","guid":{"rendered":"https:\/\/dges-sal.infd.edu.ar\/sitio\/?page_id=10057"},"modified":"2024-01-24T13:03:01","modified_gmt":"2024-01-24T16:03:01","slug":"disenosttc","status":"publish","type":"page","link":"https:\/\/dges-sal.infd.edu.ar\/sitio\/disenosttc\/","title":{"rendered":"Dise\u00f1osTTC"},"content":{"rendered":"\n<div class=\"wp-duotone-unset-1 wp-block-cover alignfull is-light has-parallax has-small-font-size\" style=\"min-height:218px\"><span aria-hidden=\"true\" class=\"wp-block-cover__background has-background-dim-0 has-background-dim\"><\/span><div role=\"img\" class=\"wp-block-cover__image-background wp-image-8955 has-parallax\" style=\"background-position:50% 50%;background-image:url(https:\/\/dges-sal.infd.edu.ar\/sitio\/wp-content\/uploads\/2023\/03\/Recurso-24-2.png)\"><\/div><div class=\"wp-block-cover__inner-container\">\n<h1 class=\"wp-block-heading has-text-align-center has-contrast-color has-text-color has-small-font-size\" style=\"font-style:normal;font-weight:100\">         <img decoding=\"async\" loading=\"lazy\" width=\"565\" height=\"315\" class=\"wp-image-8971\" style=\"width: 300px;\" src=\"https:\/\/dges-sal.infd.edu.ar\/sitio\/wp-content\/uploads\/2023\/03\/Recurso-28.png\" alt=\"\"><\/h1>\n<\/div><\/div>\n\n\n\n<hr class=\"wp-block-separator aligncenter has-text-color has-contrast-2-color has-alpha-channel-opacity has-contrast-2-background-color has-background is-style-default\"\/>\n\n\n\n<h1 class=\"wp-block-heading alignwide has-text-align-center has-medium-font-size\" style=\"letter-spacing:15px;text-transform:uppercase\">Dise\u00f1os Curriculares<\/h1>\n\n\n\n<div style=\"height:75px\" aria-hidden=\"true\" class=\"wp-block-spacer\"><\/div>\n\n\n\n<h2 class=\"wp-block-heading has-background has-medium-font-size\" style=\"background-color:#ffce00;font-style:normal;font-weight:400\">TAP \/ Talleres \/ Cursos<\/h2>\n\n\n\n<figure class=\"wp-block-table is-style-stripes\"><table><thead><tr><th class=\"has-text-align-center\" data-align=\"center\"><strong>N\u00b0 Res.<\/strong><\/th><th class=\"has-text-align-center\" data-align=\"center\"><strong>Carrera<\/strong><\/th><th class=\"has-text-align-center\" data-align=\"center\">Descarga<\/th><\/tr><\/thead><tbody><tr><td class=\"has-text-align-center\" data-align=\"center\"><strong>061\/17<\/strong><br><img decoding=\"async\" loading=\"lazy\" width=\"187\" height=\"38\" class=\"wp-image-9688\" style=\"width: 100px;\" src=\"https:\/\/dges-sal.infd.edu.ar\/sitio\/wp-content\/uploads\/2023\/04\/inst.png\" alt=\"\"><\/td><td class=\"has-text-align-center\" data-align=\"center\">Propuesta Formativa B\u00e1sica Intensiva para J\u00f3venes y Adultos<br>Ciclo de Formaci\u00f3n Proped\u00e9utica<\/td><td class=\"has-text-align-center\" data-align=\"center\"><a href=\"https:\/\/dges-sal.infd.edu.ar\/sitio\/tap-talleres-y-cursos\/upload\/Disp_61-17_form_basica_intensiva_jya-_ciclo_de_form_propedeutic.pdf\" target=\"_blank\" rel=\"noreferrer noopener\"><img decoding=\"async\" style=\"width: 80px;\" src=\"https:\/\/dges-sal.infd.edu.ar\/sitio\/wp-content\/uploads\/2023\/04\/Recurso-104.png\" alt=\"\"><\/a><\/td><\/tr><tr><td class=\"has-text-align-center\" data-align=\"center\"><strong>2243\/02<\/strong><br><img decoding=\"async\" loading=\"lazy\" width=\"187\" height=\"38\" class=\"wp-image-9688\" style=\"width: 100px;\" src=\"https:\/\/dges-sal.infd.edu.ar\/sitio\/wp-content\/uploads\/2023\/04\/inst.png\" alt=\"\"><\/td><td class=\"has-text-align-center\" data-align=\"center\">Taller de Extensi\u00f3n al Medio Modulo Iniciaci\u00f3n Musical<\/td><td class=\"has-text-align-center\" data-align=\"center\"><a href=\"https:\/\/dges-sal.infd.edu.ar\/sitio\/wp-content\/uploads\/2019\/02\/Res-2243-02.pdf\" target=\"_blank\" rel=\"noreferrer noopener\"><img decoding=\"async\" style=\"width: 80px;\" src=\"https:\/\/dges-sal.infd.edu.ar\/sitio\/wp-content\/uploads\/2023\/04\/Recurso-104.png\" alt=\"\"><\/a><\/td><\/tr><tr><td class=\"has-text-align-center\" data-align=\"center\"><strong>2173\/02<\/strong><br><img decoding=\"async\" loading=\"lazy\" width=\"187\" height=\"38\" class=\"wp-image-9688\" style=\"width: 100px;\" src=\"https:\/\/dges-sal.infd.edu.ar\/sitio\/wp-content\/uploads\/2023\/04\/inst.png\" alt=\"\"><\/td><td class=\"has-text-align-center\" data-align=\"center\">TAP (Trayecto Artistico Profesional)<\/td><td class=\"has-text-align-center\" data-align=\"center\"><a href=\"https:\/\/dges-sal.infd.edu.ar\/sitio\/wp-content\/uploads\/2018\/07\/Res._2173_TAP.pdf\" target=\"_blank\" rel=\"noreferrer noopener\"><img decoding=\"async\" style=\"width: 80px;\" src=\"https:\/\/dges-sal.infd.edu.ar\/sitio\/wp-content\/uploads\/2023\/04\/Recurso-104.png\" alt=\"\"><\/a><\/td><\/tr><tr><td class=\"has-text-align-center\" data-align=\"center\"><strong>1733\/00<\/strong><br><strong>Disp. 238<\/strong><br><img decoding=\"async\" loading=\"lazy\" width=\"187\" height=\"38\" class=\"wp-image-9688\" style=\"width: 100px;\" src=\"https:\/\/dges-sal.infd.edu.ar\/sitio\/wp-content\/uploads\/2023\/04\/inst.png\" alt=\"\"><\/td><td class=\"has-text-align-center\" data-align=\"center\">Curso de Lengua Francesa para Jubilados y Pensionados<\/td><td class=\"has-text-align-center\" data-align=\"center\"><a href=\"https:\/\/dges-sal.infd.edu.ar\/sitio\/tap-talleres-y-cursos\/upload\/Res.1733_y_Disp.238.pdf\" target=\"_blank\" rel=\"noreferrer noopener\"><img decoding=\"async\" style=\"width: 80px;\" src=\"https:\/\/dges-sal.infd.edu.ar\/sitio\/wp-content\/uploads\/2023\/04\/Recurso-104.png\" alt=\"\"><\/a><\/td><\/tr><tr><td class=\"has-text-align-center\" data-align=\"center\"><strong>1733\/00<\/strong><br><strong>Disp. 239<\/strong><br><img decoding=\"async\" loading=\"lazy\" width=\"187\" height=\"38\" class=\"wp-image-9688\" style=\"width: 100px;\" src=\"https:\/\/dges-sal.infd.edu.ar\/sitio\/wp-content\/uploads\/2023\/04\/inst.png\" alt=\"\"><\/td><td class=\"has-text-align-center\" data-align=\"center\">Curso de Lengua Francesa para Jubilados y Pensionados<\/td><td class=\"has-text-align-center\" data-align=\"center\"><a href=\"https:\/\/dges-sal.infd.edu.ar\/sitio\/tap-talleres-y-cursos\/upload\/Res.1733_y_Disp.239.pdf\" target=\"_blank\" rel=\"noreferrer noopener\"><img decoding=\"async\" style=\"width: 80px;\" src=\"https:\/\/dges-sal.infd.edu.ar\/sitio\/wp-content\/uploads\/2023\/04\/Recurso-104.png\" alt=\"\"><\/a><\/td><\/tr><\/tbody><\/table><\/figure>\n","protected":false},"excerpt":{"rendered":"<p>Dise\u00f1os Curriculares TAP \/ Talleres \/ Cursos N\u00b0 Res. Carrera Descarga 061\/17 Propuesta Formativa B\u00e1sica Intensiva para J\u00f3venes y AdultosCiclo de Formaci\u00f3n Proped\u00e9utica 2243\/02 Taller de Extensi\u00f3n al Medio Modulo Iniciaci\u00f3n Musical 2173\/02 TAP (Trayecto Artistico Profesional) 1733\/00Disp. 238 Curso de Lengua Francesa para Jubilados y Pensionados 1733\/00Disp. 239 Curso de Lengua Francesa para Jubilados &#8230; <a title=\"Dise\u00f1osTTC\" class=\"read-more\" href=\"https:\/\/dges-sal.infd.edu.ar\/sitio\/disenosttc\/\" aria-label=\"More on Dise\u00f1osTTC\">[+]<\/a><\/p>\n","protected":false},"author":9605,"featured_media":0,"parent":0,"menu_order":0,"comment_status":"closed","ping_status":"closed","template":"","meta":[],"acf":[],"_links":{"self":[{"href":"https:\/\/dges-sal.infd.edu.ar\/sitio\/wp-json\/wp\/v2\/pages\/10057"}],"collection":[{"href":"https:\/\/dges-sal.infd.edu.ar\/sitio\/wp-json\/wp\/v2\/pages"}],"about":[{"href":"https:\/\/dges-sal.infd.edu.ar\/sitio\/wp-json\/wp\/v2\/types\/page"}],"author":[{"embeddable":true,"href":"https:\/\/dges-sal.infd.edu.ar\/sitio\/wp-json\/wp\/v2\/users\/9605"}],"replies":[{"embeddable":true,"href":"https:\/\/dges-sal.infd.edu.ar\/sitio\/wp-json\/wp\/v2\/comments?post=10057"}],"version-history":[{"count":2,"href":"https:\/\/dges-sal.infd.edu.ar\/sitio\/wp-json\/wp\/v2\/pages\/10057\/revisions"}],"predecessor-version":[{"id":12706,"href":"https:\/\/dges-sal.infd.edu.ar\/sitio\/wp-json\/wp\/v2\/pages\/10057\/revisions\/12706"}],"wp:attachment":[{"href":"https:\/\/dges-sal.infd.edu.ar\/sitio\/wp-json\/wp\/v2\/media?parent=10057"}],"curies":[{"name":"wp","href":"https:\/\/api.w.org\/{rel}","templated":true}]}}